{"id":153,"date":"2023-04-19T11:33:23","date_gmt":"2023-04-19T11:33:23","guid":{"rendered":"http:\/\/bellica3g.com\/?page_id=153"},"modified":"2025-05-14T17:21:52","modified_gmt":"2025-05-14T17:21:52","slug":"la-era-de-los-mosquetes","status":"publish","type":"page","link":"https:\/\/bellica3g.com\/es\/apoyo-al-jugador\/la-era-de-los-mosquetes\/","title":{"rendered":"La Era de los Mosquetes"},"content":{"rendered":"\n<section class=\"wp-block-group\"><div class=\"wp-block-group__inner-container is-layout-constrained wp-block-group-is-layout-constrained\">\n<div class=\"wp-block-columns container is-layout-flex wp-container-core-columns-is-layout-9d6595d7 wp-block-columns-is-layout-flex\">\n<div class=\"wp-block-column is-layout-flow wp-block-column-is-layout-flow\" style=\"flex-basis:66.66%\">\n<p>\u00abLa Era de los mosquetes\u00bb es un reglamento que trata de cubrir las campa\u00f1as que tuvieron lugar desde finales del siglo XVII hasta el final de las Guerras Napole\u00f3nicas. Hace especial \u00e9nfasis en el Mando y Control de las tropas, as\u00ed como en la incertidumbre y la fricci\u00f3n propias de toda operaci\u00f3n militar. Los jugadores son colocados al mando de ej\u00e9rcitos de la \u00e9poca, encarnados en sus Cuarteles Generales, y controlan sus correspondientes unidades militares as\u00ed como los hombres y equipos que las forman. El objetivo es poder recrear todos los factores relevantes de la guerra a escala operacional en aquellos tiempos de \u00abguerra preindustrial\u00bb.<\/p>\n\n\n\n<p>Cada partida se desarrolla en una secuencia de \u00abturnos\u00bb, compuesto cada uno de diversas acciones realizadas por las fuerzas de ambos bandos sobre el tablero de juego. Los diversos escenarios a jugar tienen una duraci\u00f3n limitada de turnos y al final de los mismos se comprueba cual de los dos bandos ha sido el vencedor. Muchos escenarios pueden ser jugados por 2 jugados. En los escenarios m\u00e1s largos o con m\u00e1s tropas, el juego ha sido preparado para poder ser jugado tambi\u00e9n por equipos, un n\u00famero entre 4 y 6 jugadores es el id\u00f3neo.<\/p>\n\n\n\n<h5 class=\"wp-block-heading\"><strong>1. Escala.&nbsp;<\/strong><\/h5>\n\n\n\n<p>1 Punto de Combate = 1.000 hombres (o aproximadamente 8-12 piezas de artiller\u00eda).<br>1 Turno = 1 mes (o 15 d\u00edas)<br>Tablero de juego es de escala variable, la mas usada sera: 1:1.250.000 (1 cm=12,5 Km)<br>Tama\u00f1o de las Unidades = Divisiones y brigadas (tambi\u00e9n con fichas para los Cuarteles Generales).<\/p>\n\n\n\n<h5 class=\"wp-block-heading\"><strong>2. El tablero de juego.&nbsp;<\/strong><\/h5>\n\n\n\n<p>Representa un \u00abMapa Estrat\u00e9gico\u00bb sobre el que se ha impreso una red de zonas que se usan para indicar la localizaci\u00f3n f\u00edsica de las unidades y para realizar el movimiento. Dos zonas se consideran adyacentes si comparten alguna de las l\u00edneas que las delimitan; las zonas que se tocan s\u00f3lo en un v\u00e9rtice no se consideran adyacentes.<br>Los accidentes del terreno que aparecen en el mapa cumplen alguna funci\u00f3n en el desarrollo del juego, cada uno de esos accidentes del terreno tiene una influencia en el juego que m\u00e1s adelante se explicar\u00e1 y que aparecen indicados en la tabla de terreno impresa en el tablero.<\/p>\n<\/div>\n\n\n\n<div class=\"wp-block-column is-layout-flow wp-block-column-is-layout-flow\" style=\"flex-basis:33.33%\">\n<div class=\"wp-block-group aside-box aside-box-sticky\"><div class=\"wp-block-group__inner-container is-layout-constrained wp-block-group-is-layout-constrained\">\n<p class=\"has-text-color has-link-color has-large-font-size wp-elements-d2c4680eaacf43292740e97b7281b08f\" style=\"color:#0709e3;font-style:normal;font-weight:600\">Nuestros Juegos <\/p>\n\n\n<nav style=\"color: #0709e3;\" class=\"has-text-color is-responsive  is-vertical aside-menu wp-block-navigation is-layout-flex wp-container-core-navigation-is-layout-8cf370e7 wp-block-navigation-is-layout-flex\" aria-label=\"Nuestros juegos\" \n\t\t data-wp-interactive=\"core\/navigation\" data-wp-context='{\"overlayOpenedBy\":{\"click\":false,\"hover\":false,\"focus\":false},\"type\":\"overlay\",\"roleAttribute\":\"\",\"ariaLabel\":\"Men\\u00fa\"}'><button aria-haspopup=\"dialog\" aria-label=\"Abrir el men\u00fa\" class=\"wp-block-navigation__responsive-container-open\" \n\t\t\t\tdata-wp-on--click=\"actions.openMenuOnClick\"\n\t\t\t\tdata-wp-on--keydown=\"actions.handleMenuKeydown\"\n\t\t\t><svg width=\"24\" height=\"24\" xmlns=\"http:\/\/www.w3.org\/2000\/svg\" viewBox=\"0 0 24 24\" aria-hidden=\"true\" focusable=\"false\"><path d=\"M4 7.5h16v1.5H4z\"><\/path><path d=\"M4 15h16v1.5H4z\"><\/path><\/svg><\/button>\n\t\t\t\t<div class=\"wp-block-navigation__responsive-container\"  id=\"modal-1\" \n\t\t\t\tdata-wp-class--has-modal-open=\"state.isMenuOpen\"\n\t\t\t\tdata-wp-class--is-menu-open=\"state.isMenuOpen\"\n\t\t\t\tdata-wp-watch=\"callbacks.initMenu\"\n\t\t\t\tdata-wp-on--keydown=\"actions.handleMenuKeydown\"\n\t\t\t\tdata-wp-on--focusout=\"actions.handleMenuFocusout\"\n\t\t\t\ttabindex=\"-1\"\n\t\t\t>\n\t\t\t\t\t<div class=\"wp-block-navigation__responsive-close\" tabindex=\"-1\">\n\t\t\t\t\t\t<div class=\"wp-block-navigation__responsive-dialog\" \n\t\t\t\tdata-wp-bind--aria-modal=\"state.ariaModal\"\n\t\t\t\tdata-wp-bind--aria-label=\"state.ariaLabel\"\n\t\t\t\tdata-wp-bind--role=\"state.roleAttribute\"\n\t\t\t>\n\t\t\t\t\t\t\t<button aria-label=\"Cerrar el men\u00fa\" class=\"wp-block-navigation__responsive-container-close\" \n\t\t\t\tdata-wp-on--click=\"actions.closeMenuOnClick\"\n\t\t\t><svg xmlns=\"http:\/\/www.w3.org\/2000\/svg\" viewBox=\"0 0 24 24\" width=\"24\" height=\"24\" aria-hidden=\"true\" focusable=\"false\"><path d=\"m13.06 12 6.47-6.47-1.06-1.06L12 10.94 5.53 4.47 4.47 5.53 10.94 12l-6.47 6.47 1.06 1.06L12 13.06l6.47 6.47 1.06-1.06L13.06 12Z\"><\/path><\/svg><\/button>\n\t\t\t\t\t\t\t<div class=\"wp-block-navigation__responsive-container-content\" \n\t\t\t\tdata-wp-watch=\"callbacks.focusFirstElement\"\n\t\t\t id=\"modal-1-content\">\n\t\t\t\t\t\t\t\t<ul style=\"color: #0709e3;\" class=\"wp-block-navigation__container has-text-color is-responsive  is-vertical aside-menu wp-block-navigation\"><li style=\"font-style:normal;font-weight:600;\" class=\" wp-block-navigation-item  menu-item menu-item-type-post_type menu-item-object-page wp-block-navigation-link\"><a class=\"wp-block-navigation-item__content\"  href=\"http:\/\/bellica3g.com\/index.php\/apoyo-al-jugador\/schwerpunkt-batallas-de-la-era-industrial\/\" title=\"\"><span class=\"wp-block-navigation-item__label\">Schwerpunkt: Batallas de la Era Industrial<\/span><\/a><\/li><li style=\"font-style:normal;font-weight:600;\" class=\" wp-block-navigation-item wp-block-navigation-link\"><a class=\"wp-block-navigation-item__content\"  href=\"https:\/\/bellica3g.com\/es\/apoyo-al-jugador\/batallas-desesperadas\/\"><span class=\"wp-block-navigation-item__label\">Batallas Desesperadas<\/span><\/a><\/li><li style=\"font-style:normal;font-weight:600;\" class=\" wp-block-navigation-item  menu-item menu-item-type-post_type menu-item-object-page wp-block-navigation-link\"><a class=\"wp-block-navigation-item__content\"  href=\"http:\/\/bellica3g.com\/index.php\/apoyo-al-jugador\/comandante-de-campo\/\" title=\"\"><span class=\"wp-block-navigation-item__label\">Comandante de Campo<\/span><\/a><\/li><li style=\"font-style:normal;font-weight:600;\" class=\" wp-block-navigation-item  menu-item menu-item-type-post_type menu-item-object-page wp-block-navigation-link\"><a class=\"wp-block-navigation-item__content\"  href=\"http:\/\/bellica3g.com\/index.php\/apoyo-al-jugador\/la-busqueda-de-la-gloria\/\" title=\"\"><span class=\"wp-block-navigation-item__label\">La B\u00fasqueda de la Gloria<\/span><\/a><\/li><li style=\"font-style:normal;font-weight:600;\" class=\" wp-block-navigation-item  menu-item menu-item-type-post_type menu-item-object-page wp-block-navigation-link\"><a class=\"wp-block-navigation-item__content\"  href=\"http:\/\/bellica3g.com\/index.php\/apoyo-al-jugador\/la-era-de-los-mosquetes\/\" title=\"\"><span class=\"wp-block-navigation-item__label\">La Era de los Mosquetes<\/span><\/a><\/li><\/ul>\n\t\t\t\t\t\t\t<\/div>\n\t\t\t\t\t\t<\/div>\n\t\t\t\t\t<\/div>\n\t\t\t\t<\/div><\/nav><\/div><\/div>\n<\/div>\n<\/div>\n<\/div><\/section>\n","protected":false},"excerpt":{"rendered":"<p>\u00abLa Era de los mosquetes\u00bb es un reglamento que trata de cubrir las campa\u00f1as que tuvieron lugar desde finales del siglo XVII hasta el final de las Guerras Napole\u00f3nicas. Hace especial \u00e9nfasis en el Mando y Control de las tropas, as\u00ed como en la incertidumbre y la fricci\u00f3n propias de toda operaci\u00f3n militar. Los jugadores [&hellip;]<\/p>\n","protected":false},"author":1,"featured_media":973,"parent":151,"menu_order":0,"comment_status":"closed","ping_status":"closed","template":"page-templates\/page-sidebar-none.php","meta":{"footnotes":""},"class_list":["post-153","page","type-page","status-publish","has-post-thumbnail","hentry"],"yoast_head":"<!-- This site is optimized with the Yoast SEO plugin v27.2 - https:\/\/yoast.com\/product\/yoast-seo-wordpress\/ -->\n<title>La Era de los Mosquetes - bellica3g<\/title>\n<meta name=\"robots\" content=\"index, follow, max-snippet:-1, max-image-preview:large, max-video-preview:-1\" \/>\n<link rel=\"canonical\" href=\"https:\/\/bellica3g.com\/es\/apoyo-al-jugador\/la-era-de-los-mosquetes\/\" \/>\n<meta property=\"og:locale\" content=\"es_ES\" \/>\n<meta property=\"og:type\" content=\"article\" \/>\n<meta property=\"og:title\" content=\"La Era de los Mosquetes - bellica3g\" \/>\n<meta property=\"og:description\" content=\"\u00abLa Era de los mosquetes\u00bb es un reglamento que trata de cubrir las campa\u00f1as que tuvieron lugar desde finales del siglo XVII hasta el final de las Guerras Napole\u00f3nicas. Hace especial \u00e9nfasis en el Mando y Control de las tropas, as\u00ed como en la incertidumbre y la fricci\u00f3n propias de toda operaci\u00f3n militar. Los jugadores [&hellip;]\" \/>\n<meta property=\"og:url\" content=\"https:\/\/bellica3g.com\/es\/apoyo-al-jugador\/la-era-de-los-mosquetes\/\" \/>\n<meta property=\"og:site_name\" content=\"bellica3g\" \/>\n<meta property=\"article:modified_time\" content=\"2025-05-14T17:21:52+00:00\" \/>\n<meta property=\"og:image\" content=\"https:\/\/bellica3g.com\/wp-content\/uploads\/2023\/04\/Banner7.jpg\" \/>\n\t<meta property=\"og:image:width\" content=\"728\" \/>\n\t<meta property=\"og:image:height\" content=\"90\" \/>\n\t<meta property=\"og:image:type\" content=\"image\/jpeg\" \/>\n<meta name=\"twitter:card\" content=\"summary_large_image\" \/>\n<meta name=\"twitter:label1\" content=\"Tiempo de lectura\" \/>\n\t<meta name=\"twitter:data1\" content=\"2 minutos\" \/>\n<script type=\"application\/ld+json\" class=\"yoast-schema-graph\">{\"@context\":\"https:\/\/schema.org\",\"@graph\":[{\"@type\":\"WebPage\",\"@id\":\"https:\/\/bellica3g.com\/es\/apoyo-al-jugador\/la-era-de-los-mosquetes\/\",\"url\":\"https:\/\/bellica3g.com\/es\/apoyo-al-jugador\/la-era-de-los-mosquetes\/\",\"name\":\"La Era de los Mosquetes - bellica3g\",\"isPartOf\":{\"@id\":\"https:\/\/bellica3g.com\/es\/#website\"},\"primaryImageOfPage\":{\"@id\":\"https:\/\/bellica3g.com\/es\/apoyo-al-jugador\/la-era-de-los-mosquetes\/#primaryimage\"},\"image\":{\"@id\":\"https:\/\/bellica3g.com\/es\/apoyo-al-jugador\/la-era-de-los-mosquetes\/#primaryimage\"},\"thumbnailUrl\":\"https:\/\/bellica3g.com\/wp-content\/uploads\/2023\/04\/Banner7.jpg\",\"datePublished\":\"2023-04-19T11:33:23+00:00\",\"dateModified\":\"2025-05-14T17:21:52+00:00\",\"breadcrumb\":{\"@id\":\"https:\/\/bellica3g.com\/es\/apoyo-al-jugador\/la-era-de-los-mosquetes\/#breadcrumb\"},\"inLanguage\":\"es\",\"potentialAction\":[{\"@type\":\"ReadAction\",\"target\":[\"https:\/\/bellica3g.com\/es\/apoyo-al-jugador\/la-era-de-los-mosquetes\/\"]}]},{\"@type\":\"ImageObject\",\"inLanguage\":\"es\",\"@id\":\"https:\/\/bellica3g.com\/es\/apoyo-al-jugador\/la-era-de-los-mosquetes\/#primaryimage\",\"url\":\"https:\/\/bellica3g.com\/wp-content\/uploads\/2023\/04\/Banner7.jpg\",\"contentUrl\":\"https:\/\/bellica3g.com\/wp-content\/uploads\/2023\/04\/Banner7.jpg\",\"width\":728,\"height\":90},{\"@type\":\"BreadcrumbList\",\"@id\":\"https:\/\/bellica3g.com\/es\/apoyo-al-jugador\/la-era-de-los-mosquetes\/#breadcrumb\",\"itemListElement\":[{\"@type\":\"ListItem\",\"position\":1,\"name\":\"Home\",\"item\":\"https:\/\/bellica3g.com\/es\/\"},{\"@type\":\"ListItem\",\"position\":2,\"name\":\"Nuestros juegos\",\"item\":\"https:\/\/bellica3g.com\/es\/apoyo-al-jugador\/\"},{\"@type\":\"ListItem\",\"position\":3,\"name\":\"La Era de los Mosquetes\"}]},{\"@type\":\"WebSite\",\"@id\":\"https:\/\/bellica3g.com\/es\/#website\",\"url\":\"https:\/\/bellica3g.com\/es\/\",\"name\":\"bellica3g\",\"description\":\"Juegos de estrategia y simulaci\u00f3n\",\"publisher\":{\"@id\":\"https:\/\/bellica3g.com\/es\/#organization\"},\"potentialAction\":[{\"@type\":\"SearchAction\",\"target\":{\"@type\":\"EntryPoint\",\"urlTemplate\":\"https:\/\/bellica3g.com\/es\/?s={search_term_string}\"},\"query-input\":{\"@type\":\"PropertyValueSpecification\",\"valueRequired\":true,\"valueName\":\"search_term_string\"}}],\"inLanguage\":\"es\"},{\"@type\":\"Organization\",\"@id\":\"https:\/\/bellica3g.com\/es\/#organization\",\"name\":\"bellica3g\",\"url\":\"https:\/\/bellica3g.com\/es\/\",\"logo\":{\"@type\":\"ImageObject\",\"inLanguage\":\"es\",\"@id\":\"https:\/\/bellica3g.com\/es\/#\/schema\/logo\/image\/\",\"url\":\"https:\/\/bellica3g.com\/wp-content\/uploads\/2023\/04\/logo-sm.svg\",\"contentUrl\":\"https:\/\/bellica3g.com\/wp-content\/uploads\/2023\/04\/logo-sm.svg\",\"width\":200,\"height\":30,\"caption\":\"bellica3g\"},\"image\":{\"@id\":\"https:\/\/bellica3g.com\/es\/#\/schema\/logo\/image\/\"}}]}<\/script>\n<!-- \/ Yoast SEO plugin. -->","yoast_head_json":{"title":"La Era de los Mosquetes - bellica3g","robots":{"index":"index","follow":"follow","max-snippet":"max-snippet:-1","max-image-preview":"max-image-preview:large","max-video-preview":"max-video-preview:-1"},"canonical":"https:\/\/bellica3g.com\/es\/apoyo-al-jugador\/la-era-de-los-mosquetes\/","og_locale":"es_ES","og_type":"article","og_title":"La Era de los Mosquetes - bellica3g","og_description":"\u00abLa Era de los mosquetes\u00bb es un reglamento que trata de cubrir las campa\u00f1as que tuvieron lugar desde finales del siglo XVII hasta el final de las Guerras Napole\u00f3nicas. Hace especial \u00e9nfasis en el Mando y Control de las tropas, as\u00ed como en la incertidumbre y la fricci\u00f3n propias de toda operaci\u00f3n militar. Los jugadores [&hellip;]","og_url":"https:\/\/bellica3g.com\/es\/apoyo-al-jugador\/la-era-de-los-mosquetes\/","og_site_name":"bellica3g","article_modified_time":"2025-05-14T17:21:52+00:00","og_image":[{"width":728,"height":90,"url":"https:\/\/bellica3g.com\/wp-content\/uploads\/2023\/04\/Banner7.jpg","type":"image\/jpeg"}],"twitter_card":"summary_large_image","twitter_misc":{"Tiempo de lectura":"2 minutos"},"schema":{"@context":"https:\/\/schema.org","@graph":[{"@type":"WebPage","@id":"https:\/\/bellica3g.com\/es\/apoyo-al-jugador\/la-era-de-los-mosquetes\/","url":"https:\/\/bellica3g.com\/es\/apoyo-al-jugador\/la-era-de-los-mosquetes\/","name":"La Era de los Mosquetes - bellica3g","isPartOf":{"@id":"https:\/\/bellica3g.com\/es\/#website"},"primaryImageOfPage":{"@id":"https:\/\/bellica3g.com\/es\/apoyo-al-jugador\/la-era-de-los-mosquetes\/#primaryimage"},"image":{"@id":"https:\/\/bellica3g.com\/es\/apoyo-al-jugador\/la-era-de-los-mosquetes\/#primaryimage"},"thumbnailUrl":"https:\/\/bellica3g.com\/wp-content\/uploads\/2023\/04\/Banner7.jpg","datePublished":"2023-04-19T11:33:23+00:00","dateModified":"2025-05-14T17:21:52+00:00","breadcrumb":{"@id":"https:\/\/bellica3g.com\/es\/apoyo-al-jugador\/la-era-de-los-mosquetes\/#breadcrumb"},"inLanguage":"es","potentialAction":[{"@type":"ReadAction","target":["https:\/\/bellica3g.com\/es\/apoyo-al-jugador\/la-era-de-los-mosquetes\/"]}]},{"@type":"ImageObject","inLanguage":"es","@id":"https:\/\/bellica3g.com\/es\/apoyo-al-jugador\/la-era-de-los-mosquetes\/#primaryimage","url":"https:\/\/bellica3g.com\/wp-content\/uploads\/2023\/04\/Banner7.jpg","contentUrl":"https:\/\/bellica3g.com\/wp-content\/uploads\/2023\/04\/Banner7.jpg","width":728,"height":90},{"@type":"BreadcrumbList","@id":"https:\/\/bellica3g.com\/es\/apoyo-al-jugador\/la-era-de-los-mosquetes\/#breadcrumb","itemListElement":[{"@type":"ListItem","position":1,"name":"Home","item":"https:\/\/bellica3g.com\/es\/"},{"@type":"ListItem","position":2,"name":"Nuestros juegos","item":"https:\/\/bellica3g.com\/es\/apoyo-al-jugador\/"},{"@type":"ListItem","position":3,"name":"La Era de los Mosquetes"}]},{"@type":"WebSite","@id":"https:\/\/bellica3g.com\/es\/#website","url":"https:\/\/bellica3g.com\/es\/","name":"bellica3g","description":"Juegos de estrategia y simulaci\u00f3n","publisher":{"@id":"https:\/\/bellica3g.com\/es\/#organization"},"potentialAction":[{"@type":"SearchAction","target":{"@type":"EntryPoint","urlTemplate":"https:\/\/bellica3g.com\/es\/?s={search_term_string}"},"query-input":{"@type":"PropertyValueSpecification","valueRequired":true,"valueName":"search_term_string"}}],"inLanguage":"es"},{"@type":"Organization","@id":"https:\/\/bellica3g.com\/es\/#organization","name":"bellica3g","url":"https:\/\/bellica3g.com\/es\/","logo":{"@type":"ImageObject","inLanguage":"es","@id":"https:\/\/bellica3g.com\/es\/#\/schema\/logo\/image\/","url":"https:\/\/bellica3g.com\/wp-content\/uploads\/2023\/04\/logo-sm.svg","contentUrl":"https:\/\/bellica3g.com\/wp-content\/uploads\/2023\/04\/logo-sm.svg","width":200,"height":30,"caption":"bellica3g"},"image":{"@id":"https:\/\/bellica3g.com\/es\/#\/schema\/logo\/image\/"}}]}},"_links":{"self":[{"href":"https:\/\/bellica3g.com\/es\/wp-json\/wp\/v2\/pages\/153","targetHints":{"allow":["GET"]}}],"collection":[{"href":"https:\/\/bellica3g.com\/es\/wp-json\/wp\/v2\/pages"}],"about":[{"href":"https:\/\/bellica3g.com\/es\/wp-json\/wp\/v2\/types\/page"}],"author":[{"embeddable":true,"href":"https:\/\/bellica3g.com\/es\/wp-json\/wp\/v2\/users\/1"}],"replies":[{"embeddable":true,"href":"https:\/\/bellica3g.com\/es\/wp-json\/wp\/v2\/comments?post=153"}],"version-history":[{"count":4,"href":"https:\/\/bellica3g.com\/es\/wp-json\/wp\/v2\/pages\/153\/revisions"}],"predecessor-version":[{"id":543,"href":"https:\/\/bellica3g.com\/es\/wp-json\/wp\/v2\/pages\/153\/revisions\/543"}],"up":[{"embeddable":true,"href":"https:\/\/bellica3g.com\/es\/wp-json\/wp\/v2\/pages\/151"}],"wp:featuredmedia":[{"embeddable":true,"href":"https:\/\/bellica3g.com\/es\/wp-json\/wp\/v2\/media\/973"}],"wp:attachment":[{"href":"https:\/\/bellica3g.com\/es\/wp-json\/wp\/v2\/media?parent=153"}],"curies":[{"name":"wp","href":"https:\/\/api.w.org\/{rel}","templated":true}]}}