{"id":156,"date":"2023-04-19T11:40:34","date_gmt":"2023-04-19T11:40:34","guid":{"rendered":"http:\/\/bellica3g.com\/?page_id=156"},"modified":"2025-05-15T05:21:59","modified_gmt":"2025-05-15T05:21:59","slug":"la-busqueda-de-la-gloria","status":"publish","type":"page","link":"https:\/\/bellica3g.com\/es\/apoyo-al-jugador\/la-busqueda-de-la-gloria\/","title":{"rendered":"La B\u00fasqueda de la Gloria"},"content":{"rendered":"\n<section class=\"wp-block-group\"><div class=\"wp-block-group__inner-container is-layout-constrained wp-block-group-is-layout-constrained\">\n<div class=\"wp-block-columns container is-layout-flex wp-container-core-columns-is-layout-9d6595d7 wp-block-columns-is-layout-flex\">\n<div class=\"wp-block-column is-layout-flow wp-block-column-is-layout-flow\" style=\"flex-basis:66.66%\">\n<p><em>Searching for Glory<\/em>&nbsp;es un sistema f\u00e1cil y r\u00e1pido de jugar que permite a los jugadores convertirse en destacados personajes de las Guerras Napole\u00f3nicas. Cada juego de la Serie representa una famosa campa\u00f1a y cada jugador toma el puesto de un General de los que participaron en ella. Cada jugador debe perseguir la Gloria tal y como se mide en t\u00e9rminos de juego: ganar victorias, cuidar de tus hombres, capturar adversarios, ciudades y fortalezas, adelantarte a tus camaradas y aliados, ser el primero que presente las banderas capturadas al enemigo!&#8230; Cada juego presenta diversos escenarios y cada uno de ellos tiene sus propias condiciones de Gloria y Victoria que debes cumplir con el personaje que llevas en cada partida. Si\u00e9ntete entre el juego de guerra y el de rol con todo el sabor y el color de una era tan rom\u00e1ntica como esta\u2026<\/p>\n\n\n\n<p><strong><u>ESCALA<\/u><\/strong>&nbsp;puede variar seg\u00fan el juego y el escenario.<br>Un Punto de Fuerza &nbsp;= 1.000 a 5.000 hombres<br>Una \u201cronda\u201d de juego = 1 a 7 d\u00edas de tiempo real<br>\u201cUna marcha\u201d de distancia en el tablero de juego = 1 a 7 d\u00edas de marcha<br>Unidades = divisiones \/ Cuerpos \/ Ej\u00e9rcitos<\/p>\n\n\n\n<h5 class=\"wp-block-heading\"><strong>1. El mapa de juego<\/strong>&nbsp;<\/h5>\n\n\n\n<p>Representa un \u201cMapa Estrat\u00e9gico\u201d con una serie de elementos impresos en \u00e9l y que sirven para desarrollar el juego. Tiene \u201cLocalizaciones\u201d que est\u00e1n conectadas entre s\u00ed por \u201cL\u00edneas de Comunicaci\u00f3n\u201d y sirven para localizar las unidades de combate y permitir su movimiento por el tablero de juego. Hay diferentes tipos de \u201cL\u00edneas de Comunicaciones\u201d impresas en diferentes colores.<\/p>\n\n\n\n<h5 class=\"wp-block-heading\"><strong>2. Las piezas de juego<\/strong>&nbsp;<\/h5>\n\n\n\n<p>Son de dos tipos: Fuerzas Militares y marcadores.<br>II.1).Fuerzas Militares:&nbsp;Se dividen en Unidades de Combate (UC) y Puntos de Fuerza (PF)<br>II.2) Marcadores:&nbsp;Se usan para recordar informaci\u00f3n relevante durante el desarrollo de una partida:<\/p>\n\n\n\n<ol class=\"wp-block-list\">\n<li>Puntos de Gloria: Usados para contabilizar cu\u00e1ntos lleva cada jugador.<\/li>\n\n\n\n<li>Puntos de Asedio: Usados para resolver un asedio.<\/li>\n\n\n\n<li>Trenes de Suministro: Usados para indicar qui\u00e9n posee suministros.<\/li>\n\n\n\n<li>Puente Destruido: Usados para indicar cuando un puente no se puede usar.<\/li>\n\n\n\n<li>Niveles de Fatiga: Usados para contabilizar el estado de las UC durante las operaciones.<\/li>\n<\/ol>\n\n\n\n<h5 class=\"wp-block-heading\"><strong>3. Las Tarjetas de Personaje<\/strong>.<\/h5>\n\n\n\n<p>Cada una representa a una personalidad de la era napole\u00f3nica. Cada jugador asumir\u00e1 el papel de uno de los m\u00e1s grandes (o peores) generales de la \u00e9poca y dirigir\u00e1 la Unidad de Combate con su retrato por el mapa de juego. Su modo de jugar estar\u00e1 influido por la informaci\u00f3n contenida en su Tarjeta de Personaje. Todos tienes rasgos \u00fanicos y espec\u00edficos, unos favorables y otros desfavorables. Cada jugador deber\u00e1 jugar atendiendo a las peculiaridades de su personaje en busca de la Gloria\u2026<\/p>\n\n\n\n<h5 class=\"wp-block-heading\"><strong>4. Las Cartas de Juego<\/strong><\/h5>\n\n\n\n<p>Son el principal instrumento del juego. Se dividen en dos tipos: Cartas Estrat\u00e9gicas y Cartas de Batalla. Est\u00e1n impresas por ambas caras, en el frente indican el nombre de la carta y sus efectos, en el reverso un s\u00edmbolo o bandera para representar la nacionalidad a la que pertenecen.<\/p>\n<\/div>\n\n\n\n<div class=\"wp-block-column is-layout-flow wp-block-column-is-layout-flow\" style=\"flex-basis:33.33%\">\n<div class=\"wp-block-group aside-box aside-box-sticky\"><div class=\"wp-block-group__inner-container is-layout-constrained wp-block-group-is-layout-constrained\">\n<p class=\"has-text-color has-link-color has-large-font-size wp-elements-d2c4680eaacf43292740e97b7281b08f\" style=\"color:#0709e3;font-style:normal;font-weight:600\">Nuestros Juegos <\/p>\n\n\n<nav style=\"color: #0709e3;\" class=\"has-text-color is-responsive  is-vertical aside-menu wp-block-navigation is-layout-flex wp-container-core-navigation-is-layout-8cf370e7 wp-block-navigation-is-layout-flex\" aria-label=\"Nuestros juegos\" \n\t\t data-wp-interactive=\"core\/navigation\" data-wp-context='{\"overlayOpenedBy\":{\"click\":false,\"hover\":false,\"focus\":false},\"type\":\"overlay\",\"roleAttribute\":\"\",\"ariaLabel\":\"Men\\u00fa\"}'><button aria-haspopup=\"dialog\" aria-label=\"Abrir el men\u00fa\" class=\"wp-block-navigation__responsive-container-open\" \n\t\t\t\tdata-wp-on--click=\"actions.openMenuOnClick\"\n\t\t\t\tdata-wp-on--keydown=\"actions.handleMenuKeydown\"\n\t\t\t><svg width=\"24\" height=\"24\" xmlns=\"http:\/\/www.w3.org\/2000\/svg\" viewBox=\"0 0 24 24\" aria-hidden=\"true\" focusable=\"false\"><path d=\"M4 7.5h16v1.5H4z\"><\/path><path d=\"M4 15h16v1.5H4z\"><\/path><\/svg><\/button>\n\t\t\t\t<div class=\"wp-block-navigation__responsive-container\"  id=\"modal-1\" \n\t\t\t\tdata-wp-class--has-modal-open=\"state.isMenuOpen\"\n\t\t\t\tdata-wp-class--is-menu-open=\"state.isMenuOpen\"\n\t\t\t\tdata-wp-watch=\"callbacks.initMenu\"\n\t\t\t\tdata-wp-on--keydown=\"actions.handleMenuKeydown\"\n\t\t\t\tdata-wp-on--focusout=\"actions.handleMenuFocusout\"\n\t\t\t\ttabindex=\"-1\"\n\t\t\t>\n\t\t\t\t\t<div class=\"wp-block-navigation__responsive-close\" tabindex=\"-1\">\n\t\t\t\t\t\t<div class=\"wp-block-navigation__responsive-dialog\" \n\t\t\t\tdata-wp-bind--aria-modal=\"state.ariaModal\"\n\t\t\t\tdata-wp-bind--aria-label=\"state.ariaLabel\"\n\t\t\t\tdata-wp-bind--role=\"state.roleAttribute\"\n\t\t\t>\n\t\t\t\t\t\t\t<button aria-label=\"Cerrar el men\u00fa\" class=\"wp-block-navigation__responsive-container-close\" \n\t\t\t\tdata-wp-on--click=\"actions.closeMenuOnClick\"\n\t\t\t><svg xmlns=\"http:\/\/www.w3.org\/2000\/svg\" viewBox=\"0 0 24 24\" width=\"24\" height=\"24\" aria-hidden=\"true\" focusable=\"false\"><path d=\"m13.06 12 6.47-6.47-1.06-1.06L12 10.94 5.53 4.47 4.47 5.53 10.94 12l-6.47 6.47 1.06 1.06L12 13.06l6.47 6.47 1.06-1.06L13.06 12Z\"><\/path><\/svg><\/button>\n\t\t\t\t\t\t\t<div class=\"wp-block-navigation__responsive-container-content\" \n\t\t\t\tdata-wp-watch=\"callbacks.focusFirstElement\"\n\t\t\t id=\"modal-1-content\">\n\t\t\t\t\t\t\t\t<ul style=\"color: #0709e3;\" class=\"wp-block-navigation__container has-text-color is-responsive  is-vertical aside-menu wp-block-navigation\"><li style=\"font-style:normal;font-weight:600;\" class=\" wp-block-navigation-item  menu-item menu-item-type-post_type menu-item-object-page wp-block-navigation-link\"><a class=\"wp-block-navigation-item__content\"  href=\"http:\/\/bellica3g.com\/index.php\/apoyo-al-jugador\/schwerpunkt-batallas-de-la-era-industrial\/\" title=\"\"><span class=\"wp-block-navigation-item__label\">Schwerpunkt: Batallas de la Era Industrial<\/span><\/a><\/li><li style=\"font-style:normal;font-weight:600;\" class=\" wp-block-navigation-item wp-block-navigation-link\"><a class=\"wp-block-navigation-item__content\"  href=\"https:\/\/bellica3g.com\/es\/apoyo-al-jugador\/batallas-desesperadas\/\"><span class=\"wp-block-navigation-item__label\">Batallas Desesperadas<\/span><\/a><\/li><li style=\"font-style:normal;font-weight:600;\" class=\" wp-block-navigation-item  menu-item menu-item-type-post_type menu-item-object-page wp-block-navigation-link\"><a class=\"wp-block-navigation-item__content\"  href=\"http:\/\/bellica3g.com\/index.php\/apoyo-al-jugador\/comandante-de-campo\/\" title=\"\"><span class=\"wp-block-navigation-item__label\">Comandante de Campo<\/span><\/a><\/li><li style=\"font-style:normal;font-weight:600;\" class=\" wp-block-navigation-item  menu-item menu-item-type-post_type menu-item-object-page wp-block-navigation-link\"><a class=\"wp-block-navigation-item__content\"  href=\"http:\/\/bellica3g.com\/index.php\/apoyo-al-jugador\/la-busqueda-de-la-gloria\/\" title=\"\"><span class=\"wp-block-navigation-item__label\">La B\u00fasqueda de la Gloria<\/span><\/a><\/li><li style=\"font-style:normal;font-weight:600;\" class=\" wp-block-navigation-item  menu-item menu-item-type-post_type menu-item-object-page wp-block-navigation-link\"><a class=\"wp-block-navigation-item__content\"  href=\"http:\/\/bellica3g.com\/index.php\/apoyo-al-jugador\/la-era-de-los-mosquetes\/\" title=\"\"><span class=\"wp-block-navigation-item__label\">La Era de los Mosquetes<\/span><\/a><\/li><\/ul>\n\t\t\t\t\t\t\t<\/div>\n\t\t\t\t\t\t<\/div>\n\t\t\t\t\t<\/div>\n\t\t\t\t<\/div><\/nav><\/div><\/div>\n<\/div>\n<\/div>\n<\/div><\/section>\n\n\n\n<p>Os dejamos algunos archivos que se han usado en las pruebas para que pod\u00e1is echarles un vistazo.<\/p>\n\n\n\n<div data-wp-interactive=\"core\/file\" class=\"wp-block-file\"><object data-wp-bind--hidden=\"!state.hasPdfPreview\" hidden class=\"wp-block-file__embed\" data=\"https:\/\/bellica3g.com\/wp-content\/uploads\/2025\/05\/Series-Rules-v1.03.pdf\" type=\"application\/pdf\" style=\"width:100%;height:591px\" aria-label=\"Incrustado de Series Rules v1.03.\"><\/object><a id=\"wp-block-file--media-12c16359-c1f5-4c98-bfa3-4c89c0359c1a\" href=\"https:\/\/bellica3g.com\/wp-content\/uploads\/2025\/05\/Series-Rules-v1.03.pdf\" target=\"_blank\" rel=\"noreferrer noopener\">Series Rules v1.03<\/a><\/div>\n\n\n\n<div data-wp-interactive=\"core\/file\" class=\"wp-block-file\"><object data-wp-bind--hidden=\"!state.hasPdfPreview\" hidden class=\"wp-block-file__embed\" data=\"https:\/\/bellica3g.com\/wp-content\/uploads\/2025\/05\/Personajes-de-Guerra-en-la-Peninsula.pdf\" type=\"application\/pdf\" style=\"width:100%;height:600px\" aria-label=\"Incrustado de Personajes de Guerra en la Pen\u00ednsula.\"><\/object><a id=\"wp-block-file--media-ead222e4-b788-498f-9c58-34e821333c88\" href=\"https:\/\/bellica3g.com\/wp-content\/uploads\/2025\/05\/Personajes-de-Guerra-en-la-Peninsula.pdf\" target=\"_blank\" rel=\"noreferrer noopener\">Personajes de Guerra en la Pen\u00ednsula<\/a><\/div>\n\n\n\n<div data-wp-interactive=\"core\/file\" class=\"wp-block-file\"><object data-wp-bind--hidden=\"!state.hasPdfPreview\" hidden class=\"wp-block-file__embed\" data=\"https:\/\/bellica3g.com\/wp-content\/uploads\/2025\/05\/Mazo-de-cartas.pdf\" type=\"application\/pdf\" style=\"width:100%;height:600px\" aria-label=\"Incrustado de Mazo de cartas.\"><\/object><a id=\"wp-block-file--media-28f7b781-42b8-49cb-b96a-54d76ff013f7\" href=\"https:\/\/bellica3g.com\/wp-content\/uploads\/2025\/05\/Mazo-de-cartas.pdf\" target=\"_blank\" rel=\"noreferrer noopener\">Mazo de cartas<\/a><\/div>\n","protected":false},"excerpt":{"rendered":"<p>Searching for Glory&nbsp;es un sistema f\u00e1cil y r\u00e1pido de jugar que permite a los jugadores convertirse en destacados personajes de las Guerras Napole\u00f3nicas. Cada juego de la Serie representa una famosa campa\u00f1a y cada jugador toma el puesto de un General de los que participaron en ella. Cada jugador debe perseguir la Gloria tal y [&hellip;]<\/p>\n","protected":false},"author":1,"featured_media":0,"parent":151,"menu_order":0,"comment_status":"closed","ping_status":"closed","template":"page-templates\/page-sidebar-none.php","meta":{"footnotes":""},"class_list":["post-156","page","type-page","status-publish","hentry"],"yoast_head":"<!-- This site is optimized with the Yoast SEO plugin v27.2 - https:\/\/yoast.com\/product\/yoast-seo-wordpress\/ -->\n<title>La B\u00fasqueda de la Gloria - bellica3g<\/title>\n<meta name=\"robots\" content=\"index, follow, max-snippet:-1, max-image-preview:large, max-video-preview:-1\" \/>\n<link rel=\"canonical\" href=\"https:\/\/bellica3g.com\/es\/apoyo-al-jugador\/la-busqueda-de-la-gloria\/\" \/>\n<meta property=\"og:locale\" content=\"es_ES\" \/>\n<meta property=\"og:type\" content=\"article\" \/>\n<meta property=\"og:title\" content=\"La B\u00fasqueda de la Gloria - bellica3g\" \/>\n<meta property=\"og:description\" content=\"Searching for Glory&nbsp;es un sistema f\u00e1cil y r\u00e1pido de jugar que permite a los jugadores convertirse en destacados personajes de las Guerras Napole\u00f3nicas. Cada juego de la Serie representa una famosa campa\u00f1a y cada jugador toma el puesto de un General de los que participaron en ella. Cada jugador debe perseguir la Gloria tal y [&hellip;]\" \/>\n<meta property=\"og:url\" content=\"https:\/\/bellica3g.com\/es\/apoyo-al-jugador\/la-busqueda-de-la-gloria\/\" \/>\n<meta property=\"og:site_name\" content=\"bellica3g\" \/>\n<meta property=\"article:modified_time\" content=\"2025-05-15T05:21:59+00:00\" \/>\n<meta name=\"twitter:card\" content=\"summary_large_image\" \/>\n<meta name=\"twitter:label1\" content=\"Tiempo de lectura\" \/>\n\t<meta name=\"twitter:data1\" content=\"3 minutos\" \/>\n<script type=\"application\/ld+json\" class=\"yoast-schema-graph\">{\"@context\":\"https:\/\/schema.org\",\"@graph\":[{\"@type\":\"WebPage\",\"@id\":\"https:\/\/bellica3g.com\/es\/apoyo-al-jugador\/la-busqueda-de-la-gloria\/\",\"url\":\"https:\/\/bellica3g.com\/es\/apoyo-al-jugador\/la-busqueda-de-la-gloria\/\",\"name\":\"La B\u00fasqueda de la Gloria - bellica3g\",\"isPartOf\":{\"@id\":\"https:\/\/bellica3g.com\/es\/#website\"},\"datePublished\":\"2023-04-19T11:40:34+00:00\",\"dateModified\":\"2025-05-15T05:21:59+00:00\",\"breadcrumb\":{\"@id\":\"https:\/\/bellica3g.com\/es\/apoyo-al-jugador\/la-busqueda-de-la-gloria\/#breadcrumb\"},\"inLanguage\":\"es\",\"potentialAction\":[{\"@type\":\"ReadAction\",\"target\":[\"https:\/\/bellica3g.com\/es\/apoyo-al-jugador\/la-busqueda-de-la-gloria\/\"]}]},{\"@type\":\"BreadcrumbList\",\"@id\":\"https:\/\/bellica3g.com\/es\/apoyo-al-jugador\/la-busqueda-de-la-gloria\/#breadcrumb\",\"itemListElement\":[{\"@type\":\"ListItem\",\"position\":1,\"name\":\"Home\",\"item\":\"https:\/\/bellica3g.com\/es\/\"},{\"@type\":\"ListItem\",\"position\":2,\"name\":\"Nuestros juegos\",\"item\":\"https:\/\/bellica3g.com\/es\/apoyo-al-jugador\/\"},{\"@type\":\"ListItem\",\"position\":3,\"name\":\"La B\u00fasqueda de la Gloria\"}]},{\"@type\":\"WebSite\",\"@id\":\"https:\/\/bellica3g.com\/es\/#website\",\"url\":\"https:\/\/bellica3g.com\/es\/\",\"name\":\"bellica3g\",\"description\":\"Juegos de estrategia y simulaci\u00f3n\",\"publisher\":{\"@id\":\"https:\/\/bellica3g.com\/es\/#organization\"},\"potentialAction\":[{\"@type\":\"SearchAction\",\"target\":{\"@type\":\"EntryPoint\",\"urlTemplate\":\"https:\/\/bellica3g.com\/es\/?s={search_term_string}\"},\"query-input\":{\"@type\":\"PropertyValueSpecification\",\"valueRequired\":true,\"valueName\":\"search_term_string\"}}],\"inLanguage\":\"es\"},{\"@type\":\"Organization\",\"@id\":\"https:\/\/bellica3g.com\/es\/#organization\",\"name\":\"bellica3g\",\"url\":\"https:\/\/bellica3g.com\/es\/\",\"logo\":{\"@type\":\"ImageObject\",\"inLanguage\":\"es\",\"@id\":\"https:\/\/bellica3g.com\/es\/#\/schema\/logo\/image\/\",\"url\":\"https:\/\/bellica3g.com\/wp-content\/uploads\/2023\/04\/logo-sm.svg\",\"contentUrl\":\"https:\/\/bellica3g.com\/wp-content\/uploads\/2023\/04\/logo-sm.svg\",\"width\":200,\"height\":30,\"caption\":\"bellica3g\"},\"image\":{\"@id\":\"https:\/\/bellica3g.com\/es\/#\/schema\/logo\/image\/\"}}]}<\/script>\n<!-- \/ Yoast SEO plugin. -->","yoast_head_json":{"title":"La B\u00fasqueda de la Gloria - bellica3g","robots":{"index":"index","follow":"follow","max-snippet":"max-snippet:-1","max-image-preview":"max-image-preview:large","max-video-preview":"max-video-preview:-1"},"canonical":"https:\/\/bellica3g.com\/es\/apoyo-al-jugador\/la-busqueda-de-la-gloria\/","og_locale":"es_ES","og_type":"article","og_title":"La B\u00fasqueda de la Gloria - bellica3g","og_description":"Searching for Glory&nbsp;es un sistema f\u00e1cil y r\u00e1pido de jugar que permite a los jugadores convertirse en destacados personajes de las Guerras Napole\u00f3nicas. Cada juego de la Serie representa una famosa campa\u00f1a y cada jugador toma el puesto de un General de los que participaron en ella. Cada jugador debe perseguir la Gloria tal y [&hellip;]","og_url":"https:\/\/bellica3g.com\/es\/apoyo-al-jugador\/la-busqueda-de-la-gloria\/","og_site_name":"bellica3g","article_modified_time":"2025-05-15T05:21:59+00:00","twitter_card":"summary_large_image","twitter_misc":{"Tiempo de lectura":"3 minutos"},"schema":{"@context":"https:\/\/schema.org","@graph":[{"@type":"WebPage","@id":"https:\/\/bellica3g.com\/es\/apoyo-al-jugador\/la-busqueda-de-la-gloria\/","url":"https:\/\/bellica3g.com\/es\/apoyo-al-jugador\/la-busqueda-de-la-gloria\/","name":"La B\u00fasqueda de la Gloria - bellica3g","isPartOf":{"@id":"https:\/\/bellica3g.com\/es\/#website"},"datePublished":"2023-04-19T11:40:34+00:00","dateModified":"2025-05-15T05:21:59+00:00","breadcrumb":{"@id":"https:\/\/bellica3g.com\/es\/apoyo-al-jugador\/la-busqueda-de-la-gloria\/#breadcrumb"},"inLanguage":"es","potentialAction":[{"@type":"ReadAction","target":["https:\/\/bellica3g.com\/es\/apoyo-al-jugador\/la-busqueda-de-la-gloria\/"]}]},{"@type":"BreadcrumbList","@id":"https:\/\/bellica3g.com\/es\/apoyo-al-jugador\/la-busqueda-de-la-gloria\/#breadcrumb","itemListElement":[{"@type":"ListItem","position":1,"name":"Home","item":"https:\/\/bellica3g.com\/es\/"},{"@type":"ListItem","position":2,"name":"Nuestros juegos","item":"https:\/\/bellica3g.com\/es\/apoyo-al-jugador\/"},{"@type":"ListItem","position":3,"name":"La B\u00fasqueda de la Gloria"}]},{"@type":"WebSite","@id":"https:\/\/bellica3g.com\/es\/#website","url":"https:\/\/bellica3g.com\/es\/","name":"bellica3g","description":"Juegos de estrategia y simulaci\u00f3n","publisher":{"@id":"https:\/\/bellica3g.com\/es\/#organization"},"potentialAction":[{"@type":"SearchAction","target":{"@type":"EntryPoint","urlTemplate":"https:\/\/bellica3g.com\/es\/?s={search_term_string}"},"query-input":{"@type":"PropertyValueSpecification","valueRequired":true,"valueName":"search_term_string"}}],"inLanguage":"es"},{"@type":"Organization","@id":"https:\/\/bellica3g.com\/es\/#organization","name":"bellica3g","url":"https:\/\/bellica3g.com\/es\/","logo":{"@type":"ImageObject","inLanguage":"es","@id":"https:\/\/bellica3g.com\/es\/#\/schema\/logo\/image\/","url":"https:\/\/bellica3g.com\/wp-content\/uploads\/2023\/04\/logo-sm.svg","contentUrl":"https:\/\/bellica3g.com\/wp-content\/uploads\/2023\/04\/logo-sm.svg","width":200,"height":30,"caption":"bellica3g"},"image":{"@id":"https:\/\/bellica3g.com\/es\/#\/schema\/logo\/image\/"}}]}},"_links":{"self":[{"href":"https:\/\/bellica3g.com\/es\/wp-json\/wp\/v2\/pages\/156","targetHints":{"allow":["GET"]}}],"collection":[{"href":"https:\/\/bellica3g.com\/es\/wp-json\/wp\/v2\/pages"}],"about":[{"href":"https:\/\/bellica3g.com\/es\/wp-json\/wp\/v2\/types\/page"}],"author":[{"embeddable":true,"href":"https:\/\/bellica3g.com\/es\/wp-json\/wp\/v2\/users\/1"}],"replies":[{"embeddable":true,"href":"https:\/\/bellica3g.com\/es\/wp-json\/wp\/v2\/comments?post=156"}],"version-history":[{"count":8,"href":"https:\/\/bellica3g.com\/es\/wp-json\/wp\/v2\/pages\/156\/revisions"}],"predecessor-version":[{"id":1076,"href":"https:\/\/bellica3g.com\/es\/wp-json\/wp\/v2\/pages\/156\/revisions\/1076"}],"up":[{"embeddable":true,"href":"https:\/\/bellica3g.com\/es\/wp-json\/wp\/v2\/pages\/151"}],"wp:attachment":[{"href":"https:\/\/bellica3g.com\/es\/wp-json\/wp\/v2\/media?parent=156"}],"curies":[{"name":"wp","href":"https:\/\/api.w.org\/{rel}","templated":true}]}}