{"id":158,"date":"2023-04-19T11:41:34","date_gmt":"2023-04-19T11:41:34","guid":{"rendered":"http:\/\/bellica3g.com\/?page_id=158"},"modified":"2025-05-14T17:20:23","modified_gmt":"2025-05-14T17:20:23","slug":"comandante-de-campo","status":"publish","type":"page","link":"https:\/\/bellica3g.com\/es\/apoyo-al-jugador\/comandante-de-campo\/","title":{"rendered":"Comandante de Campo"},"content":{"rendered":"\n<section class=\"wp-block-group\"><div class=\"wp-block-group__inner-container is-layout-constrained wp-block-group-is-layout-constrained\">\n<div class=\"wp-block-columns container is-layout-flex wp-container-core-columns-is-layout-9d6595d7 wp-block-columns-is-layout-flex\">\n<div class=\"wp-block-column is-layout-flow wp-block-column-is-layout-flow\" style=\"flex-basis:66.66%\">\n<p>La serie de juegos \u201cCampaign Commander\u201d pretende servir a una triple finalidad: simular de modo realista y jugable grandes campa\u00f1as de la historia militar haciendo que cada partida pueda ser completamente diferente a la anterior, permitir a dos jugadores echar una partida en un tiempo razonable \u2013 2 \u00f3 3 horas- y ser divertida al hacer que los jugadores tengan que tomar decisiones equivalentes a las de los comandantes implicados.&nbsp;<\/p>\n\n\n\n<p>La escala del juego es operacional y por ello los dos jugadores representan a los comandantes de campo de los ej\u00e9rcitos enfrentados. Los objetivos les vienen dados \u2013en la forma de Puntos de Victoria (PV)- y ellos deben articular el uso de sus fuerzas y recursos de la mejor manera posible para alcanzar la victoria.<\/p>\n\n\n\n<p>El uso y la gesti\u00f3n de los recursos, la toma de decisiones conforme a lo que las propias fuerzas son capaces de hacer y la intervenci\u00f3n de los imponderables de la guerra \u2013eventos, accidentes y la acci\u00f3n enemiga- definir\u00e1n cada partida. Las reglas que aqu\u00ed se explican gobiernan el desarrollo general de todos los juegos de la serie; no obstante las Reglas Especiales, los textos de las cartas y Fichas de Batalla tienen precedencia sobre las reglas de la Serie. El sistema est\u00e1 pensado para que puedan recrearse campa\u00f1as de todos los tiempos, desde la antig\u00fcedad hasta el siglo XXI. El tablero est\u00e1 dividido en zonas en las que se sit\u00faan y por las que se desplazan las fichas de juego. Habr\u00e1 fichas terrestres y mar\u00edtimas, aunque seg\u00fan la campa\u00f1a estar\u00e1n presentes las dos o s\u00f3lo una de ellas.<\/p>\n\n\n\n<p>La mec\u00e1nica del juego pretende ser \u00e1gil, r\u00e1pida e interactiva de modo que los jugadores deber\u00e1n \u201capostar\u201d para o bien jugar carta o bien realizar una operaci\u00f3n sobre el mapa. Para esto \u00faltimo los jugadores deber\u00e1n usar \u201cPuntos de Recursos\u201d que tendr\u00e1n sobre el mapa y que les permitir\u00e1n mover, combatir, recibir reemplazos y reorganizar sus unidades de combate. Estos \u201cPuntos de Suministros\u201d son limitados y los jugadores deber\u00e1n jugar cartas para recibir m\u00e1s. Tambi\u00e9n deber\u00e1n hacerlo para reflejar sucesos exteriores al teatro de operaciones en el que est\u00e1n, la llegada de refuerzos o el uso de alguna ventaja especial durante una batalla.<\/p>\n\n\n\n<p>Las batallas se resuelven por medio de un novedoso sistema de \u201cFichas de Batalla\u201d que hacen que la din\u00e1mica del combate sea interactivo y produzca efectos extremadamente diferentes de una a otra. Cada bando tiene su propio mazo de cartas y su set de \u201cFichas de Batalla\u201d para reflejar sus peculiaridades y habilidades, y defectos, espec\u00edficos. Un juego pensado para aquellos que desean sabor hist\u00f3rico y fidelidad pero no tienen el tiempo o el espacio necesarios para montar juegos de mayores dimensiones\u2026<\/p>\n<\/div>\n\n\n\n<div class=\"wp-block-column is-layout-flow wp-block-column-is-layout-flow\" style=\"flex-basis:33.33%\">\n<div class=\"wp-block-group aside-box aside-box-sticky\"><div class=\"wp-block-group__inner-container is-layout-constrained wp-block-group-is-layout-constrained\">\n<p class=\"has-text-color has-link-color has-large-font-size wp-elements-d2c4680eaacf43292740e97b7281b08f\" style=\"color:#0709e3;font-style:normal;font-weight:600\">Nuestros Juegos <\/p>\n\n\n<nav style=\"color: #0709e3;\" class=\"has-text-color is-responsive  is-vertical aside-menu wp-block-navigation is-layout-flex wp-container-core-navigation-is-layout-8cf370e7 wp-block-navigation-is-layout-flex\" aria-label=\"Nuestros juegos\" \n\t\t data-wp-interactive=\"core\/navigation\" data-wp-context='{\"overlayOpenedBy\":{\"click\":false,\"hover\":false,\"focus\":false},\"type\":\"overlay\",\"roleAttribute\":\"\",\"ariaLabel\":\"Men\\u00fa\"}'><button aria-haspopup=\"dialog\" aria-label=\"Abrir el men\u00fa\" class=\"wp-block-navigation__responsive-container-open\" \n\t\t\t\tdata-wp-on--click=\"actions.openMenuOnClick\"\n\t\t\t\tdata-wp-on--keydown=\"actions.handleMenuKeydown\"\n\t\t\t><svg width=\"24\" height=\"24\" xmlns=\"http:\/\/www.w3.org\/2000\/svg\" viewBox=\"0 0 24 24\" aria-hidden=\"true\" focusable=\"false\"><path d=\"M4 7.5h16v1.5H4z\"><\/path><path d=\"M4 15h16v1.5H4z\"><\/path><\/svg><\/button>\n\t\t\t\t<div class=\"wp-block-navigation__responsive-container\"  id=\"modal-1\" \n\t\t\t\tdata-wp-class--has-modal-open=\"state.isMenuOpen\"\n\t\t\t\tdata-wp-class--is-menu-open=\"state.isMenuOpen\"\n\t\t\t\tdata-wp-watch=\"callbacks.initMenu\"\n\t\t\t\tdata-wp-on--keydown=\"actions.handleMenuKeydown\"\n\t\t\t\tdata-wp-on--focusout=\"actions.handleMenuFocusout\"\n\t\t\t\ttabindex=\"-1\"\n\t\t\t>\n\t\t\t\t\t<div class=\"wp-block-navigation__responsive-close\" tabindex=\"-1\">\n\t\t\t\t\t\t<div class=\"wp-block-navigation__responsive-dialog\" \n\t\t\t\tdata-wp-bind--aria-modal=\"state.ariaModal\"\n\t\t\t\tdata-wp-bind--aria-label=\"state.ariaLabel\"\n\t\t\t\tdata-wp-bind--role=\"state.roleAttribute\"\n\t\t\t>\n\t\t\t\t\t\t\t<button aria-label=\"Cerrar el men\u00fa\" class=\"wp-block-navigation__responsive-container-close\" \n\t\t\t\tdata-wp-on--click=\"actions.closeMenuOnClick\"\n\t\t\t><svg xmlns=\"http:\/\/www.w3.org\/2000\/svg\" viewBox=\"0 0 24 24\" width=\"24\" height=\"24\" aria-hidden=\"true\" focusable=\"false\"><path d=\"m13.06 12 6.47-6.47-1.06-1.06L12 10.94 5.53 4.47 4.47 5.53 10.94 12l-6.47 6.47 1.06 1.06L12 13.06l6.47 6.47 1.06-1.06L13.06 12Z\"><\/path><\/svg><\/button>\n\t\t\t\t\t\t\t<div class=\"wp-block-navigation__responsive-container-content\" \n\t\t\t\tdata-wp-watch=\"callbacks.focusFirstElement\"\n\t\t\t id=\"modal-1-content\">\n\t\t\t\t\t\t\t\t<ul style=\"color: #0709e3;\" class=\"wp-block-navigation__container has-text-color is-responsive  is-vertical aside-menu wp-block-navigation\"><li style=\"font-style:normal;font-weight:600;\" class=\" wp-block-navigation-item  menu-item menu-item-type-post_type menu-item-object-page wp-block-navigation-link\"><a class=\"wp-block-navigation-item__content\"  href=\"http:\/\/bellica3g.com\/index.php\/apoyo-al-jugador\/schwerpunkt-batallas-de-la-era-industrial\/\" title=\"\"><span class=\"wp-block-navigation-item__label\">Schwerpunkt: Batallas de la Era Industrial<\/span><\/a><\/li><li style=\"font-style:normal;font-weight:600;\" class=\" wp-block-navigation-item wp-block-navigation-link\"><a class=\"wp-block-navigation-item__content\"  href=\"https:\/\/bellica3g.com\/es\/apoyo-al-jugador\/batallas-desesperadas\/\"><span class=\"wp-block-navigation-item__label\">Batallas Desesperadas<\/span><\/a><\/li><li style=\"font-style:normal;font-weight:600;\" class=\" wp-block-navigation-item  menu-item menu-item-type-post_type menu-item-object-page wp-block-navigation-link\"><a class=\"wp-block-navigation-item__content\"  href=\"http:\/\/bellica3g.com\/index.php\/apoyo-al-jugador\/comandante-de-campo\/\" title=\"\"><span class=\"wp-block-navigation-item__label\">Comandante de Campo<\/span><\/a><\/li><li style=\"font-style:normal;font-weight:600;\" class=\" wp-block-navigation-item  menu-item menu-item-type-post_type menu-item-object-page wp-block-navigation-link\"><a class=\"wp-block-navigation-item__content\"  href=\"http:\/\/bellica3g.com\/index.php\/apoyo-al-jugador\/la-busqueda-de-la-gloria\/\" title=\"\"><span class=\"wp-block-navigation-item__label\">La B\u00fasqueda de la Gloria<\/span><\/a><\/li><li style=\"font-style:normal;font-weight:600;\" class=\" wp-block-navigation-item  menu-item menu-item-type-post_type menu-item-object-page wp-block-navigation-link\"><a class=\"wp-block-navigation-item__content\"  href=\"http:\/\/bellica3g.com\/index.php\/apoyo-al-jugador\/la-era-de-los-mosquetes\/\" title=\"\"><span class=\"wp-block-navigation-item__label\">La Era de los Mosquetes<\/span><\/a><\/li><\/ul>\n\t\t\t\t\t\t\t<\/div>\n\t\t\t\t\t\t<\/div>\n\t\t\t\t\t<\/div>\n\t\t\t\t<\/div><\/nav><\/div><\/div>\n<\/div>\n<\/div>\n<\/div><\/section>\n","protected":false},"excerpt":{"rendered":"<p>La serie de juegos \u201cCampaign Commander\u201d pretende servir a una triple finalidad: simular de modo realista y jugable grandes campa\u00f1as de la historia militar haciendo que cada partida pueda ser completamente diferente a la anterior, permitir a dos jugadores echar una partida en un tiempo razonable \u2013 2 \u00f3 3 horas- y ser divertida al [&hellip;]<\/p>\n","protected":false},"author":1,"featured_media":971,"parent":151,"menu_order":0,"comment_status":"closed","ping_status":"closed","template":"page-templates\/page-sidebar-none.php","meta":{"footnotes":""},"class_list":["post-158","page","type-page","status-publish","has-post-thumbnail","hentry"],"yoast_head":"<!-- This site is optimized with the Yoast SEO plugin v27.2 - https:\/\/yoast.com\/product\/yoast-seo-wordpress\/ -->\n<title>Comandante de Campo - bellica3g<\/title>\n<meta name=\"robots\" content=\"index, follow, max-snippet:-1, max-image-preview:large, max-video-preview:-1\" \/>\n<link rel=\"canonical\" href=\"https:\/\/bellica3g.com\/es\/apoyo-al-jugador\/comandante-de-campo\/\" \/>\n<meta property=\"og:locale\" content=\"es_ES\" \/>\n<meta property=\"og:type\" content=\"article\" \/>\n<meta property=\"og:title\" content=\"Comandante de Campo - bellica3g\" \/>\n<meta property=\"og:description\" content=\"La serie de juegos \u201cCampaign Commander\u201d pretende servir a una triple finalidad: simular de modo realista y jugable grandes campa\u00f1as de la historia militar haciendo que cada partida pueda ser completamente diferente a la anterior, permitir a dos jugadores echar una partida en un tiempo razonable \u2013 2 \u00f3 3 horas- y ser divertida al [&hellip;]\" \/>\n<meta property=\"og:url\" content=\"https:\/\/bellica3g.com\/es\/apoyo-al-jugador\/comandante-de-campo\/\" \/>\n<meta property=\"og:site_name\" content=\"bellica3g\" \/>\n<meta property=\"article:modified_time\" content=\"2025-05-14T17:20:23+00:00\" \/>\n<meta property=\"og:image\" content=\"https:\/\/bellica3g.com\/wp-content\/uploads\/2023\/04\/Banner-RtS.jpg\" \/>\n\t<meta property=\"og:image:width\" content=\"1164\" \/>\n\t<meta property=\"og:image:height\" content=\"148\" \/>\n\t<meta property=\"og:image:type\" content=\"image\/jpeg\" \/>\n<meta name=\"twitter:card\" content=\"summary_large_image\" \/>\n<meta name=\"twitter:label1\" content=\"Tiempo de lectura\" \/>\n\t<meta name=\"twitter:data1\" content=\"2 minutos\" \/>\n<script type=\"application\/ld+json\" class=\"yoast-schema-graph\">{\"@context\":\"https:\/\/schema.org\",\"@graph\":[{\"@type\":\"WebPage\",\"@id\":\"https:\/\/bellica3g.com\/es\/apoyo-al-jugador\/comandante-de-campo\/\",\"url\":\"https:\/\/bellica3g.com\/es\/apoyo-al-jugador\/comandante-de-campo\/\",\"name\":\"Comandante de Campo - bellica3g\",\"isPartOf\":{\"@id\":\"https:\/\/bellica3g.com\/es\/#website\"},\"primaryImageOfPage\":{\"@id\":\"https:\/\/bellica3g.com\/es\/apoyo-al-jugador\/comandante-de-campo\/#primaryimage\"},\"image\":{\"@id\":\"https:\/\/bellica3g.com\/es\/apoyo-al-jugador\/comandante-de-campo\/#primaryimage\"},\"thumbnailUrl\":\"https:\/\/bellica3g.com\/wp-content\/uploads\/2023\/04\/Banner-RtS.jpg\",\"datePublished\":\"2023-04-19T11:41:34+00:00\",\"dateModified\":\"2025-05-14T17:20:23+00:00\",\"breadcrumb\":{\"@id\":\"https:\/\/bellica3g.com\/es\/apoyo-al-jugador\/comandante-de-campo\/#breadcrumb\"},\"inLanguage\":\"es\",\"potentialAction\":[{\"@type\":\"ReadAction\",\"target\":[\"https:\/\/bellica3g.com\/es\/apoyo-al-jugador\/comandante-de-campo\/\"]}]},{\"@type\":\"ImageObject\",\"inLanguage\":\"es\",\"@id\":\"https:\/\/bellica3g.com\/es\/apoyo-al-jugador\/comandante-de-campo\/#primaryimage\",\"url\":\"https:\/\/bellica3g.com\/wp-content\/uploads\/2023\/04\/Banner-RtS.jpg\",\"contentUrl\":\"https:\/\/bellica3g.com\/wp-content\/uploads\/2023\/04\/Banner-RtS.jpg\",\"width\":1164,\"height\":148},{\"@type\":\"BreadcrumbList\",\"@id\":\"https:\/\/bellica3g.com\/es\/apoyo-al-jugador\/comandante-de-campo\/#breadcrumb\",\"itemListElement\":[{\"@type\":\"ListItem\",\"position\":1,\"name\":\"Home\",\"item\":\"https:\/\/bellica3g.com\/es\/\"},{\"@type\":\"ListItem\",\"position\":2,\"name\":\"Nuestros juegos\",\"item\":\"https:\/\/bellica3g.com\/es\/apoyo-al-jugador\/\"},{\"@type\":\"ListItem\",\"position\":3,\"name\":\"Comandante de Campo\"}]},{\"@type\":\"WebSite\",\"@id\":\"https:\/\/bellica3g.com\/es\/#website\",\"url\":\"https:\/\/bellica3g.com\/es\/\",\"name\":\"bellica3g\",\"description\":\"Juegos de estrategia y simulaci\u00f3n\",\"publisher\":{\"@id\":\"https:\/\/bellica3g.com\/es\/#organization\"},\"potentialAction\":[{\"@type\":\"SearchAction\",\"target\":{\"@type\":\"EntryPoint\",\"urlTemplate\":\"https:\/\/bellica3g.com\/es\/?s={search_term_string}\"},\"query-input\":{\"@type\":\"PropertyValueSpecification\",\"valueRequired\":true,\"valueName\":\"search_term_string\"}}],\"inLanguage\":\"es\"},{\"@type\":\"Organization\",\"@id\":\"https:\/\/bellica3g.com\/es\/#organization\",\"name\":\"bellica3g\",\"url\":\"https:\/\/bellica3g.com\/es\/\",\"logo\":{\"@type\":\"ImageObject\",\"inLanguage\":\"es\",\"@id\":\"https:\/\/bellica3g.com\/es\/#\/schema\/logo\/image\/\",\"url\":\"https:\/\/bellica3g.com\/wp-content\/uploads\/2023\/04\/logo-sm.svg\",\"contentUrl\":\"https:\/\/bellica3g.com\/wp-content\/uploads\/2023\/04\/logo-sm.svg\",\"width\":200,\"height\":30,\"caption\":\"bellica3g\"},\"image\":{\"@id\":\"https:\/\/bellica3g.com\/es\/#\/schema\/logo\/image\/\"}}]}<\/script>\n<!-- \/ Yoast SEO plugin. -->","yoast_head_json":{"title":"Comandante de Campo - bellica3g","robots":{"index":"index","follow":"follow","max-snippet":"max-snippet:-1","max-image-preview":"max-image-preview:large","max-video-preview":"max-video-preview:-1"},"canonical":"https:\/\/bellica3g.com\/es\/apoyo-al-jugador\/comandante-de-campo\/","og_locale":"es_ES","og_type":"article","og_title":"Comandante de Campo - bellica3g","og_description":"La serie de juegos \u201cCampaign Commander\u201d pretende servir a una triple finalidad: simular de modo realista y jugable grandes campa\u00f1as de la historia militar haciendo que cada partida pueda ser completamente diferente a la anterior, permitir a dos jugadores echar una partida en un tiempo razonable \u2013 2 \u00f3 3 horas- y ser divertida al [&hellip;]","og_url":"https:\/\/bellica3g.com\/es\/apoyo-al-jugador\/comandante-de-campo\/","og_site_name":"bellica3g","article_modified_time":"2025-05-14T17:20:23+00:00","og_image":[{"width":1164,"height":148,"url":"https:\/\/bellica3g.com\/wp-content\/uploads\/2023\/04\/Banner-RtS.jpg","type":"image\/jpeg"}],"twitter_card":"summary_large_image","twitter_misc":{"Tiempo de lectura":"2 minutos"},"schema":{"@context":"https:\/\/schema.org","@graph":[{"@type":"WebPage","@id":"https:\/\/bellica3g.com\/es\/apoyo-al-jugador\/comandante-de-campo\/","url":"https:\/\/bellica3g.com\/es\/apoyo-al-jugador\/comandante-de-campo\/","name":"Comandante de Campo - bellica3g","isPartOf":{"@id":"https:\/\/bellica3g.com\/es\/#website"},"primaryImageOfPage":{"@id":"https:\/\/bellica3g.com\/es\/apoyo-al-jugador\/comandante-de-campo\/#primaryimage"},"image":{"@id":"https:\/\/bellica3g.com\/es\/apoyo-al-jugador\/comandante-de-campo\/#primaryimage"},"thumbnailUrl":"https:\/\/bellica3g.com\/wp-content\/uploads\/2023\/04\/Banner-RtS.jpg","datePublished":"2023-04-19T11:41:34+00:00","dateModified":"2025-05-14T17:20:23+00:00","breadcrumb":{"@id":"https:\/\/bellica3g.com\/es\/apoyo-al-jugador\/comandante-de-campo\/#breadcrumb"},"inLanguage":"es","potentialAction":[{"@type":"ReadAction","target":["https:\/\/bellica3g.com\/es\/apoyo-al-jugador\/comandante-de-campo\/"]}]},{"@type":"ImageObject","inLanguage":"es","@id":"https:\/\/bellica3g.com\/es\/apoyo-al-jugador\/comandante-de-campo\/#primaryimage","url":"https:\/\/bellica3g.com\/wp-content\/uploads\/2023\/04\/Banner-RtS.jpg","contentUrl":"https:\/\/bellica3g.com\/wp-content\/uploads\/2023\/04\/Banner-RtS.jpg","width":1164,"height":148},{"@type":"BreadcrumbList","@id":"https:\/\/bellica3g.com\/es\/apoyo-al-jugador\/comandante-de-campo\/#breadcrumb","itemListElement":[{"@type":"ListItem","position":1,"name":"Home","item":"https:\/\/bellica3g.com\/es\/"},{"@type":"ListItem","position":2,"name":"Nuestros juegos","item":"https:\/\/bellica3g.com\/es\/apoyo-al-jugador\/"},{"@type":"ListItem","position":3,"name":"Comandante de Campo"}]},{"@type":"WebSite","@id":"https:\/\/bellica3g.com\/es\/#website","url":"https:\/\/bellica3g.com\/es\/","name":"bellica3g","description":"Juegos de estrategia y simulaci\u00f3n","publisher":{"@id":"https:\/\/bellica3g.com\/es\/#organization"},"potentialAction":[{"@type":"SearchAction","target":{"@type":"EntryPoint","urlTemplate":"https:\/\/bellica3g.com\/es\/?s={search_term_string}"},"query-input":{"@type":"PropertyValueSpecification","valueRequired":true,"valueName":"search_term_string"}}],"inLanguage":"es"},{"@type":"Organization","@id":"https:\/\/bellica3g.com\/es\/#organization","name":"bellica3g","url":"https:\/\/bellica3g.com\/es\/","logo":{"@type":"ImageObject","inLanguage":"es","@id":"https:\/\/bellica3g.com\/es\/#\/schema\/logo\/image\/","url":"https:\/\/bellica3g.com\/wp-content\/uploads\/2023\/04\/logo-sm.svg","contentUrl":"https:\/\/bellica3g.com\/wp-content\/uploads\/2023\/04\/logo-sm.svg","width":200,"height":30,"caption":"bellica3g"},"image":{"@id":"https:\/\/bellica3g.com\/es\/#\/schema\/logo\/image\/"}}]}},"_links":{"self":[{"href":"https:\/\/bellica3g.com\/es\/wp-json\/wp\/v2\/pages\/158","targetHints":{"allow":["GET"]}}],"collection":[{"href":"https:\/\/bellica3g.com\/es\/wp-json\/wp\/v2\/pages"}],"about":[{"href":"https:\/\/bellica3g.com\/es\/wp-json\/wp\/v2\/types\/page"}],"author":[{"embeddable":true,"href":"https:\/\/bellica3g.com\/es\/wp-json\/wp\/v2\/users\/1"}],"replies":[{"embeddable":true,"href":"https:\/\/bellica3g.com\/es\/wp-json\/wp\/v2\/comments?post=158"}],"version-history":[{"count":5,"href":"https:\/\/bellica3g.com\/es\/wp-json\/wp\/v2\/pages\/158\/revisions"}],"predecessor-version":[{"id":541,"href":"https:\/\/bellica3g.com\/es\/wp-json\/wp\/v2\/pages\/158\/revisions\/541"}],"up":[{"embeddable":true,"href":"https:\/\/bellica3g.com\/es\/wp-json\/wp\/v2\/pages\/151"}],"wp:featuredmedia":[{"embeddable":true,"href":"https:\/\/bellica3g.com\/es\/wp-json\/wp\/v2\/media\/971"}],"wp:attachment":[{"href":"https:\/\/bellica3g.com\/es\/wp-json\/wp\/v2\/media?parent=158"}],"curies":[{"name":"wp","href":"https:\/\/api.w.org\/{rel}","templated":true}]}}