{"id":160,"date":"2023-04-19T11:42:17","date_gmt":"2023-04-19T11:42:17","guid":{"rendered":"http:\/\/bellica3g.com\/?page_id=160"},"modified":"2025-05-15T05:23:25","modified_gmt":"2025-05-15T05:23:25","slug":"schwerpunkt-batallas-de-la-era-industrial","status":"publish","type":"page","link":"https:\/\/bellica3g.com\/es\/apoyo-al-jugador\/schwerpunkt-batallas-de-la-era-industrial\/","title":{"rendered":"Schwerpunkt: Batallas de la Era Industrial"},"content":{"rendered":"\n<section class=\"wp-block-group\"><div class=\"wp-block-group__inner-container is-layout-constrained wp-block-group-is-layout-constrained\">\n<div class=\"wp-block-columns container is-layout-flex wp-container-core-columns-is-layout-9d6595d7 wp-block-columns-is-layout-flex\">\n<div class=\"wp-block-column is-layout-flow wp-block-column-is-layout-flow\" style=\"flex-basis:66.66%\">\n<p>\u201cSchwerpunkt: batallas de la era industrial\u201d es un sistema de juego que refleja la din\u00e1mica de las batallas desde mediados del siglo XIX hasta finales del siglo XX.<\/p>\n\n\n\n<p>Un siglo que transform\u00f3 completamente el rostro de la guerra. Desde las guerras napole\u00f3nicas las naciones europeas y no europeas fueron desarrollando avances tecnol\u00f3gicos y nuevas armas que no fueron puestos en acci\u00f3n completamente hasta 1914. Las guerras de la segunda mitad del siglo XIX todav\u00eda vieron combatir ej\u00e9rcitos en formaciones compactas y siguiendo patrones lineales, a\u00fan se combat\u00eda con doctrinas que se nutr\u00edan de conceptos napole\u00f3nicos.<\/p>\n\n\n\n<p>Los mismos que se usaron al comenzar la Gran Guerra en 1914. Fueron el estancamiento y la matanza ocasionados en esta contienda los que hicieron que la guerra se transformara radicalmente: los soldados empezaron combatiendo como sus padres y abuelos lo hab\u00edan hecho a finales del siglo XIX y acabaron haci\u00e9ndolo como lo har\u00edan sus hijos en la Segunda Guerra Mundial o Corea. El aumento de la potencia de fuego de las armas llev\u00f3 a un progresivo \u201cvaciamiento\u201d del campo de batalla. Avances tecnol\u00f3gicos como la artiller\u00eda de tiro r\u00e1pido y de tiro curvo, los aviones, los tanques, las ametralladoras, transformaron por completo el rostro de la batalla. A lo largo del siglo XX las batallas fueron aumentando su duraci\u00f3n y extensi\u00f3n (comp\u00e1rese la batalla de Sed\u00e1n en 1870 con la de Verd\u00fan en 1916 o la de Stalingrado en 1942), y perdiendo cada vez m\u00e1s el car\u00e1cter lineal que hab\u00edan tenido durante las guerras napole\u00f3nicas. El caos, la fricci\u00f3n y la niebla de guerra pusieron a prueba las doctrinas, las t\u00e1cticas y las capacidades de mando, comunicaciones e inteligencia de todos los ej\u00e9rcitos.<\/p>\n\n\n\n<p>Este sistema de juego permite al jugador plantearse las opciones que diferentes comandantes hist\u00f3ricos tuvieron que plantearse con los medios a su disposici\u00f3n para lograr sus objetivos en el campo de batalla. Haciendo especial \u00e9nfasis en la importancia del mando, la doctrina y la organizaci\u00f3n de los ej\u00e9rcitos, el planeamiento, el empleo de las armas y sobre todo el caos y la incertidumbre. El sistema est\u00e1 pensado para dos jugadores o equipos.<\/p>\n\n\n\n<p>El sistema de juego est\u00e1 basado en una serie de \u201capuestas\u201d que los jugadores deben hacer para intentar activar sus Cuarteles Generales. El juego careced e los usuales \u201cturnos\u201d y va reflejando el paso del tiempo con un contador de RELOJ que va avanzando \u2013o no- a medida que los Cuarteles Generales se activan y realizan acciones con sus fichas subordinadas.<\/p>\n\n\n\n<p>Uno nunca sabe qu\u00e9 pasar\u00e1 despu\u00e9s, cada activaci\u00f3n permite tomar decisiones con informaci\u00f3n incompleta y sin tener muy claro cu\u00e1les son las consecuencias, el mejor jugador ser\u00e1 el que mantenga el control a pesar de ver c\u00f3mo el enemigo penetra sus filas y reaccione adecuadamente cuando tenga la oportunidad.<\/p>\n\n\n\n<p>Con un reglamente simple \u2013no simplista- se recogen las diferentes capacidades de los distintos tipos de unidades \u2013infanter\u00eda, caballer\u00eda, artiller\u00eda, morteros, tanques\u2026- y se crea un fluido sistema de movimiento y combate que no distingue fases ni segmentos y permite reflejar de modo muy realista el \u201cir y venir\u201d de los combates a esta escala.<\/p>\n\n\n\n<p>Durante todos los juegos de la Serie la escala de terreno se mantiene constante -500m por hex\u00e1gono- y lo que var\u00eda es el tama\u00f1o de la unidad que va en ese hex\u00e1gono: desde Regimientos para la Guerra Franco-Prusiana de 1870 a compa\u00f1\u00edas para la 2\u00aa Guerra Mundial.<\/p>\n\n\n\n<p>Cada juego ser\u00e1 una caja tem\u00e1tica que incluir\u00e1 varias batallas de modo que se pueda disfrutar de una gran variedad de situaciones en las que experimentar la emoci\u00f3n del comandante que ve como sus planes no resisten al primer contacto con el enemigo\u2026<\/p>\n\n\n\n<p>Os dejamos a continuaci\u00f3n algunos archivos de los que hemos usado en las pruebas de los juegos para que pod\u00e1is echarles un vistazo.<\/p>\n<\/div>\n\n\n\n<div class=\"wp-block-column is-layout-flow wp-block-column-is-layout-flow\" style=\"flex-basis:33.33%\">\n<div class=\"wp-block-group aside-box aside-box-sticky\"><div class=\"wp-block-group__inner-container is-layout-constrained wp-block-group-is-layout-constrained\">\n<p class=\"has-text-color has-link-color has-large-font-size wp-elements-d2c4680eaacf43292740e97b7281b08f\" style=\"color:#0709e3;font-style:normal;font-weight:600\">Nuestros Juegos <\/p>\n\n\n<nav style=\"color: #0709e3;\" class=\"has-text-color is-responsive  is-vertical aside-menu wp-block-navigation is-layout-flex wp-container-core-navigation-is-layout-8cf370e7 wp-block-navigation-is-layout-flex\" aria-label=\"Nuestros juegos\" \n\t\t data-wp-interactive=\"core\/navigation\" data-wp-context='{\"overlayOpenedBy\":{\"click\":false,\"hover\":false,\"focus\":false},\"type\":\"overlay\",\"roleAttribute\":\"\",\"ariaLabel\":\"Men\\u00fa\"}'><button aria-haspopup=\"dialog\" aria-label=\"Abrir el men\u00fa\" class=\"wp-block-navigation__responsive-container-open\" \n\t\t\t\tdata-wp-on--click=\"actions.openMenuOnClick\"\n\t\t\t\tdata-wp-on--keydown=\"actions.handleMenuKeydown\"\n\t\t\t><svg width=\"24\" height=\"24\" xmlns=\"http:\/\/www.w3.org\/2000\/svg\" viewBox=\"0 0 24 24\" aria-hidden=\"true\" focusable=\"false\"><path d=\"M4 7.5h16v1.5H4z\"><\/path><path d=\"M4 15h16v1.5H4z\"><\/path><\/svg><\/button>\n\t\t\t\t<div class=\"wp-block-navigation__responsive-container\"  id=\"modal-1\" \n\t\t\t\tdata-wp-class--has-modal-open=\"state.isMenuOpen\"\n\t\t\t\tdata-wp-class--is-menu-open=\"state.isMenuOpen\"\n\t\t\t\tdata-wp-watch=\"callbacks.initMenu\"\n\t\t\t\tdata-wp-on--keydown=\"actions.handleMenuKeydown\"\n\t\t\t\tdata-wp-on--focusout=\"actions.handleMenuFocusout\"\n\t\t\t\ttabindex=\"-1\"\n\t\t\t>\n\t\t\t\t\t<div class=\"wp-block-navigation__responsive-close\" tabindex=\"-1\">\n\t\t\t\t\t\t<div class=\"wp-block-navigation__responsive-dialog\" \n\t\t\t\tdata-wp-bind--aria-modal=\"state.ariaModal\"\n\t\t\t\tdata-wp-bind--aria-label=\"state.ariaLabel\"\n\t\t\t\tdata-wp-bind--role=\"state.roleAttribute\"\n\t\t\t>\n\t\t\t\t\t\t\t<button aria-label=\"Cerrar el men\u00fa\" class=\"wp-block-navigation__responsive-container-close\" \n\t\t\t\tdata-wp-on--click=\"actions.closeMenuOnClick\"\n\t\t\t><svg xmlns=\"http:\/\/www.w3.org\/2000\/svg\" viewBox=\"0 0 24 24\" width=\"24\" height=\"24\" aria-hidden=\"true\" focusable=\"false\"><path d=\"m13.06 12 6.47-6.47-1.06-1.06L12 10.94 5.53 4.47 4.47 5.53 10.94 12l-6.47 6.47 1.06 1.06L12 13.06l6.47 6.47 1.06-1.06L13.06 12Z\"><\/path><\/svg><\/button>\n\t\t\t\t\t\t\t<div class=\"wp-block-navigation__responsive-container-content\" \n\t\t\t\tdata-wp-watch=\"callbacks.focusFirstElement\"\n\t\t\t id=\"modal-1-content\">\n\t\t\t\t\t\t\t\t<ul style=\"color: #0709e3;\" class=\"wp-block-navigation__container has-text-color is-responsive  is-vertical aside-menu wp-block-navigation\"><li style=\"font-style:normal;font-weight:600;\" class=\" wp-block-navigation-item  menu-item menu-item-type-post_type menu-item-object-page wp-block-navigation-link\"><a class=\"wp-block-navigation-item__content\"  href=\"http:\/\/bellica3g.com\/index.php\/apoyo-al-jugador\/schwerpunkt-batallas-de-la-era-industrial\/\" title=\"\"><span class=\"wp-block-navigation-item__label\">Schwerpunkt: Batallas de la Era Industrial<\/span><\/a><\/li><li style=\"font-style:normal;font-weight:600;\" class=\" wp-block-navigation-item wp-block-navigation-link\"><a class=\"wp-block-navigation-item__content\"  href=\"https:\/\/bellica3g.com\/es\/apoyo-al-jugador\/batallas-desesperadas\/\"><span class=\"wp-block-navigation-item__label\">Batallas Desesperadas<\/span><\/a><\/li><li style=\"font-style:normal;font-weight:600;\" class=\" wp-block-navigation-item  menu-item menu-item-type-post_type menu-item-object-page wp-block-navigation-link\"><a class=\"wp-block-navigation-item__content\"  href=\"http:\/\/bellica3g.com\/index.php\/apoyo-al-jugador\/comandante-de-campo\/\" title=\"\"><span class=\"wp-block-navigation-item__label\">Comandante de Campo<\/span><\/a><\/li><li style=\"font-style:normal;font-weight:600;\" class=\" wp-block-navigation-item  menu-item menu-item-type-post_type menu-item-object-page wp-block-navigation-link\"><a class=\"wp-block-navigation-item__content\"  href=\"http:\/\/bellica3g.com\/index.php\/apoyo-al-jugador\/la-busqueda-de-la-gloria\/\" title=\"\"><span class=\"wp-block-navigation-item__label\">La B\u00fasqueda de la Gloria<\/span><\/a><\/li><li style=\"font-style:normal;font-weight:600;\" class=\" wp-block-navigation-item  menu-item menu-item-type-post_type menu-item-object-page wp-block-navigation-link\"><a class=\"wp-block-navigation-item__content\"  href=\"http:\/\/bellica3g.com\/index.php\/apoyo-al-jugador\/la-era-de-los-mosquetes\/\" title=\"\"><span class=\"wp-block-navigation-item__label\">La Era de los Mosquetes<\/span><\/a><\/li><\/ul>\n\t\t\t\t\t\t\t<\/div>\n\t\t\t\t\t\t<\/div>\n\t\t\t\t\t<\/div>\n\t\t\t\t<\/div><\/nav><\/div><\/div>\n<\/div>\n<\/div>\n<\/div><\/section>\n\n\n\n<div data-wp-interactive=\"core\/file\" class=\"wp-block-file\"><object data-wp-bind--hidden=\"!state.hasPdfPreview\" hidden class=\"wp-block-file__embed\" data=\"https:\/\/bellica3g.com\/wp-content\/uploads\/2025\/05\/Reglas-de-la-Serie-v14.pdf\" type=\"application\/pdf\" style=\"width:100%;height:600px\" aria-label=\"Incrustado de Reglas de la Serie v14.\"><\/object><a id=\"wp-block-file--media-c64eb29a-5bb1-4f71-820c-c3e8c2040a6b\" href=\"https:\/\/bellica3g.com\/wp-content\/uploads\/2025\/05\/Reglas-de-la-Serie-v14.pdf\" target=\"_blank\" rel=\"noreferrer noopener\">Reglas de la Serie v14<\/a><\/div>\n\n\n\n<div data-wp-interactive=\"core\/file\" class=\"wp-block-file\"><object data-wp-bind--hidden=\"!state.hasPdfPreview\" hidden class=\"wp-block-file__embed\" data=\"https:\/\/bellica3g.com\/wp-content\/uploads\/2025\/05\/Tabla-costes-de-actividad.pdf\" type=\"application\/pdf\" style=\"width:100%;height:600px\" aria-label=\"Incrustado de Tabla costes de actividad.\"><\/object><a id=\"wp-block-file--media-18112d51-48c3-4ad1-ba6d-1cc2c8f8f4a4\" href=\"https:\/\/bellica3g.com\/wp-content\/uploads\/2025\/05\/Tabla-costes-de-actividad.pdf\" target=\"_blank\" rel=\"noreferrer noopener\">Tabla costes de actividad<\/a><\/div>\n\n\n\n<div data-wp-interactive=\"core\/file\" class=\"wp-block-file\"><object data-wp-bind--hidden=\"!state.hasPdfPreview\" hidden class=\"wp-block-file__embed\" data=\"https:\/\/bellica3g.com\/wp-content\/uploads\/2025\/05\/Tabla-efectos-del-fuego.pdf\" type=\"application\/pdf\" style=\"width:100%;height:600px\" aria-label=\"Incrustado de Tabla efectos del fuego.\"><\/object><a id=\"wp-block-file--media-61d03557-78b3-46b1-91a0-a2a1332e7ad8\" href=\"https:\/\/bellica3g.com\/wp-content\/uploads\/2025\/05\/Tabla-efectos-del-fuego.pdf\" target=\"_blank\" rel=\"noreferrer noopener\">Tabla efectos del fuego<\/a><\/div>\n\n\n\n<div data-wp-interactive=\"core\/file\" class=\"wp-block-file\"><object data-wp-bind--hidden=\"!state.hasPdfPreview\" hidden class=\"wp-block-file__embed\" data=\"https:\/\/bellica3g.com\/wp-content\/uploads\/2025\/05\/Tabla-chequeos-de-Cohesion.pdf\" type=\"application\/pdf\" style=\"width:100%;height:600px\" aria-label=\"Incrustado de Tabla chequeos de Cohesi\u00f3n.\"><\/object><a id=\"wp-block-file--media-fcf8b92f-b13e-47c8-a447-9e13f66f680c\" href=\"https:\/\/bellica3g.com\/wp-content\/uploads\/2025\/05\/Tabla-chequeos-de-Cohesion.pdf\" target=\"_blank\" rel=\"noreferrer noopener\">Tabla chequeos de Cohesi\u00f3n<\/a><\/div>\n","protected":false},"excerpt":{"rendered":"<p>\u201cSchwerpunkt: batallas de la era industrial\u201d es un sistema de juego que refleja la din\u00e1mica de las batallas desde mediados del siglo XIX hasta finales del siglo XX. Un siglo que transform\u00f3 completamente el rostro de la guerra. Desde las guerras napole\u00f3nicas las naciones europeas y no europeas fueron desarrollando avances tecnol\u00f3gicos y nuevas armas [&hellip;]<\/p>\n","protected":false},"author":1,"featured_media":0,"parent":151,"menu_order":0,"comment_status":"closed","ping_status":"closed","template":"page-templates\/page-sidebar-none.php","meta":{"footnotes":""},"class_list":["post-160","page","type-page","status-publish","hentry"],"yoast_head":"<!-- This site is optimized with the Yoast SEO plugin v27.2 - https:\/\/yoast.com\/product\/yoast-seo-wordpress\/ -->\n<title>Schwerpunkt: Batallas de la Era Industrial - bellica3g<\/title>\n<meta name=\"robots\" content=\"index, follow, max-snippet:-1, max-image-preview:large, max-video-preview:-1\" \/>\n<link rel=\"canonical\" href=\"https:\/\/bellica3g.com\/es\/apoyo-al-jugador\/schwerpunkt-batallas-de-la-era-industrial\/\" \/>\n<meta property=\"og:locale\" content=\"es_ES\" \/>\n<meta property=\"og:type\" content=\"article\" \/>\n<meta property=\"og:title\" content=\"Schwerpunkt: Batallas de la Era Industrial - bellica3g\" \/>\n<meta property=\"og:description\" content=\"\u201cSchwerpunkt: batallas de la era industrial\u201d es un sistema de juego que refleja la din\u00e1mica de las batallas desde mediados del siglo XIX hasta finales del siglo XX. Un siglo que transform\u00f3 completamente el rostro de la guerra. Desde las guerras napole\u00f3nicas las naciones europeas y no europeas fueron desarrollando avances tecnol\u00f3gicos y nuevas armas [&hellip;]\" \/>\n<meta property=\"og:url\" content=\"https:\/\/bellica3g.com\/es\/apoyo-al-jugador\/schwerpunkt-batallas-de-la-era-industrial\/\" \/>\n<meta property=\"og:site_name\" content=\"bellica3g\" \/>\n<meta property=\"article:modified_time\" content=\"2025-05-15T05:23:25+00:00\" \/>\n<meta name=\"twitter:card\" content=\"summary_large_image\" \/>\n<meta name=\"twitter:label1\" content=\"Tiempo de lectura\" \/>\n\t<meta name=\"twitter:data1\" content=\"3 minutos\" \/>\n<script type=\"application\/ld+json\" class=\"yoast-schema-graph\">{\"@context\":\"https:\/\/schema.org\",\"@graph\":[{\"@type\":\"WebPage\",\"@id\":\"https:\/\/bellica3g.com\/es\/apoyo-al-jugador\/schwerpunkt-batallas-de-la-era-industrial\/\",\"url\":\"https:\/\/bellica3g.com\/es\/apoyo-al-jugador\/schwerpunkt-batallas-de-la-era-industrial\/\",\"name\":\"Schwerpunkt: Batallas de la Era Industrial - bellica3g\",\"isPartOf\":{\"@id\":\"https:\/\/bellica3g.com\/es\/#website\"},\"datePublished\":\"2023-04-19T11:42:17+00:00\",\"dateModified\":\"2025-05-15T05:23:25+00:00\",\"breadcrumb\":{\"@id\":\"https:\/\/bellica3g.com\/es\/apoyo-al-jugador\/schwerpunkt-batallas-de-la-era-industrial\/#breadcrumb\"},\"inLanguage\":\"es\",\"potentialAction\":[{\"@type\":\"ReadAction\",\"target\":[\"https:\/\/bellica3g.com\/es\/apoyo-al-jugador\/schwerpunkt-batallas-de-la-era-industrial\/\"]}]},{\"@type\":\"BreadcrumbList\",\"@id\":\"https:\/\/bellica3g.com\/es\/apoyo-al-jugador\/schwerpunkt-batallas-de-la-era-industrial\/#breadcrumb\",\"itemListElement\":[{\"@type\":\"ListItem\",\"position\":1,\"name\":\"Home\",\"item\":\"https:\/\/bellica3g.com\/es\/\"},{\"@type\":\"ListItem\",\"position\":2,\"name\":\"Nuestros juegos\",\"item\":\"https:\/\/bellica3g.com\/es\/apoyo-al-jugador\/\"},{\"@type\":\"ListItem\",\"position\":3,\"name\":\"Schwerpunkt: Batallas de la Era Industrial\"}]},{\"@type\":\"WebSite\",\"@id\":\"https:\/\/bellica3g.com\/es\/#website\",\"url\":\"https:\/\/bellica3g.com\/es\/\",\"name\":\"bellica3g\",\"description\":\"Juegos de estrategia y simulaci\u00f3n\",\"publisher\":{\"@id\":\"https:\/\/bellica3g.com\/es\/#organization\"},\"potentialAction\":[{\"@type\":\"SearchAction\",\"target\":{\"@type\":\"EntryPoint\",\"urlTemplate\":\"https:\/\/bellica3g.com\/es\/?s={search_term_string}\"},\"query-input\":{\"@type\":\"PropertyValueSpecification\",\"valueRequired\":true,\"valueName\":\"search_term_string\"}}],\"inLanguage\":\"es\"},{\"@type\":\"Organization\",\"@id\":\"https:\/\/bellica3g.com\/es\/#organization\",\"name\":\"bellica3g\",\"url\":\"https:\/\/bellica3g.com\/es\/\",\"logo\":{\"@type\":\"ImageObject\",\"inLanguage\":\"es\",\"@id\":\"https:\/\/bellica3g.com\/es\/#\/schema\/logo\/image\/\",\"url\":\"https:\/\/bellica3g.com\/wp-content\/uploads\/2023\/04\/logo-sm.svg\",\"contentUrl\":\"https:\/\/bellica3g.com\/wp-content\/uploads\/2023\/04\/logo-sm.svg\",\"width\":200,\"height\":30,\"caption\":\"bellica3g\"},\"image\":{\"@id\":\"https:\/\/bellica3g.com\/es\/#\/schema\/logo\/image\/\"}}]}<\/script>\n<!-- \/ Yoast SEO plugin. -->","yoast_head_json":{"title":"Schwerpunkt: Batallas de la Era Industrial - bellica3g","robots":{"index":"index","follow":"follow","max-snippet":"max-snippet:-1","max-image-preview":"max-image-preview:large","max-video-preview":"max-video-preview:-1"},"canonical":"https:\/\/bellica3g.com\/es\/apoyo-al-jugador\/schwerpunkt-batallas-de-la-era-industrial\/","og_locale":"es_ES","og_type":"article","og_title":"Schwerpunkt: Batallas de la Era Industrial - bellica3g","og_description":"\u201cSchwerpunkt: batallas de la era industrial\u201d es un sistema de juego que refleja la din\u00e1mica de las batallas desde mediados del siglo XIX hasta finales del siglo XX. Un siglo que transform\u00f3 completamente el rostro de la guerra. Desde las guerras napole\u00f3nicas las naciones europeas y no europeas fueron desarrollando avances tecnol\u00f3gicos y nuevas armas [&hellip;]","og_url":"https:\/\/bellica3g.com\/es\/apoyo-al-jugador\/schwerpunkt-batallas-de-la-era-industrial\/","og_site_name":"bellica3g","article_modified_time":"2025-05-15T05:23:25+00:00","twitter_card":"summary_large_image","twitter_misc":{"Tiempo de lectura":"3 minutos"},"schema":{"@context":"https:\/\/schema.org","@graph":[{"@type":"WebPage","@id":"https:\/\/bellica3g.com\/es\/apoyo-al-jugador\/schwerpunkt-batallas-de-la-era-industrial\/","url":"https:\/\/bellica3g.com\/es\/apoyo-al-jugador\/schwerpunkt-batallas-de-la-era-industrial\/","name":"Schwerpunkt: Batallas de la Era Industrial - bellica3g","isPartOf":{"@id":"https:\/\/bellica3g.com\/es\/#website"},"datePublished":"2023-04-19T11:42:17+00:00","dateModified":"2025-05-15T05:23:25+00:00","breadcrumb":{"@id":"https:\/\/bellica3g.com\/es\/apoyo-al-jugador\/schwerpunkt-batallas-de-la-era-industrial\/#breadcrumb"},"inLanguage":"es","potentialAction":[{"@type":"ReadAction","target":["https:\/\/bellica3g.com\/es\/apoyo-al-jugador\/schwerpunkt-batallas-de-la-era-industrial\/"]}]},{"@type":"BreadcrumbList","@id":"https:\/\/bellica3g.com\/es\/apoyo-al-jugador\/schwerpunkt-batallas-de-la-era-industrial\/#breadcrumb","itemListElement":[{"@type":"ListItem","position":1,"name":"Home","item":"https:\/\/bellica3g.com\/es\/"},{"@type":"ListItem","position":2,"name":"Nuestros juegos","item":"https:\/\/bellica3g.com\/es\/apoyo-al-jugador\/"},{"@type":"ListItem","position":3,"name":"Schwerpunkt: Batallas de la Era Industrial"}]},{"@type":"WebSite","@id":"https:\/\/bellica3g.com\/es\/#website","url":"https:\/\/bellica3g.com\/es\/","name":"bellica3g","description":"Juegos de estrategia y simulaci\u00f3n","publisher":{"@id":"https:\/\/bellica3g.com\/es\/#organization"},"potentialAction":[{"@type":"SearchAction","target":{"@type":"EntryPoint","urlTemplate":"https:\/\/bellica3g.com\/es\/?s={search_term_string}"},"query-input":{"@type":"PropertyValueSpecification","valueRequired":true,"valueName":"search_term_string"}}],"inLanguage":"es"},{"@type":"Organization","@id":"https:\/\/bellica3g.com\/es\/#organization","name":"bellica3g","url":"https:\/\/bellica3g.com\/es\/","logo":{"@type":"ImageObject","inLanguage":"es","@id":"https:\/\/bellica3g.com\/es\/#\/schema\/logo\/image\/","url":"https:\/\/bellica3g.com\/wp-content\/uploads\/2023\/04\/logo-sm.svg","contentUrl":"https:\/\/bellica3g.com\/wp-content\/uploads\/2023\/04\/logo-sm.svg","width":200,"height":30,"caption":"bellica3g"},"image":{"@id":"https:\/\/bellica3g.com\/es\/#\/schema\/logo\/image\/"}}]}},"_links":{"self":[{"href":"https:\/\/bellica3g.com\/es\/wp-json\/wp\/v2\/pages\/160","targetHints":{"allow":["GET"]}}],"collection":[{"href":"https:\/\/bellica3g.com\/es\/wp-json\/wp\/v2\/pages"}],"about":[{"href":"https:\/\/bellica3g.com\/es\/wp-json\/wp\/v2\/types\/page"}],"author":[{"embeddable":true,"href":"https:\/\/bellica3g.com\/es\/wp-json\/wp\/v2\/users\/1"}],"replies":[{"embeddable":true,"href":"https:\/\/bellica3g.com\/es\/wp-json\/wp\/v2\/comments?post=160"}],"version-history":[{"count":7,"href":"https:\/\/bellica3g.com\/es\/wp-json\/wp\/v2\/pages\/160\/revisions"}],"predecessor-version":[{"id":1077,"href":"https:\/\/bellica3g.com\/es\/wp-json\/wp\/v2\/pages\/160\/revisions\/1077"}],"up":[{"embeddable":true,"href":"https:\/\/bellica3g.com\/es\/wp-json\/wp\/v2\/pages\/151"}],"wp:attachment":[{"href":"https:\/\/bellica3g.com\/es\/wp-json\/wp\/v2\/media?parent=160"}],"curies":[{"name":"wp","href":"https:\/\/api.w.org\/{rel}","templated":true}]}}