{"id":2,"date":"2023-02-23T10:47:54","date_gmt":"2023-02-23T10:47:54","guid":{"rendered":"http:\/\/bellica3g.com\/?page_id=2"},"modified":"2025-04-02T15:41:35","modified_gmt":"2025-04-02T15:41:35","slug":"aviso-legal","status":"publish","type":"page","link":"https:\/\/bellica3g.com\/es\/aviso-legal\/","title":{"rendered":"Aviso Legal"},"content":{"rendered":"\n<section class=\"wp-block-group container\"><div class=\"wp-block-group__inner-container is-layout-constrained wp-block-group-is-layout-constrained\">\n<p>El presente documento establece las Condiciones Generales de Uso del portal de Internet www.bellica.com, (en adelante el portal) que la sociedad cuyos datos registrales se muestran a continuaci\u00f3n presta en internet:<\/p>\n\n\n\n<p>La utilizaci\u00f3n de los servicios y\/o contenidos del portal por parte del usuario supone y expresa su adhesi\u00f3n y aceptaci\u00f3n expresa a todas las Condiciones Generales de Uso en la versi\u00f3n publicada en el presente sitio web, as\u00ed como a la pol\u00edtica de protecci\u00f3n de datos.<\/p>\n\n\n\n<p>Las presentes Condiciones Generales de Uso no excluyen la posibilidad de que determinados servicios del portal, por sus caracter\u00edsticas particulares, sean sometidos, adem\u00e1s de a las Condiciones Generales de Uso, a sus propias condiciones espec\u00edficas de uso.<\/p>\n\n\n\n<p><strong>Condiciones de utilizaci\u00f3n del portal<\/strong><\/p>\n\n\n\n<p>Como regla general, el usuario se compromete a utilizar los servicios y contenidos del portal conforme a lo establecido en la ley, la moral, el orden p\u00fablico y en las presentes Condiciones Generales de Uso, y en las condiciones espec\u00edficas de uso que, en su caso, le sean de aplicaci\u00f3n. Asimismo, se compromete a hacer un uso adecuado de los servicios y\/o contenidos del portal y a no emplearlos para realizar actividades il\u00edcitas o constitutivas de delito y\/o que infrinjan la regulaci\u00f3n sobre propiedad intelectual e industrial, o cualesquiera otras normas del ordenamiento jur\u00eddico aplicable. En aquellos servicios que por su naturaleza permitan al usuario introducir cualquier tipo de informaci\u00f3n, elemento o contenido en el portal, el usuario se compromete a que \u00e9stos sean conformes a la ley, la moral, el orden p\u00fablico y las presentes Condiciones Generales de Uso y, en su caso, a las espec\u00edficas o particulares que le sean de aplicaci\u00f3n.<\/p>\n\n\n\n<p>A t\u00edtulo enunciativo, y en ning\u00fan caso limitativo o excluyente, el usuario se compromete a:<\/p>\n\n\n\n<ul class=\"wp-block-list\">\n<li>No introducir o difundir contenidos o propaganda de car\u00e1cter racista, xen\u00f3fobo, pornogr\u00e1fico, de apolog\u00eda del terrorismo o que atenten contra los derechos humanos.<br><\/li>\n\n\n\n<li>No introducir o difundir en la red programas de datos (virus y software nocivo) susceptibles de provocar da\u00f1os en los sistemas inform\u00e1ticos del proveedor de acceso, sus proveedores o terceros usuarios de la red Internet.<br><\/li>\n\n\n\n<li>No transmitir a terceros no autorizados los nombres de usuario y las contrase\u00f1as, y si sus contrase\u00f1as llegan a conocimiento de un usuario no autorizado, se compromete a informar inmediatamente.<br><\/li>\n\n\n\n<li>No difundir, transmitir o poner a disposici\u00f3n de terceros cualquier tipo de informaci\u00f3n, elemento o contenido que atente contra los derechos fundamentales y las libertades p\u00fablicas reconocidos constitucionalmente y en los tratados internacionales.<br><\/li>\n\n\n\n<li>No difundir, transmitir o poner a disposici\u00f3n de terceros cualquier tipo de informaci\u00f3n, elemento o contenido que suponga una violaci\u00f3n de los derechos de propiedad intelectual e industrial, patentes, marcas o copyright que correspondan a BELLICA o a terceros.<br><\/li>\n\n\n\n<li>No difundir, transmitir o poner a disposici\u00f3n de terceros cualquier tipo de informaci\u00f3n, elemento o contenido que constituya publicidad il\u00edcita o desleal.<br><\/li>\n\n\n\n<li>No transmitir publicidad no solicitada o autorizada, material publicitario, \u00abcorreo basura\u00bb, \u00abcartas en cadena\u00bb, \u00abestructuras piramidales\u00bb, o cualquier otra forma de solicitaci\u00f3n, excepto en aquellas \u00e1reas (tales como espacios comerciales) que hayan sido exclusivamente concebidas para ello.<br><\/li>\n\n\n\n<li>No suplantar a otros usuarios utilizando sus contrase\u00f1as o claves de acceso a los distintos servicios y\/o contenidos del portal.<\/li>\n<\/ul>\n\n\n\n<p><strong>Propiedad Intelectual e Industrial<\/strong><\/p>\n\n\n\n<p>Todos los contenidos, elementos e informaci\u00f3n a los que el usuario pueda acceder a trav\u00e9s del portal est\u00e1n sujetos a derechos de propiedad industrial e intelectual, patentes marcas, copyright de la propia BELLICA o de terceros titulares de los mismos. El acceso a dichos contenidos o elementos a trav\u00e9s de los servicios del portal o cualquier tercero no otorga al cliente el derecho de alteraci\u00f3n, modificaci\u00f3n, explotaci\u00f3n, reproducci\u00f3n, distribuci\u00f3n o comunicaci\u00f3n p\u00fablica o cualquier otro derecho que corresponda al titular del derecho afectado. El cliente se compromete a utilizar los contenidos y\/o elementos a los que acceda a trav\u00e9s de los servicios del portal para su propio uso y necesidades, y a no realizar en ning\u00fan caso una explotaci\u00f3n comercial, directa o indirecta de los mismos<\/p>\n\n\n\n<p>En relaci\u00f3n con cualquier contenido o elemento que el usuario decida enviar al sitio web BELLICA , el cliente concede a BELLICA el derecho y la licencia permanentes, irrevocables y de car\u00e1cter no exclusivo para utilizar, reproducir, modificar, adaptar, publicar, traducir, crear trabajos derivados de los mismos, distribuir, ejecutar y mostrar dicho contenido o elemento (total o parcialmente) a nivel mundial y\/o para incorporarlo en otros trabajos de cualquier modo, medios de comunicaci\u00f3n o tecnolog\u00eda.<\/p>\n\n\n\n<p>En el caso de que cualquier Usuario o un tercero considere que alguno de los contenidos de los portales de propiedad de BELLICA vulnera sus derechos de propiedad intelectual o industrial, deber\u00e1 remitir una comunicaci\u00f3n a&nbsp;<a href=\"mailto:info@BELLICA.com\">info@BELLICA.com<\/a>, al n\u00famero de fax +34 902 955 551 con la siguiente informaci\u00f3n:<\/p>\n\n\n\n<p>Nombre y apellidos, direcci\u00f3n postal y direcci\u00f3n de correo electr\u00f3nico del afectado o, en su caso, de la persona autorizada para actuar en su nombre, indicando el t\u00edtulo en virtud del cual ostenta la representaci\u00f3n (en adelante, el reclamante).<\/p>\n\n\n\n<p>Declaraci\u00f3n por parte del reclamante en la que afirme ser el titular de los derechos supuestamente infringidos, incluyendo su firma, f\u00edsica o digital.<\/p>\n\n\n\n<p>Descripci\u00f3n precisa de los contenidos protegidos por los derechos de propiedad intelectual supuestamente infringidos, as\u00ed como su ubicaci\u00f3n exacta dentro del portal.<\/p>\n\n\n\n<p>Declaraci\u00f3n expresa por parte del reclamante de que la utilizaci\u00f3n de los contenidos se ha realizado sin el consentimiento del titular de los derechos supuestamente infringidos<\/p>\n\n\n\n<p><strong>Modificaciones<\/strong><\/p>\n\n\n\n<p>BELLICA se reserva el derecho a efectuar las modificaciones que estime oportunas, pudiendo modificar, suprimir e incluir, unilateralmente y sin previo aviso, nuevos contenidos y\/o servicios, as\u00ed como la forma en que \u00e9stos aparezcan presentados y localizados. De igual forma, el cliente acepta que BELLICA se reserva el derecho de modificar y actualizar peri\u00f3dicamente las presentes condiciones de uso, as\u00ed como las especificas de cada servicio, as\u00ed como su car\u00e1cter gratuito o remunerado. Salvo que ese establezca lo contrario, la introducci\u00f3n de cualquier caracter\u00edstica que modifique los actuales servicios y\/o la introducci\u00f3n de nuevos servicios quedar\u00e1n sujetos a las presentes condiciones de uso.<\/p>\n\n\n\n<p><strong>Exclusi\u00f3n de garant\u00edas<\/strong><\/p>\n\n\n\n<p>BELLICA no garantiza la disponibilidad y continuidad del funcionamiento del portal y de los servicios. BELLICA no controla previamente, aprueba ni hace propios los servicios, informaci\u00f3n, datos, archivos, productos y cualquier clase de informaci\u00f3n y contenido en los sitios web a los que el usuario puede acceder a trav\u00e9s del portal. De igual forma, no controla con car\u00e1cter previo y no garantiza la ausencia de virus en los servicios prestados por terceros a trav\u00e9s del portal. BELLICA no garantiza que los usuarios del portal utilicen los contenidos y\/o servicios del mismo de conformidad con la ley, la moral, el orden p\u00fablico, ni las presentes Condiciones Generales y, en su caso, las condiciones espec\u00edficas que resulten de aplicaci\u00f3n. BELLICA no garantiza la veracidad y exactitud, exahustividad y\/o autenticidad de los datos proporcionados por los usuarios.<\/p>\n\n\n\n<p><strong>Confidencialidad y Protecci\u00f3n de Datos<\/strong><\/p>\n\n\n\n<p>Cualquier dato de car\u00e1cter personal que el usuario proporcione para la utilizaci\u00f3n de los servicios y\/o contenidos del portal estar\u00e1 sujeto a lo establecido en nuestra pol\u00edtica de protecci\u00f3n de datos.<\/p>\n\n\n\n<p><strong>Contrataci\u00f3n con anunciantes o con terceros \/ Publicidad en el portal<\/strong><\/p>\n\n\n\n<p>El cliente acepta que cualquier relaci\u00f3n contractual o extracontractual que, en su caso formalice con los anunciantes o terceras personas contactadas a trav\u00e9s del portal, as\u00ed como su participaci\u00f3n en concursos, promociones, compraventa de bienes o servicios, se entienden realizados \u00fanica y exclusivamente entre el cliente y el anunciante. En consecuencia, el cliente acepta que BELLICA no tiene ning\u00fan tipo de responsabilidad sobre los da\u00f1os o perjuicios ocasionados con motivo de sus negociaciones, conversaciones y\/o relaciones contractuales o extracontractuales con los anunciantes o terceras personas contactadas a trav\u00e9s del portal.<\/p>\n\n\n\n<p><strong>Responsabilidad sobre contenidos<\/strong><\/p>\n\n\n\n<p>BELLICA no ser\u00e1 responsable de la exactitud, calidad, fiabilidad, correcci\u00f3n, moralidad, y legalidad de las ofertas de trabajo, cursos, promociones, ofertas de bienes, datos, programas, informaciones u opiniones, y cualquier contenido y\/o servicio contenidas en el portal.<\/p>\n\n\n\n<p>Asimismo, BELLICA no ser\u00e1 responsable por los da\u00f1os y perjuicios causados por la presencia de virus o cualquier otro elemento lesivo que pueda producir alteraciones en el sistema inform\u00e1tico del usuario, en sus documentos electr\u00f3nicos o ficheros almacenados en los servidores del portal. A t\u00edtulo meramente enunciativo, pero no limitativo, BELLICA no ser\u00e1 responsable de los da\u00f1os o perjuicios de cualquier naturaleza causados, directa o indirectamente al cliente como consecuencia de:<\/p>\n\n\n\n<ul class=\"wp-block-list\">\n<li>El uso o la imposibilidad de uso de los servicios y contenidos del portal, en los casos de fuerza mayor, caso fortuito u otras causas no imputables al mismo.<br><\/li>\n\n\n\n<li>El coste incurrido para la obtenci\u00f3n de bienes o servicios, o informaci\u00f3n o mensajes obtenidos u operaciones concertadas a trav\u00e9s o desde los servicios del portal.<br><\/li>\n\n\n\n<li>Declaraciones de conducta, o cualquier tipo de contenido, informaci\u00f3n elemento introducidos por terceros a trav\u00e9s de servicios prestados por el portal.<br><\/li>\n\n\n\n<li>De las modificaciones y\/o suspensiones de los contenidos o servicios del portal. El cliente asume bajo su exclusiva responsabilidad los da\u00f1os o perjuicios que, en su caso, pudieran derivarse del acceso a dichos contenidos, as\u00ed como de cualquier da\u00f1o o perjuicio ocasionado a su sistema inform\u00e1tico por cualquier material descargado o de cualquier modo obtenido a trav\u00e9s del uso de los servicios o por cualquier p\u00e9rdida de datos derivada de descargar dicho material.<\/li>\n<\/ul>\n\n\n\n<p>BELLICA entender\u00e1 que los contenidos colgados en las p\u00e1ginas web de sus usuarios son creaciones originales de los mismos, salvo que \u00e9stos expresen que un contenido de su p\u00e1gina es de titularidad ajena; en tal caso se deber\u00e1 hacer menci\u00f3n expresa a su autor y, si procede, a su p\u00e1gina web, entendiendo BELLICA que el usuario cuenta con la autorizaci\u00f3n necesaria para su uso.<\/p>\n\n\n\n<p><strong>Dispositivos t\u00e9cnicos de enlace<\/strong><\/p>\n\n\n\n<p>BELLICA no ser\u00e1 responsable de la disponibilidad t\u00e9cnica, calidad, fiabilidad exactitud y\/o veracidad de los servicios, informaciones, elementos y\/o contenidos a los que el usuario pueda acceder a trav\u00e9s de los dispositivos t\u00e9cnicos de enlaces y\/o directorios de b\u00fasqueda incluidos en el portal. Asimismo, BELLICA no ser\u00e1 responsable de los da\u00f1os y perjuicios causados como consecuencia de la disponibilidad, funcionamiento, accesibilidad y continuidad de los sitios web a los que el usuario acceda a y trav\u00e9s del portal.<\/p>\n\n\n\n<p><strong>Responsabilidad por conductas de los usuarios<\/strong><\/p>\n\n\n\n<p>El cliente reconoce y acepta que el uso de los contenidos y\/o servicios ofrecidos por el portal BELLICA ser\u00e1 bajo su exclusivo riesgo y\/o responsabilidad. BELLICA no garantiza que los usuarios del Portal utilicen sus contenidos y\/o servicios de conformidad con la ley, la moral, el orden p\u00fablico, ni con las condiciones del Portal. BELLICA , no garantiza la veracidad y exactitud, exhaustividad y\/o autenticidad de los datos proporcionados por los usuarios. En consecuencia, BELLICA no ser\u00e1 responsable de:<\/p>\n\n\n\n<ul class=\"wp-block-list\">\n<li>Los da\u00f1os y perjuicios causados a terceros derivados de la utilizaci\u00f3n por parte del usuario de los servicios y contenidos del portal.<br><\/li>\n\n\n\n<li>Los da\u00f1os y perjuicios causados por la falta de veracidad, exactitud o incorrecci\u00f3n de la identidad de los usuarios y de toda informaci\u00f3n que \u00e9stos proporcionen o hagan accesible a otros usuarios.<br><\/li>\n<\/ul>\n\n\n\n<p>BELLICA no ser\u00e1 responsable de los da\u00f1os y perjuicios derivados de infracciones de cualquier usuario que afecten a los derechos de otro usuario, o de terceros, incluyendo los derechos de copyright, marca, patentes, informaci\u00f3n confidencial y cualquier otro derecho de propiedad intelectual e industrial. El usuario responder\u00e1 de los da\u00f1os y perjuicios de toda naturaleza que BELLICA o sus proveedores o entidades con que tenga un acuerdo de colaboraci\u00f3n puedan sufrir como consecuencia del incumplimiento de las presentes condiciones generales de uso.<\/p>\n\n\n\n<p>No obstante, si BELLICA o cualquiera de ellos debiera satisfacer cualquier tipo de indemnizaci\u00f3n como consecuencia del incumplimiento se\u00f1alado en el p\u00e1rrafo anterior, el usuario reintegrar\u00e1 a BELLICA la cantidad abonada por tal motivo en un plazo de 60 d\u00edas naturales desde la notificaci\u00f3n por parte de BELLICA<\/p>\n\n\n\n<p><strong>Derecho de exclusi\u00f3n<\/strong><\/p>\n\n\n\n<p>BELLICA se reserva el derecho a denegar o retirara el acceso al portal y\/o los servicios ofrecidos, sin necesidad de preaviso a instancia propia o de un tercero, a aquellos usuarios que incumplan las presentes Condiciones Generales de Uso y\/o las condiciones de uso espec\u00edficas que, en su caso, resulten de aplicaci\u00f3n.<\/p>\n\n\n\n<p><strong>Duraci\u00f3n y Terminaci\u00f3n<\/strong><\/p>\n\n\n\n<p>La prestaci\u00f3n de los servicios y\/o contenidos del portal tiene una duraci\u00f3n indefinida. Sin perjuicio de lo anterior, BELLICA est\u00e1 facultada para dar por terminada, suspender o interrumpir unilateralmente, en cualquier momento y sin necesidad de preaviso, la prestaci\u00f3n del servicio del portal y\/o de cualquiera de los servicios, sin perjuicio de lo que se hubiera dispuesto al respecto en las correspondientes condiciones particulares.<\/p>\n\n\n\n<p><strong>Ley aplicable y jurisdicci\u00f3n<\/strong><\/p>\n\n\n\n<p>Estas Condiciones Generales se rigen por la ley espa\u00f1ola. BELLICA y el usuario, con renuncia expresa a cualquier otro fuero, se someten al de los Juzgados y Tribunales del domicilio de la sociedad para cualquier controversia que pudiera derivarse de la prestaci\u00f3n de los servicios objeto de estas Condiciones Generales. En el caso de que el usuario tenga su domicilio fuera de Espa\u00f1a, BELLICA y el usuario se someten, con renuncia expresa a cualquier otro fuero, a los juzgados y tribunales de la ciudad de Granada (Espa\u00f1a).<\/p>\n<\/div><\/section>\n","protected":false},"excerpt":{"rendered":"<p>El presente documento establece las Condiciones Generales de Uso del portal de Internet www.bellica.com, (en adelante el portal) que la sociedad cuyos datos registrales se muestran a continuaci\u00f3n presta en internet: La utilizaci\u00f3n de los servicios y\/o contenidos del portal por parte del usuario supone y expresa su adhesi\u00f3n y aceptaci\u00f3n expresa a todas las [&hellip;]<\/p>\n","protected":false},"author":1,"featured_media":0,"parent":0,"menu_order":0,"comment_status":"closed","ping_status":"open","template":"page-templates\/page-sidebar-none.php","meta":{"footnotes":""},"class_list":["post-2","page","type-page","status-publish","hentry"],"yoast_head":"<!-- This site is optimized with the Yoast SEO plugin v27.2 - https:\/\/yoast.com\/product\/yoast-seo-wordpress\/ -->\n<title>Aviso Legal - bellica3g<\/title>\n<meta name=\"robots\" content=\"index, follow, max-snippet:-1, max-image-preview:large, max-video-preview:-1\" \/>\n<link rel=\"canonical\" href=\"https:\/\/bellica3g.com\/es\/aviso-legal\/\" \/>\n<meta property=\"og:locale\" content=\"es_ES\" \/>\n<meta property=\"og:type\" content=\"article\" \/>\n<meta property=\"og:title\" content=\"Aviso Legal - bellica3g\" \/>\n<meta property=\"og:description\" content=\"El presente documento establece las Condiciones Generales de Uso del portal de Internet www.bellica.com, (en adelante el portal) que la sociedad cuyos datos registrales se muestran a continuaci\u00f3n presta en internet: La utilizaci\u00f3n de los servicios y\/o contenidos del portal por parte del usuario supone y expresa su adhesi\u00f3n y aceptaci\u00f3n expresa a todas las [&hellip;]\" \/>\n<meta property=\"og:url\" content=\"https:\/\/bellica3g.com\/es\/aviso-legal\/\" \/>\n<meta property=\"og:site_name\" content=\"bellica3g\" \/>\n<meta property=\"article:modified_time\" content=\"2025-04-02T15:41:35+00:00\" \/>\n<meta name=\"twitter:card\" content=\"summary_large_image\" \/>\n<meta name=\"twitter:label1\" content=\"Tiempo de lectura\" \/>\n\t<meta name=\"twitter:data1\" content=\"12 minutos\" \/>\n<script type=\"application\/ld+json\" class=\"yoast-schema-graph\">{\"@context\":\"https:\/\/schema.org\",\"@graph\":[{\"@type\":\"WebPage\",\"@id\":\"https:\/\/bellica3g.com\/es\/aviso-legal\/\",\"url\":\"https:\/\/bellica3g.com\/es\/aviso-legal\/\",\"name\":\"Aviso Legal - bellica3g\",\"isPartOf\":{\"@id\":\"https:\/\/bellica3g.com\/es\/#website\"},\"datePublished\":\"2023-02-23T10:47:54+00:00\",\"dateModified\":\"2025-04-02T15:41:35+00:00\",\"breadcrumb\":{\"@id\":\"https:\/\/bellica3g.com\/es\/aviso-legal\/#breadcrumb\"},\"inLanguage\":\"es\",\"potentialAction\":[{\"@type\":\"ReadAction\",\"target\":[\"https:\/\/bellica3g.com\/es\/aviso-legal\/\"]}]},{\"@type\":\"BreadcrumbList\",\"@id\":\"https:\/\/bellica3g.com\/es\/aviso-legal\/#breadcrumb\",\"itemListElement\":[{\"@type\":\"ListItem\",\"position\":1,\"name\":\"Home\",\"item\":\"https:\/\/bellica3g.com\/es\/\"},{\"@type\":\"ListItem\",\"position\":2,\"name\":\"Aviso Legal\"}]},{\"@type\":\"WebSite\",\"@id\":\"https:\/\/bellica3g.com\/es\/#website\",\"url\":\"https:\/\/bellica3g.com\/es\/\",\"name\":\"bellica3g\",\"description\":\"Juegos de estrategia y simulaci\u00f3n\",\"publisher\":{\"@id\":\"https:\/\/bellica3g.com\/es\/#organization\"},\"potentialAction\":[{\"@type\":\"SearchAction\",\"target\":{\"@type\":\"EntryPoint\",\"urlTemplate\":\"https:\/\/bellica3g.com\/es\/?s={search_term_string}\"},\"query-input\":{\"@type\":\"PropertyValueSpecification\",\"valueRequired\":true,\"valueName\":\"search_term_string\"}}],\"inLanguage\":\"es\"},{\"@type\":\"Organization\",\"@id\":\"https:\/\/bellica3g.com\/es\/#organization\",\"name\":\"bellica3g\",\"url\":\"https:\/\/bellica3g.com\/es\/\",\"logo\":{\"@type\":\"ImageObject\",\"inLanguage\":\"es\",\"@id\":\"https:\/\/bellica3g.com\/es\/#\/schema\/logo\/image\/\",\"url\":\"https:\/\/bellica3g.com\/wp-content\/uploads\/2023\/04\/logo-sm.svg\",\"contentUrl\":\"https:\/\/bellica3g.com\/wp-content\/uploads\/2023\/04\/logo-sm.svg\",\"width\":200,\"height\":30,\"caption\":\"bellica3g\"},\"image\":{\"@id\":\"https:\/\/bellica3g.com\/es\/#\/schema\/logo\/image\/\"}}]}<\/script>\n<!-- \/ Yoast SEO plugin. -->","yoast_head_json":{"title":"Aviso Legal - bellica3g","robots":{"index":"index","follow":"follow","max-snippet":"max-snippet:-1","max-image-preview":"max-image-preview:large","max-video-preview":"max-video-preview:-1"},"canonical":"https:\/\/bellica3g.com\/es\/aviso-legal\/","og_locale":"es_ES","og_type":"article","og_title":"Aviso Legal - bellica3g","og_description":"El presente documento establece las Condiciones Generales de Uso del portal de Internet www.bellica.com, (en adelante el portal) que la sociedad cuyos datos registrales se muestran a continuaci\u00f3n presta en internet: La utilizaci\u00f3n de los servicios y\/o contenidos del portal por parte del usuario supone y expresa su adhesi\u00f3n y aceptaci\u00f3n expresa a todas las [&hellip;]","og_url":"https:\/\/bellica3g.com\/es\/aviso-legal\/","og_site_name":"bellica3g","article_modified_time":"2025-04-02T15:41:35+00:00","twitter_card":"summary_large_image","twitter_misc":{"Tiempo de lectura":"12 minutos"},"schema":{"@context":"https:\/\/schema.org","@graph":[{"@type":"WebPage","@id":"https:\/\/bellica3g.com\/es\/aviso-legal\/","url":"https:\/\/bellica3g.com\/es\/aviso-legal\/","name":"Aviso Legal - bellica3g","isPartOf":{"@id":"https:\/\/bellica3g.com\/es\/#website"},"datePublished":"2023-02-23T10:47:54+00:00","dateModified":"2025-04-02T15:41:35+00:00","breadcrumb":{"@id":"https:\/\/bellica3g.com\/es\/aviso-legal\/#breadcrumb"},"inLanguage":"es","potentialAction":[{"@type":"ReadAction","target":["https:\/\/bellica3g.com\/es\/aviso-legal\/"]}]},{"@type":"BreadcrumbList","@id":"https:\/\/bellica3g.com\/es\/aviso-legal\/#breadcrumb","itemListElement":[{"@type":"ListItem","position":1,"name":"Home","item":"https:\/\/bellica3g.com\/es\/"},{"@type":"ListItem","position":2,"name":"Aviso Legal"}]},{"@type":"WebSite","@id":"https:\/\/bellica3g.com\/es\/#website","url":"https:\/\/bellica3g.com\/es\/","name":"bellica3g","description":"Juegos de estrategia y simulaci\u00f3n","publisher":{"@id":"https:\/\/bellica3g.com\/es\/#organization"},"potentialAction":[{"@type":"SearchAction","target":{"@type":"EntryPoint","urlTemplate":"https:\/\/bellica3g.com\/es\/?s={search_term_string}"},"query-input":{"@type":"PropertyValueSpecification","valueRequired":true,"valueName":"search_term_string"}}],"inLanguage":"es"},{"@type":"Organization","@id":"https:\/\/bellica3g.com\/es\/#organization","name":"bellica3g","url":"https:\/\/bellica3g.com\/es\/","logo":{"@type":"ImageObject","inLanguage":"es","@id":"https:\/\/bellica3g.com\/es\/#\/schema\/logo\/image\/","url":"https:\/\/bellica3g.com\/wp-content\/uploads\/2023\/04\/logo-sm.svg","contentUrl":"https:\/\/bellica3g.com\/wp-content\/uploads\/2023\/04\/logo-sm.svg","width":200,"height":30,"caption":"bellica3g"},"image":{"@id":"https:\/\/bellica3g.com\/es\/#\/schema\/logo\/image\/"}}]}},"_links":{"self":[{"href":"https:\/\/bellica3g.com\/es\/wp-json\/wp\/v2\/pages\/2","targetHints":{"allow":["GET"]}}],"collection":[{"href":"https:\/\/bellica3g.com\/es\/wp-json\/wp\/v2\/pages"}],"about":[{"href":"https:\/\/bellica3g.com\/es\/wp-json\/wp\/v2\/types\/page"}],"author":[{"embeddable":true,"href":"https:\/\/bellica3g.com\/es\/wp-json\/wp\/v2\/users\/1"}],"replies":[{"embeddable":true,"href":"https:\/\/bellica3g.com\/es\/wp-json\/wp\/v2\/comments?post=2"}],"version-history":[{"count":4,"href":"https:\/\/bellica3g.com\/es\/wp-json\/wp\/v2\/pages\/2\/revisions"}],"predecessor-version":[{"id":545,"href":"https:\/\/bellica3g.com\/es\/wp-json\/wp\/v2\/pages\/2\/revisions\/545"}],"wp:attachment":[{"href":"https:\/\/bellica3g.com\/es\/wp-json\/wp\/v2\/media?parent=2"}],"curies":[{"name":"wp","href":"https:\/\/api.w.org\/{rel}","templated":true}]}}