{"id":3,"date":"2023-02-23T10:47:54","date_gmt":"2023-02-23T10:47:54","guid":{"rendered":"http:\/\/bellica3g.com\/?page_id=3"},"modified":"2025-04-02T15:43:04","modified_gmt":"2025-04-02T15:43:04","slug":"politica-privacidad","status":"publish","type":"page","link":"https:\/\/bellica3g.com\/es\/politica-privacidad\/","title":{"rendered":"Pol\u00edtica de privacidad"},"content":{"rendered":"\n<section class=\"wp-block-group container\"><div class=\"wp-block-group__inner-container is-layout-constrained wp-block-group-is-layout-constrained\">\n<p>Las siguientes pol\u00edticas de privacidad est\u00e1n destinadas a informarle sobre c\u00f3mo usamos su informaci\u00f3n personal cumpliendo con las disposiciones y requisitos del Reglamento General Europeo de Protecci\u00f3n de Datos<\/p>\n\n\n\n<h4 class=\"wp-block-heading\"><strong>1. IDENTIFICACI\u00d3N.<\/strong><\/h4>\n\n\n\n<ul class=\"wp-block-list\">\n<li><strong>Titular:<\/strong>&nbsp;Bellica Third Generation S.L. (en adelante Bellica).<\/li>\n\n\n\n<li><strong>NIF:<\/strong>&nbsp;B91729939<\/li>\n\n\n\n<li><strong>Domicilio social:<\/strong>&nbsp;c\/ Previsi\u00f3n 10, 41008, Sevilla, Espa\u00f1a.<\/li>\n\n\n\n<li><strong>Correo electr\u00f3nico: <\/strong>contact@bellica3g.com<\/li>\n\n\n\n<li><strong>Delegado de Protecci\u00f3n de Datos:&nbsp;<\/strong>El usuario puede contactar con el Delegado de Protecci\u00f3n de Datos mediante escrito dirigido al domicilio de Bellica a la atenci\u00f3n del \u201cDelegado de Protecci\u00f3n de Datos\u201d o puede ponerse en contacto escribiendo al correo electr\u00f3nico de contacto.<\/li>\n<\/ul>\n\n\n\n<h4 class=\"wp-block-heading\"><strong>2. INFORMACI\u00d3N Y CONSENTIMIENTO.<\/strong><\/h4>\n\n\n\n<p>Mediante la lectura de la presente Pol\u00edtica de Privacidad, el usuario queda informado sobre la forma en la que Bellica recaba, trata y protege los datos de car\u00e1cter personal que le son facilitados a trav\u00e9s de los formularios dispuestos a trav\u00e9s del sitio web&nbsp;<a href=\"https:\/\/www.masqueoca.com\/\">www.Bellica.com<\/a>&nbsp;&nbsp;(en adelante, el \u201cSitio Web\u201d), as\u00ed como los datos derivados de su navegaci\u00f3n y aquellos otros datos que pueda facilitar en un futuro a Bellica.<\/p>\n\n\n\n<p>El usuario debe leer con atenci\u00f3n esta Pol\u00edtica de Privacidad, que ha sido redactada de forma clara y sencilla, para facilitar su comprensi\u00f3n, determinando libre y voluntariamente si desea facilitar sus datos personales a Bellica.+<\/p>\n\n\n\n<h4 class=\"wp-block-heading\"><strong>3. REGISTRO DE DATOS<\/strong><\/h4>\n\n\n\n<p>En cumplimiento de la Ley 15\/1999, de 13 de Diciembre, de Protecci\u00f3n de Datos de Car\u00e1cter Personal, se le informa que los datos de car\u00e1cter personal que se solicitan en nuestros formularios se incluir\u00e1n en el fichero de datos personales que corresponda en cada caso de acuerdo con el servicio solicitado, siendo responsable de los mismos Bellica.<\/p>\n\n\n\n<p>Dichos ficheros se encuentran inscritos en la Agencia de Protecci\u00f3n de Datos conforme a la legislaci\u00f3n vigente y normativa de desarrollo.<\/p>\n\n\n\n<ul class=\"wp-block-list\">\n<li>Fichero Sistema de Referidos.<\/li>\n\n\n\n<li>Fichero Usuarios.<\/li>\n\n\n\n<li>Fichero Clientes.<\/li>\n<\/ul>\n\n\n\n<h4 class=\"wp-block-heading\"><strong>4. PROCESO DE REGISTRO<\/strong><\/h4>\n\n\n\n<p>En relaci\u00f3n con el proceso de registro, el usuario que se declara mayor de edad (18 a\u00f1os) es el \u00fanico responsable de la calidad de los datos introducidos por \u00e9l mismo en los formularios, y acepta la obligaci\u00f3n de facilitar datos veraces, exactos y completos sobre su identidad, seg\u00fan se solicita en el formulario de registro y actualizar todos los datos de registro para que \u00e9stos sigan siendo veraces, exactos y completos.<\/p>\n\n\n\n<p>Si el usuario facilitara cualquier dato falso, inexacto o incompleto, o si Bellica tuviera motivos suficientes para sospechar que dicha informaci\u00f3n fuera falsa, inexacta o incompleta, tendr\u00e1 derecho a no prestarle ning\u00fan servicio.<\/p>\n\n\n\n<p>De acuerdo con lo previsto en el art\u00edculo 22 de la LSSICE, el usuario, puede activar el campo destinado a recabar su consentimiento expreso en relaci\u00f3n a las comunicaciones comerciales que figura en los distintos formularios para autorizar expresamente la recepci\u00f3n de comunicaciones comerciales por v\u00eda electr\u00f3nica.<\/p>\n\n\n\n<p>En caso de que en la solicitud se incluyeran datos de car\u00e1cter personal referentes a personas f\u00edsicas distintas de qui\u00e9n efect\u00faa la solicitud el usuario deber\u00e1, con car\u00e1cter previo a su inclusi\u00f3n, informar a dichas personas de los extremos contenidos en los p\u00e1rrafos anteriores.<\/p>\n\n\n\n<h4 class=\"wp-block-heading\"><strong>5. DATOS TRATADOS<\/strong><\/h4>\n\n\n\n<ul class=\"wp-block-list\">\n<li><strong>Datos identificativos:<\/strong> nombre, apellidos, documento nacional de identidad o n\u00famero de identidad de extranjero e imagen.<\/li>\n\n\n\n<li><strong>Datos de contacto:<\/strong> domicilio, tel\u00e9fono fijo, tel\u00e9fono m\u00f3vil, direcci\u00f3n de correo electr\u00f3nico.<\/li>\n\n\n\n<li><strong>Datos de caracter\u00edsticas personales:<\/strong> fecha de nacimiento, edad, sexo, nacionalidad.<\/li>\n<\/ul>\n\n\n\n<h4 class=\"wp-block-heading\"><strong>6. FINALIDAD DE LOS DATOS Y CADUCIDAD<\/strong><\/h4>\n\n\n\n<p>Asimismo, se informa y los usuarios de Bellica consienten su utilizaci\u00f3n con la finalidad de llevar a cabo la prestaci\u00f3n en su caso del servicio o informar comercialmente sobre las novedades en productos y servicios que desarrolle Bellica.<\/p>\n\n\n\n<p>Bellica, le informa que los datos nunca ser\u00e1n usados para finalidades distintas a la prestaci\u00f3n del servicio y ser\u00e1n cancelados cuando dejen de ser necesarios para tal fin.<\/p>\n\n\n\n<p>Bellica no comparte los datos de los clientes y usuarios con ninguna otra empresa.<\/p>\n\n\n\n<h4 class=\"wp-block-heading\"><strong>7. COOKIES<\/strong><\/h4>\n\n\n\n<p>Bellica utiliza cookies en la medida en que son necesarias para la prestaci\u00f3n de los servicios, pero en ning\u00fan caso dichas cookies recaban informaci\u00f3n no necesaria para el servicio o revelan la identidad del usuario, ni pueden leer datos de su disco duro, ni leer los archivos cookie creados por otros proveedores.<\/p>\n\n\n\n<h4 class=\"wp-block-heading\"><strong>8. ACCESO, RECTIFICACI\u00d3N, OPOSICI\u00d3N Y CANCELACI\u00d3N<\/strong><\/h4>\n\n\n\n<p>El usuario dispondr\u00e1 en todo momento de los derechos de informaci\u00f3n, acceso, rectificaci\u00f3n oposici\u00f3n y cancelaci\u00f3n de los datos personales tal y como dispone la Ley Org\u00e1nica de Protecci\u00f3n de Datos de Car\u00e1cter Personal (L.O. 15\/1999).<\/p>\n\n\n\n<p>Los usuarios podr\u00e1n ejercitar los derechos mencionados comunicando con el responsable del fichero Bellica escribiendo al correo electr\u00f3nico de contacto.&nbsp;<\/p>\n\n\n\n<p>El consentimiento prestado a la recepci\u00f3n de comunicaciones comerciales podr\u00e1 ser revocado en cualquier momento mediante el env\u00edo de un correo electr\u00f3nico desde el correo electr\u00f3nico donde recibe las comunicaciones comerciales indicando en el \u00abasunto\u00bb publicidad y en el cuerpo del mensaje \u00abNo deseo recibir m\u00e1s informaci\u00f3n de car\u00e1cter comercial\u00bb.<\/p>\n\n\n\n<h4 class=\"wp-block-heading\"><strong>9. SEGURIDAD<\/strong><\/h4>\n\n\n\n<p>Bellica ha adoptado los niveles de seguridad de protecci\u00f3n de los datos personales legalmente requeridos, y ha instalado todos los medios y medidas t\u00e9cnicas a su alcance para evitar la p\u00e9rdida, mal uso, alteraci\u00f3n, acceso no autorizado y robo de los datos personales facilitados. Sin perjuicio de lo anterior, el usuario es consciente de la posibilidad de que la seguridad de las comunicaciones a trav\u00e9s de red no sea invulnerable.<\/p>\n\n\n\n<p>Copyright \u00a9 2023 Bellica Third Generation S.L. Todos los derechos reservados.<\/p>\n<\/div><\/section>\n","protected":false},"excerpt":{"rendered":"<p>Las siguientes pol\u00edticas de privacidad est\u00e1n destinadas a informarle sobre c\u00f3mo usamos su informaci\u00f3n personal cumpliendo con las disposiciones y requisitos del Reglamento General Europeo de Protecci\u00f3n de Datos 1. IDENTIFICACI\u00d3N. 2. INFORMACI\u00d3N Y CONSENTIMIENTO. Mediante la lectura de la presente Pol\u00edtica de Privacidad, el usuario queda informado sobre la forma en la que Bellica [&hellip;]<\/p>\n","protected":false},"author":1,"featured_media":0,"parent":0,"menu_order":0,"comment_status":"closed","ping_status":"open","template":"page-templates\/page-sidebar-none.php","meta":{"footnotes":""},"class_list":["post-3","page","type-page","status-publish","hentry"],"yoast_head":"<!-- This site is optimized with the Yoast SEO plugin v27.2 - https:\/\/yoast.com\/product\/yoast-seo-wordpress\/ -->\n<title>Pol\u00edtica de privacidad - bellica3g<\/title>\n<meta name=\"robots\" content=\"index, follow, max-snippet:-1, max-image-preview:large, max-video-preview:-1\" \/>\n<link rel=\"canonical\" href=\"https:\/\/bellica3g.com\/es\/politica-privacidad\/\" \/>\n<meta property=\"og:locale\" content=\"es_ES\" \/>\n<meta property=\"og:type\" content=\"article\" \/>\n<meta property=\"og:title\" content=\"Pol\u00edtica de privacidad - bellica3g\" \/>\n<meta property=\"og:description\" content=\"Las siguientes pol\u00edticas de privacidad est\u00e1n destinadas a informarle sobre c\u00f3mo usamos su informaci\u00f3n personal cumpliendo con las disposiciones y requisitos del Reglamento General Europeo de Protecci\u00f3n de Datos 1. IDENTIFICACI\u00d3N. 2. INFORMACI\u00d3N Y CONSENTIMIENTO. Mediante la lectura de la presente Pol\u00edtica de Privacidad, el usuario queda informado sobre la forma en la que Bellica [&hellip;]\" \/>\n<meta property=\"og:url\" content=\"https:\/\/bellica3g.com\/es\/politica-privacidad\/\" \/>\n<meta property=\"og:site_name\" content=\"bellica3g\" \/>\n<meta property=\"article:modified_time\" content=\"2025-04-02T15:43:04+00:00\" \/>\n<meta name=\"twitter:card\" content=\"summary_large_image\" \/>\n<meta name=\"twitter:label1\" content=\"Tiempo de lectura\" \/>\n\t<meta name=\"twitter:data1\" content=\"5 minutos\" \/>\n<script type=\"application\/ld+json\" class=\"yoast-schema-graph\">{\"@context\":\"https:\/\/schema.org\",\"@graph\":[{\"@type\":\"WebPage\",\"@id\":\"https:\/\/bellica3g.com\/es\/politica-privacidad\/\",\"url\":\"https:\/\/bellica3g.com\/es\/politica-privacidad\/\",\"name\":\"Pol\u00edtica de privacidad - bellica3g\",\"isPartOf\":{\"@id\":\"https:\/\/bellica3g.com\/es\/#website\"},\"datePublished\":\"2023-02-23T10:47:54+00:00\",\"dateModified\":\"2025-04-02T15:43:04+00:00\",\"breadcrumb\":{\"@id\":\"https:\/\/bellica3g.com\/es\/politica-privacidad\/#breadcrumb\"},\"inLanguage\":\"es\",\"potentialAction\":[{\"@type\":\"ReadAction\",\"target\":[\"https:\/\/bellica3g.com\/es\/politica-privacidad\/\"]}]},{\"@type\":\"BreadcrumbList\",\"@id\":\"https:\/\/bellica3g.com\/es\/politica-privacidad\/#breadcrumb\",\"itemListElement\":[{\"@type\":\"ListItem\",\"position\":1,\"name\":\"Home\",\"item\":\"https:\/\/bellica3g.com\/es\/\"},{\"@type\":\"ListItem\",\"position\":2,\"name\":\"Pol\u00edtica de privacidad\"}]},{\"@type\":\"WebSite\",\"@id\":\"https:\/\/bellica3g.com\/es\/#website\",\"url\":\"https:\/\/bellica3g.com\/es\/\",\"name\":\"bellica3g\",\"description\":\"Juegos de estrategia y simulaci\u00f3n\",\"publisher\":{\"@id\":\"https:\/\/bellica3g.com\/es\/#organization\"},\"potentialAction\":[{\"@type\":\"SearchAction\",\"target\":{\"@type\":\"EntryPoint\",\"urlTemplate\":\"https:\/\/bellica3g.com\/es\/?s={search_term_string}\"},\"query-input\":{\"@type\":\"PropertyValueSpecification\",\"valueRequired\":true,\"valueName\":\"search_term_string\"}}],\"inLanguage\":\"es\"},{\"@type\":\"Organization\",\"@id\":\"https:\/\/bellica3g.com\/es\/#organization\",\"name\":\"bellica3g\",\"url\":\"https:\/\/bellica3g.com\/es\/\",\"logo\":{\"@type\":\"ImageObject\",\"inLanguage\":\"es\",\"@id\":\"https:\/\/bellica3g.com\/es\/#\/schema\/logo\/image\/\",\"url\":\"https:\/\/bellica3g.com\/wp-content\/uploads\/2023\/04\/logo-sm.svg\",\"contentUrl\":\"https:\/\/bellica3g.com\/wp-content\/uploads\/2023\/04\/logo-sm.svg\",\"width\":200,\"height\":30,\"caption\":\"bellica3g\"},\"image\":{\"@id\":\"https:\/\/bellica3g.com\/es\/#\/schema\/logo\/image\/\"}}]}<\/script>\n<!-- \/ Yoast SEO plugin. -->","yoast_head_json":{"title":"Pol\u00edtica de privacidad - bellica3g","robots":{"index":"index","follow":"follow","max-snippet":"max-snippet:-1","max-image-preview":"max-image-preview:large","max-video-preview":"max-video-preview:-1"},"canonical":"https:\/\/bellica3g.com\/es\/politica-privacidad\/","og_locale":"es_ES","og_type":"article","og_title":"Pol\u00edtica de privacidad - bellica3g","og_description":"Las siguientes pol\u00edticas de privacidad est\u00e1n destinadas a informarle sobre c\u00f3mo usamos su informaci\u00f3n personal cumpliendo con las disposiciones y requisitos del Reglamento General Europeo de Protecci\u00f3n de Datos 1. IDENTIFICACI\u00d3N. 2. INFORMACI\u00d3N Y CONSENTIMIENTO. Mediante la lectura de la presente Pol\u00edtica de Privacidad, el usuario queda informado sobre la forma en la que Bellica [&hellip;]","og_url":"https:\/\/bellica3g.com\/es\/politica-privacidad\/","og_site_name":"bellica3g","article_modified_time":"2025-04-02T15:43:04+00:00","twitter_card":"summary_large_image","twitter_misc":{"Tiempo de lectura":"5 minutos"},"schema":{"@context":"https:\/\/schema.org","@graph":[{"@type":"WebPage","@id":"https:\/\/bellica3g.com\/es\/politica-privacidad\/","url":"https:\/\/bellica3g.com\/es\/politica-privacidad\/","name":"Pol\u00edtica de privacidad - bellica3g","isPartOf":{"@id":"https:\/\/bellica3g.com\/es\/#website"},"datePublished":"2023-02-23T10:47:54+00:00","dateModified":"2025-04-02T15:43:04+00:00","breadcrumb":{"@id":"https:\/\/bellica3g.com\/es\/politica-privacidad\/#breadcrumb"},"inLanguage":"es","potentialAction":[{"@type":"ReadAction","target":["https:\/\/bellica3g.com\/es\/politica-privacidad\/"]}]},{"@type":"BreadcrumbList","@id":"https:\/\/bellica3g.com\/es\/politica-privacidad\/#breadcrumb","itemListElement":[{"@type":"ListItem","position":1,"name":"Home","item":"https:\/\/bellica3g.com\/es\/"},{"@type":"ListItem","position":2,"name":"Pol\u00edtica de privacidad"}]},{"@type":"WebSite","@id":"https:\/\/bellica3g.com\/es\/#website","url":"https:\/\/bellica3g.com\/es\/","name":"bellica3g","description":"Juegos de estrategia y simulaci\u00f3n","publisher":{"@id":"https:\/\/bellica3g.com\/es\/#organization"},"potentialAction":[{"@type":"SearchAction","target":{"@type":"EntryPoint","urlTemplate":"https:\/\/bellica3g.com\/es\/?s={search_term_string}"},"query-input":{"@type":"PropertyValueSpecification","valueRequired":true,"valueName":"search_term_string"}}],"inLanguage":"es"},{"@type":"Organization","@id":"https:\/\/bellica3g.com\/es\/#organization","name":"bellica3g","url":"https:\/\/bellica3g.com\/es\/","logo":{"@type":"ImageObject","inLanguage":"es","@id":"https:\/\/bellica3g.com\/es\/#\/schema\/logo\/image\/","url":"https:\/\/bellica3g.com\/wp-content\/uploads\/2023\/04\/logo-sm.svg","contentUrl":"https:\/\/bellica3g.com\/wp-content\/uploads\/2023\/04\/logo-sm.svg","width":200,"height":30,"caption":"bellica3g"},"image":{"@id":"https:\/\/bellica3g.com\/es\/#\/schema\/logo\/image\/"}}]}},"_links":{"self":[{"href":"https:\/\/bellica3g.com\/es\/wp-json\/wp\/v2\/pages\/3","targetHints":{"allow":["GET"]}}],"collection":[{"href":"https:\/\/bellica3g.com\/es\/wp-json\/wp\/v2\/pages"}],"about":[{"href":"https:\/\/bellica3g.com\/es\/wp-json\/wp\/v2\/types\/page"}],"author":[{"embeddable":true,"href":"https:\/\/bellica3g.com\/es\/wp-json\/wp\/v2\/users\/1"}],"replies":[{"embeddable":true,"href":"https:\/\/bellica3g.com\/es\/wp-json\/wp\/v2\/comments?post=3"}],"version-history":[{"count":8,"href":"https:\/\/bellica3g.com\/es\/wp-json\/wp\/v2\/pages\/3\/revisions"}],"predecessor-version":[{"id":551,"href":"https:\/\/bellica3g.com\/es\/wp-json\/wp\/v2\/pages\/3\/revisions\/551"}],"wp:attachment":[{"href":"https:\/\/bellica3g.com\/es\/wp-json\/wp\/v2\/media?parent=3"}],"curies":[{"name":"wp","href":"https:\/\/api.w.org\/{rel}","templated":true}]}}