{"id":426,"date":"2023-09-07T15:20:00","date_gmt":"2023-09-07T15:20:00","guid":{"rendered":"https:\/\/bellica3g.com\/?page_id=426"},"modified":"2025-04-02T15:42:13","modified_gmt":"2025-04-02T15:42:13","slug":"condiciones-de-compra","status":"publish","type":"page","link":"https:\/\/bellica3g.com\/es\/condiciones-de-compra\/","title":{"rendered":"Condiciones de compra"},"content":{"rendered":"\n<section class=\"wp-block-group container\"><div class=\"wp-block-group__inner-container is-layout-constrained wp-block-group-is-layout-constrained\">\n<h4 class=\"wp-block-heading\">Env\u00edos<\/h4>\n\n\n\n<p>Los plazos de env\u00edo oscilan entre las 24 y las 72 horas. No podemos garantizar los plazos de entrega, si bien procuramos que las empresas de transporte cumplan siempre que sea posible con un plazo de una semana dentro del territorio nacional.<\/p>\n\n\n\n<p>Los plazos de entrega depender\u00e1n de la disponibilidad de cada producto, la cual se encuentra indicada en todos y cada uno de los productos ofertados.<\/p>\n\n\n\n<h4 class=\"wp-block-heading\">Gastos de Env\u00edo<\/h4>\n\n\n\n<p>Los gastos de env\u00edo ser\u00e1n&nbsp;gratuitos&nbsp;para pedidos dentro de la Pen\u00ednsula Ib\u00e9rica. Fuera de ella se atendr\u00e1n a las tarifas de los transportistas para el lugar de destino.<\/p>\n\n\n\n<h4 class=\"wp-block-heading\">Incidencias de transporte<\/h4>\n\n\n\n<p>El cliente profesional o distribuidor dispondr\u00e1 de 2 d\u00edas desde la entrega para comprobar la integridad de todos los componentes del pedido y para comprobar que se incluye todo lo que debe en los productos incluidos, aplic\u00e1ndose para los consumidores y usuarios el plazo legalmente establecido.<\/p>\n\n\n\n<p>En caso de que el embalaje est\u00e9 en mal estado, el plazo para notificarlo es de 24h.<\/p>\n\n\n\n<p>En caso de recibir un producto da\u00f1ado a causa del transporte es recomendable contactarnos dentro de las primeras 24 horas para poder reclamar la incidencia a la empresa de transporte. De la misma forma es conveniente dejar constancia a la empresa de transporte.<\/p>\n\n\n\n<h4 class=\"wp-block-heading\">Condiciones de devoluci\u00f3n<\/h4>\n\n\n\n<p>\u00danicamente se aceptar\u00e1n devoluciones de material sin desprecintar y en perfecto estado, igual al que se entreg\u00f3, durante los 14 d\u00edas naturales posteriores a su recepci\u00f3n, que deber\u00e1 comunicarse por escrito, siendo los gastos de env\u00edo soportados por el cliente.<\/p>\n\n\n\n<p>Una vez recibida la mercanc\u00eda y comprobada que est\u00e1 en perfectas condiciones, se tramitar\u00e1 la devoluci\u00f3n del importe. Dicho reembolso se efectuar\u00e1 utilizando el mismo medio de pago que utiliz\u00f3 el cliente en el momento de realizar la compra.<\/p>\n\n\n\n<h4 class=\"wp-block-heading\">Vigencia<\/h4>\n\n\n\n<p>Estas condiciones entrar\u00e1n en vigor desde el d\u00eda 01\/01\/2021. En todo caso, al cliente le ser\u00e1n aplicables las condiciones existentes y publicadas al momento de la compra.<\/p>\n\n\n\n<p>Cualquier variaci\u00f3n de estas condiciones ser\u00e1 publicada con antelaci\u00f3n a su entrada en vigor.<\/p>\n<\/div><\/section>\n","protected":false},"excerpt":{"rendered":"<p>Env\u00edos Los plazos de env\u00edo oscilan entre las 24 y las 72 horas. No podemos garantizar los plazos de entrega, si bien procuramos que las empresas de transporte cumplan siempre que sea posible con un plazo de una semana dentro del territorio nacional. Los plazos de entrega depender\u00e1n de la disponibilidad de cada producto, la [&hellip;]<\/p>\n","protected":false},"author":1,"featured_media":0,"parent":0,"menu_order":0,"comment_status":"closed","ping_status":"open","template":"page-templates\/page-sidebar-none.php","meta":{"footnotes":""},"class_list":["post-426","page","type-page","status-publish","hentry"],"yoast_head":"<!-- This site is optimized with the Yoast SEO plugin v27.2 - https:\/\/yoast.com\/product\/yoast-seo-wordpress\/ -->\n<title>Condiciones de compra - bellica3g<\/title>\n<meta name=\"robots\" content=\"index, follow, max-snippet:-1, max-image-preview:large, max-video-preview:-1\" \/>\n<link rel=\"canonical\" href=\"https:\/\/bellica3g.com\/es\/condiciones-de-compra\/\" \/>\n<meta property=\"og:locale\" content=\"es_ES\" \/>\n<meta property=\"og:type\" content=\"article\" \/>\n<meta property=\"og:title\" content=\"Condiciones de compra - bellica3g\" \/>\n<meta property=\"og:description\" content=\"Env\u00edos Los plazos de env\u00edo oscilan entre las 24 y las 72 horas. No podemos garantizar los plazos de entrega, si bien procuramos que las empresas de transporte cumplan siempre que sea posible con un plazo de una semana dentro del territorio nacional. Los plazos de entrega depender\u00e1n de la disponibilidad de cada producto, la [&hellip;]\" \/>\n<meta property=\"og:url\" content=\"https:\/\/bellica3g.com\/es\/condiciones-de-compra\/\" \/>\n<meta property=\"og:site_name\" content=\"bellica3g\" \/>\n<meta property=\"article:modified_time\" content=\"2025-04-02T15:42:13+00:00\" \/>\n<meta name=\"twitter:card\" content=\"summary_large_image\" \/>\n<meta name=\"twitter:label1\" content=\"Tiempo de lectura\" \/>\n\t<meta name=\"twitter:data1\" content=\"2 minutos\" \/>\n<script type=\"application\/ld+json\" class=\"yoast-schema-graph\">{\"@context\":\"https:\/\/schema.org\",\"@graph\":[{\"@type\":\"WebPage\",\"@id\":\"https:\/\/bellica3g.com\/es\/condiciones-de-compra\/\",\"url\":\"https:\/\/bellica3g.com\/es\/condiciones-de-compra\/\",\"name\":\"Condiciones de compra - bellica3g\",\"isPartOf\":{\"@id\":\"https:\/\/bellica3g.com\/es\/#website\"},\"datePublished\":\"2023-09-07T15:20:00+00:00\",\"dateModified\":\"2025-04-02T15:42:13+00:00\",\"breadcrumb\":{\"@id\":\"https:\/\/bellica3g.com\/es\/condiciones-de-compra\/#breadcrumb\"},\"inLanguage\":\"es\",\"potentialAction\":[{\"@type\":\"ReadAction\",\"target\":[\"https:\/\/bellica3g.com\/es\/condiciones-de-compra\/\"]}]},{\"@type\":\"BreadcrumbList\",\"@id\":\"https:\/\/bellica3g.com\/es\/condiciones-de-compra\/#breadcrumb\",\"itemListElement\":[{\"@type\":\"ListItem\",\"position\":1,\"name\":\"Home\",\"item\":\"https:\/\/bellica3g.com\/es\/\"},{\"@type\":\"ListItem\",\"position\":2,\"name\":\"Condiciones de compra\"}]},{\"@type\":\"WebSite\",\"@id\":\"https:\/\/bellica3g.com\/es\/#website\",\"url\":\"https:\/\/bellica3g.com\/es\/\",\"name\":\"bellica3g\",\"description\":\"Juegos de estrategia y simulaci\u00f3n\",\"publisher\":{\"@id\":\"https:\/\/bellica3g.com\/es\/#organization\"},\"potentialAction\":[{\"@type\":\"SearchAction\",\"target\":{\"@type\":\"EntryPoint\",\"urlTemplate\":\"https:\/\/bellica3g.com\/es\/?s={search_term_string}\"},\"query-input\":{\"@type\":\"PropertyValueSpecification\",\"valueRequired\":true,\"valueName\":\"search_term_string\"}}],\"inLanguage\":\"es\"},{\"@type\":\"Organization\",\"@id\":\"https:\/\/bellica3g.com\/es\/#organization\",\"name\":\"bellica3g\",\"url\":\"https:\/\/bellica3g.com\/es\/\",\"logo\":{\"@type\":\"ImageObject\",\"inLanguage\":\"es\",\"@id\":\"https:\/\/bellica3g.com\/es\/#\/schema\/logo\/image\/\",\"url\":\"https:\/\/bellica3g.com\/wp-content\/uploads\/2023\/04\/logo-sm.svg\",\"contentUrl\":\"https:\/\/bellica3g.com\/wp-content\/uploads\/2023\/04\/logo-sm.svg\",\"width\":200,\"height\":30,\"caption\":\"bellica3g\"},\"image\":{\"@id\":\"https:\/\/bellica3g.com\/es\/#\/schema\/logo\/image\/\"}}]}<\/script>\n<!-- \/ Yoast SEO plugin. -->","yoast_head_json":{"title":"Condiciones de compra - bellica3g","robots":{"index":"index","follow":"follow","max-snippet":"max-snippet:-1","max-image-preview":"max-image-preview:large","max-video-preview":"max-video-preview:-1"},"canonical":"https:\/\/bellica3g.com\/es\/condiciones-de-compra\/","og_locale":"es_ES","og_type":"article","og_title":"Condiciones de compra - bellica3g","og_description":"Env\u00edos Los plazos de env\u00edo oscilan entre las 24 y las 72 horas. No podemos garantizar los plazos de entrega, si bien procuramos que las empresas de transporte cumplan siempre que sea posible con un plazo de una semana dentro del territorio nacional. Los plazos de entrega depender\u00e1n de la disponibilidad de cada producto, la [&hellip;]","og_url":"https:\/\/bellica3g.com\/es\/condiciones-de-compra\/","og_site_name":"bellica3g","article_modified_time":"2025-04-02T15:42:13+00:00","twitter_card":"summary_large_image","twitter_misc":{"Tiempo de lectura":"2 minutos"},"schema":{"@context":"https:\/\/schema.org","@graph":[{"@type":"WebPage","@id":"https:\/\/bellica3g.com\/es\/condiciones-de-compra\/","url":"https:\/\/bellica3g.com\/es\/condiciones-de-compra\/","name":"Condiciones de compra - bellica3g","isPartOf":{"@id":"https:\/\/bellica3g.com\/es\/#website"},"datePublished":"2023-09-07T15:20:00+00:00","dateModified":"2025-04-02T15:42:13+00:00","breadcrumb":{"@id":"https:\/\/bellica3g.com\/es\/condiciones-de-compra\/#breadcrumb"},"inLanguage":"es","potentialAction":[{"@type":"ReadAction","target":["https:\/\/bellica3g.com\/es\/condiciones-de-compra\/"]}]},{"@type":"BreadcrumbList","@id":"https:\/\/bellica3g.com\/es\/condiciones-de-compra\/#breadcrumb","itemListElement":[{"@type":"ListItem","position":1,"name":"Home","item":"https:\/\/bellica3g.com\/es\/"},{"@type":"ListItem","position":2,"name":"Condiciones de compra"}]},{"@type":"WebSite","@id":"https:\/\/bellica3g.com\/es\/#website","url":"https:\/\/bellica3g.com\/es\/","name":"bellica3g","description":"Juegos de estrategia y simulaci\u00f3n","publisher":{"@id":"https:\/\/bellica3g.com\/es\/#organization"},"potentialAction":[{"@type":"SearchAction","target":{"@type":"EntryPoint","urlTemplate":"https:\/\/bellica3g.com\/es\/?s={search_term_string}"},"query-input":{"@type":"PropertyValueSpecification","valueRequired":true,"valueName":"search_term_string"}}],"inLanguage":"es"},{"@type":"Organization","@id":"https:\/\/bellica3g.com\/es\/#organization","name":"bellica3g","url":"https:\/\/bellica3g.com\/es\/","logo":{"@type":"ImageObject","inLanguage":"es","@id":"https:\/\/bellica3g.com\/es\/#\/schema\/logo\/image\/","url":"https:\/\/bellica3g.com\/wp-content\/uploads\/2023\/04\/logo-sm.svg","contentUrl":"https:\/\/bellica3g.com\/wp-content\/uploads\/2023\/04\/logo-sm.svg","width":200,"height":30,"caption":"bellica3g"},"image":{"@id":"https:\/\/bellica3g.com\/es\/#\/schema\/logo\/image\/"}}]}},"_links":{"self":[{"href":"https:\/\/bellica3g.com\/es\/wp-json\/wp\/v2\/pages\/426","targetHints":{"allow":["GET"]}}],"collection":[{"href":"https:\/\/bellica3g.com\/es\/wp-json\/wp\/v2\/pages"}],"about":[{"href":"https:\/\/bellica3g.com\/es\/wp-json\/wp\/v2\/types\/page"}],"author":[{"embeddable":true,"href":"https:\/\/bellica3g.com\/es\/wp-json\/wp\/v2\/users\/1"}],"replies":[{"embeddable":true,"href":"https:\/\/bellica3g.com\/es\/wp-json\/wp\/v2\/comments?post=426"}],"version-history":[{"count":3,"href":"https:\/\/bellica3g.com\/es\/wp-json\/wp\/v2\/pages\/426\/revisions"}],"predecessor-version":[{"id":547,"href":"https:\/\/bellica3g.com\/es\/wp-json\/wp\/v2\/pages\/426\/revisions\/547"}],"wp:attachment":[{"href":"https:\/\/bellica3g.com\/es\/wp-json\/wp\/v2\/media?parent=426"}],"curies":[{"name":"wp","href":"https:\/\/api.w.org\/{rel}","templated":true}]}}