{"id":689,"date":"2025-05-07T23:48:38","date_gmt":"2025-05-07T23:48:38","guid":{"rendered":"https:\/\/bellica3g.com\/?page_id=689"},"modified":"2025-05-08T00:16:11","modified_gmt":"2025-05-08T00:16:11","slug":"batallas-desesperadas","status":"publish","type":"page","link":"https:\/\/bellica3g.com\/es\/apoyo-al-jugador\/batallas-desesperadas\/","title":{"rendered":"Batallas Desesperadas"},"content":{"rendered":"\n<section class=\"wp-block-group\"><div class=\"wp-block-group__inner-container is-layout-constrained wp-block-group-is-layout-constrained\">\n<div class=\"wp-block-columns container is-layout-flex wp-container-core-columns-is-layout-9d6595d7 wp-block-columns-is-layout-flex\">\n<div class=\"wp-block-column is-layout-flow wp-block-column-is-layout-flow\" style=\"flex-basis:66.66%\">\n<p>La \u201cfamilia\u201d, que no serie, de BATALLAS DESESPERADAS se inici\u00f3 con el excelente juego dise\u00f1ado por Iv\u00e1n C\u00e1ceres y publicado por nosotros en 2017 <a href=\"https:\/\/bellica3g.com\/es\/producto\/santa-cruz-1797\/\" data-type=\"product\" data-id=\"218\">Santa Cruz 1797<\/a>.<\/p>\n\n\n\n<p>Dado que la idea era tan buena no pod\u00edamos dejar que el sistema de juego se agotara en ese producto. Por ello dise\u00f1\u00e9 \u201cVon Manstein\u2019s Triumph\u201d y \u201cCastelnuovo 1539\u201d, ambos juegos editados por otras editoriales y otros dos m\u00e1s que s\u00ed editaremos nosotros: \u201cNovember Crisis\u201d, sobre la batalla de la Ciudad Universitaria de Madrid en noviembre de 1936 y \u201cFort Vaux\u201d, sobre la batalla por el fuerte de dicho nombre en el per\u00edmetro de la ciudad de Verdun en junio de 1916.<\/p>\n\n\n\n<p>\u00bfQu\u00e9 hace tan interesante este sistema que me ha llevado a dise\u00f1ar cuatro juegos? La intensidad de la experiencia de juego que proporciona. Desde una furiosa batalla urbana nocturna del siglo XVIII a las fortificaciones en torno a Sevastopol el sistema de juego (bloques, motor de cartas, juego centrado en el combate, interactivo a m\u00e1s no poder) nos da la oportunidad con un juego de una huella peque\u00f1a o media de poder simular situaciones realmente desesperadas en las que la victoria se obtiene tras mucho trabajo y sufrimiento, seas el bando que seas, con muchas alternativas para ambos jugadores -son juegos solo para dos- y mucha interacci\u00f3n al poder ambos bandos intervenir en la Fase de Acci\u00f3n del contrario de diversas maneras.<\/p>\n\n\n\n<p>Son juegos de bloques, por lo que la niebla de guerra est\u00e1 asegurada en un entorno de combate las m\u00e1s de las veces ca\u00f3tico e incierto. Dado que el sistema de juego, no siendo id\u00e9ntico en todos los juegos, s\u00ed est\u00e1 centrado en la gesti\u00f3n del combate, el desconocimiento de la fuerza e identidad de las tropas enemigas a\u00f1ade un elemento de incertidumbre que debes tomar en cuenta a la hora de decidir qu\u00e9 hacer. <\/p>\n\n\n\n<p>Son juegos con motor de cartas, lo cual significa que para hacer acciones en el tablero debes jugar cartas, pero no son juegos \u201ctipo CDG\u201d como los que otras editoriales publican. En realidad las cartas definen acciones -algunas cartas se pueden jugar solo para ejecutar una acci\u00f3n, otras m\u00e1s y otras son solo eventos que suceden cuando se roban del mazo- y en tu Fase de Acci\u00f3n las puedes ejecutar. Algunas incluso son para jugarlas en la Fase de Acci\u00f3n del adversario, por lo que este sistema de motor de cartas lo que aporta al juego es incertidumbre e interacci\u00f3n -no sabes qu\u00e9 tendr\u00e1 el otro en su mano y son las cartas las que te permitir\u00e1n interrumpir las acciones de tu adversario e intervenir en los combates, incluso en su Fase de Acci\u00f3n.<\/p>\n\n\n\n<p>Como ya he dicho, este modelo se centra en la conducci\u00f3n de las operaciones y el combate. Cada uno tiene un sistema propio para resolver los combates adecuado a la batalla que est\u00e1 reflejando y al dise\u00f1o del juego en el que est\u00e1 inserto. Por ello, otros aspectos, como la log\u00edstica, los refuerzos, influencias pol\u00edticas o estrat\u00e9gicas\u2026 Quedan fuera del modelo y, como mucho, se ven reflejadas en algunas de las cartas y reglas propias que cada juego tiene. <br>He pretendido con esta familia tratar situaciones realmente desesperadas, que inviten a la acci\u00f3n furiosa y fren\u00e9tica. Y a la vez ofrecer cinco batallas con una ambientaci\u00f3n y un estilo diferentes para mostrar diversos aspectos del modelo y facilitar distintas experiencias de juego a los aficionados: un desembarco anfibio nocturno sobre una ciudad fortificada del siglo XVIII, defendida por un pu\u00f1ado de espa\u00f1oles, muy inferiores en n\u00famero y calidad; el asalto final al puerto-fortaleza de Sebastopol en 1942, en el que un bien atrincherado ej\u00e9rcito sovi\u00e9tico tiene que ser sacado de sus posiciones por un bien equipado y liderado ej\u00e9rcito germano-rumano, pero carente de tiempo para hacer su trabajo; un asedio del siglo XVI en toda regla en el que 3.500 espa\u00f1oles les hicieron pagar muy cara su victoria a los 50.000 otomanos que los atacaron; una batalla urbana del siglo XX, entre los edificios de la Ciudad Universitaria de Madrid en el que dos ej\u00e9rcitos que combat\u00edan con la misma doctrina y la misma carest\u00eda de medios tuvieron que suplir a base de valor y p\u00e9rdidas sus deficiencias estructurales; una terrible batalla por una fortaleza subterr\u00e1nea en el fango de las trincheras de 1916 en la que las famosas Stormtruppen alemanas lideraron el asalto a Fort Vaux.<\/p>\n\n\n\n<p>Son juegos de una duraci\u00f3n contenida, desde la hora y media de Santa Cruz 1797, Castelnuovo 1539 o November Crisis a las 3-4 de Von Manstein\u2019s o Fort Vaux. Igualmente su reglamento no es extenso y una vez que uno ha jugado a uno de ellos en todos los dem\u00e1s resuenan los aires de familia que permite hacer que la curva de aprendizaje del nuevo juego suba r\u00e1pidamente. Es por ello que no son juegos solo para veteranos de los wargames sino para cualquier p\u00fablico interesado en los wargames y la historia que representan. Todos ellos llevan incluidos comentarios hist\u00f3ricos y de dise\u00f1o que sit\u00faan al jugador y le hacen comprender c\u00f3mo y porqu\u00e9 las reglas y elementos de cada juego reflejan la historia, siendo tambi\u00e9n una buena fuente -junto a la bibliograf\u00eda que cada uno lleva al final- para informarse m\u00e1s sobre una \u00e9poca o acci\u00f3n concreta de la historia militar, especialmente de la espa\u00f1ola.<\/p>\n<\/div>\n\n\n\n<div class=\"wp-block-column is-layout-flow wp-block-column-is-layout-flow\" style=\"flex-basis:33.33%\">\n<div class=\"wp-block-group aside-box aside-box-sticky\"><div class=\"wp-block-group__inner-container is-layout-constrained wp-block-group-is-layout-constrained\">\n<p class=\"has-text-color has-link-color has-large-font-size wp-elements-d2c4680eaacf43292740e97b7281b08f\" style=\"color:#0709e3;font-style:normal;font-weight:600\">Nuestros Juegos <\/p>\n\n\n<nav style=\"color: #0709e3;\" class=\"has-text-color is-responsive  is-vertical aside-menu wp-block-navigation is-layout-flex wp-container-core-navigation-is-layout-8cf370e7 wp-block-navigation-is-layout-flex\" aria-label=\"Nuestros juegos\" \n\t\t data-wp-interactive=\"core\/navigation\" data-wp-context='{\"overlayOpenedBy\":{\"click\":false,\"hover\":false,\"focus\":false},\"type\":\"overlay\",\"roleAttribute\":\"\",\"ariaLabel\":\"Men\\u00fa\"}'><button aria-haspopup=\"dialog\" aria-label=\"Abrir el men\u00fa\" class=\"wp-block-navigation__responsive-container-open\" \n\t\t\t\tdata-wp-on--click=\"actions.openMenuOnClick\"\n\t\t\t\tdata-wp-on--keydown=\"actions.handleMenuKeydown\"\n\t\t\t><svg width=\"24\" height=\"24\" xmlns=\"http:\/\/www.w3.org\/2000\/svg\" viewBox=\"0 0 24 24\" aria-hidden=\"true\" focusable=\"false\"><path d=\"M4 7.5h16v1.5H4z\"><\/path><path d=\"M4 15h16v1.5H4z\"><\/path><\/svg><\/button>\n\t\t\t\t<div class=\"wp-block-navigation__responsive-container\"  id=\"modal-1\" \n\t\t\t\tdata-wp-class--has-modal-open=\"state.isMenuOpen\"\n\t\t\t\tdata-wp-class--is-menu-open=\"state.isMenuOpen\"\n\t\t\t\tdata-wp-watch=\"callbacks.initMenu\"\n\t\t\t\tdata-wp-on--keydown=\"actions.handleMenuKeydown\"\n\t\t\t\tdata-wp-on--focusout=\"actions.handleMenuFocusout\"\n\t\t\t\ttabindex=\"-1\"\n\t\t\t>\n\t\t\t\t\t<div class=\"wp-block-navigation__responsive-close\" tabindex=\"-1\">\n\t\t\t\t\t\t<div class=\"wp-block-navigation__responsive-dialog\" \n\t\t\t\tdata-wp-bind--aria-modal=\"state.ariaModal\"\n\t\t\t\tdata-wp-bind--aria-label=\"state.ariaLabel\"\n\t\t\t\tdata-wp-bind--role=\"state.roleAttribute\"\n\t\t\t>\n\t\t\t\t\t\t\t<button aria-label=\"Cerrar el men\u00fa\" class=\"wp-block-navigation__responsive-container-close\" \n\t\t\t\tdata-wp-on--click=\"actions.closeMenuOnClick\"\n\t\t\t><svg xmlns=\"http:\/\/www.w3.org\/2000\/svg\" viewBox=\"0 0 24 24\" width=\"24\" height=\"24\" aria-hidden=\"true\" focusable=\"false\"><path d=\"m13.06 12 6.47-6.47-1.06-1.06L12 10.94 5.53 4.47 4.47 5.53 10.94 12l-6.47 6.47 1.06 1.06L12 13.06l6.47 6.47 1.06-1.06L13.06 12Z\"><\/path><\/svg><\/button>\n\t\t\t\t\t\t\t<div class=\"wp-block-navigation__responsive-container-content\" \n\t\t\t\tdata-wp-watch=\"callbacks.focusFirstElement\"\n\t\t\t id=\"modal-1-content\">\n\t\t\t\t\t\t\t\t<ul style=\"color: #0709e3;\" class=\"wp-block-navigation__container has-text-color is-responsive  is-vertical aside-menu wp-block-navigation\"><li style=\"font-style:normal;font-weight:600;\" class=\" wp-block-navigation-item  menu-item menu-item-type-post_type menu-item-object-page wp-block-navigation-link\"><a class=\"wp-block-navigation-item__content\"  href=\"http:\/\/bellica3g.com\/index.php\/apoyo-al-jugador\/schwerpunkt-batallas-de-la-era-industrial\/\" title=\"\"><span class=\"wp-block-navigation-item__label\">Schwerpunkt: Batallas de la Era Industrial<\/span><\/a><\/li><li style=\"font-style:normal;font-weight:600;\" class=\" wp-block-navigation-item wp-block-navigation-link\"><a class=\"wp-block-navigation-item__content\"  href=\"https:\/\/bellica3g.com\/es\/apoyo-al-jugador\/batallas-desesperadas\/\"><span class=\"wp-block-navigation-item__label\">Batallas Desesperadas<\/span><\/a><\/li><li style=\"font-style:normal;font-weight:600;\" class=\" wp-block-navigation-item  menu-item menu-item-type-post_type menu-item-object-page wp-block-navigation-link\"><a class=\"wp-block-navigation-item__content\"  href=\"http:\/\/bellica3g.com\/index.php\/apoyo-al-jugador\/comandante-de-campo\/\" title=\"\"><span class=\"wp-block-navigation-item__label\">Comandante de Campo<\/span><\/a><\/li><li style=\"font-style:normal;font-weight:600;\" class=\" wp-block-navigation-item  menu-item menu-item-type-post_type menu-item-object-page wp-block-navigation-link\"><a class=\"wp-block-navigation-item__content\"  href=\"http:\/\/bellica3g.com\/index.php\/apoyo-al-jugador\/la-busqueda-de-la-gloria\/\" title=\"\"><span class=\"wp-block-navigation-item__label\">La B\u00fasqueda de la Gloria<\/span><\/a><\/li><li style=\"font-style:normal;font-weight:600;\" class=\" wp-block-navigation-item  menu-item menu-item-type-post_type menu-item-object-page wp-block-navigation-link\"><a class=\"wp-block-navigation-item__content\"  href=\"http:\/\/bellica3g.com\/index.php\/apoyo-al-jugador\/la-era-de-los-mosquetes\/\" title=\"\"><span class=\"wp-block-navigation-item__label\">La Era de los Mosquetes<\/span><\/a><\/li><\/ul>\n\t\t\t\t\t\t\t<\/div>\n\t\t\t\t\t\t<\/div>\n\t\t\t\t\t<\/div>\n\t\t\t\t<\/div><\/nav><\/div><\/div>\n<\/div>\n<\/div>\n<\/div><\/section>\n","protected":false},"excerpt":{"rendered":"<p>La \u201cfamilia\u201d, que no serie, de BATALLAS DESESPERADAS se inici\u00f3 con el excelente juego dise\u00f1ado por Iv\u00e1n C\u00e1ceres y publicado por nosotros en 2017 Santa Cruz 1797. Dado que la idea era tan buena no pod\u00edamos dejar que el sistema de juego se agotara en ese producto. Por ello dise\u00f1\u00e9 \u201cVon Manstein\u2019s Triumph\u201d y \u201cCastelnuovo [&hellip;]<\/p>\n","protected":false},"author":2,"featured_media":698,"parent":151,"menu_order":0,"comment_status":"closed","ping_status":"closed","template":"page-templates\/page-sidebar-none.php","meta":{"footnotes":""},"class_list":["post-689","page","type-page","status-publish","has-post-thumbnail","hentry"],"yoast_head":"<!-- This site is optimized with the Yoast SEO plugin v27.2 - https:\/\/yoast.com\/product\/yoast-seo-wordpress\/ -->\n<title>Batallas Desesperadas - bellica3g<\/title>\n<meta name=\"robots\" content=\"index, follow, max-snippet:-1, max-image-preview:large, max-video-preview:-1\" \/>\n<link rel=\"canonical\" href=\"https:\/\/bellica3g.com\/es\/apoyo-al-jugador\/batallas-desesperadas\/\" \/>\n<meta property=\"og:locale\" content=\"es_ES\" \/>\n<meta property=\"og:type\" content=\"article\" \/>\n<meta property=\"og:title\" content=\"Batallas Desesperadas - bellica3g\" \/>\n<meta property=\"og:description\" content=\"La \u201cfamilia\u201d, que no serie, de BATALLAS DESESPERADAS se inici\u00f3 con el excelente juego dise\u00f1ado por Iv\u00e1n C\u00e1ceres y publicado por nosotros en 2017 Santa Cruz 1797. Dado que la idea era tan buena no pod\u00edamos dejar que el sistema de juego se agotara en ese producto. Por ello dise\u00f1\u00e9 \u201cVon Manstein\u2019s Triumph\u201d y \u201cCastelnuovo [&hellip;]\" \/>\n<meta property=\"og:url\" content=\"https:\/\/bellica3g.com\/es\/apoyo-al-jugador\/batallas-desesperadas\/\" \/>\n<meta property=\"og:site_name\" content=\"bellica3g\" \/>\n<meta property=\"article:modified_time\" content=\"2025-05-08T00:16:11+00:00\" \/>\n<meta property=\"og:image\" content=\"https:\/\/bellica3g.com\/wp-content\/uploads\/2025\/05\/portada-16x24-1-scaled.jpg\" \/>\n\t<meta property=\"og:image:width\" content=\"2560\" \/>\n\t<meta property=\"og:image:height\" content=\"1711\" \/>\n\t<meta property=\"og:image:type\" content=\"image\/jpeg\" \/>\n<meta name=\"twitter:card\" content=\"summary_large_image\" \/>\n<meta name=\"twitter:label1\" content=\"Tiempo de lectura\" \/>\n\t<meta name=\"twitter:data1\" content=\"5 minutos\" \/>\n<script type=\"application\/ld+json\" class=\"yoast-schema-graph\">{\"@context\":\"https:\/\/schema.org\",\"@graph\":[{\"@type\":\"WebPage\",\"@id\":\"https:\/\/bellica3g.com\/es\/apoyo-al-jugador\/batallas-desesperadas\/\",\"url\":\"https:\/\/bellica3g.com\/es\/apoyo-al-jugador\/batallas-desesperadas\/\",\"name\":\"Batallas Desesperadas - bellica3g\",\"isPartOf\":{\"@id\":\"https:\/\/bellica3g.com\/es\/#website\"},\"primaryImageOfPage\":{\"@id\":\"https:\/\/bellica3g.com\/es\/apoyo-al-jugador\/batallas-desesperadas\/#primaryimage\"},\"image\":{\"@id\":\"https:\/\/bellica3g.com\/es\/apoyo-al-jugador\/batallas-desesperadas\/#primaryimage\"},\"thumbnailUrl\":\"https:\/\/bellica3g.com\/wp-content\/uploads\/2025\/05\/portada-16x24-1-scaled.jpg\",\"datePublished\":\"2025-05-07T23:48:38+00:00\",\"dateModified\":\"2025-05-08T00:16:11+00:00\",\"breadcrumb\":{\"@id\":\"https:\/\/bellica3g.com\/es\/apoyo-al-jugador\/batallas-desesperadas\/#breadcrumb\"},\"inLanguage\":\"es\",\"potentialAction\":[{\"@type\":\"ReadAction\",\"target\":[\"https:\/\/bellica3g.com\/es\/apoyo-al-jugador\/batallas-desesperadas\/\"]}]},{\"@type\":\"ImageObject\",\"inLanguage\":\"es\",\"@id\":\"https:\/\/bellica3g.com\/es\/apoyo-al-jugador\/batallas-desesperadas\/#primaryimage\",\"url\":\"https:\/\/bellica3g.com\/wp-content\/uploads\/2025\/05\/portada-16x24-1-scaled.jpg\",\"contentUrl\":\"https:\/\/bellica3g.com\/wp-content\/uploads\/2025\/05\/portada-16x24-1-scaled.jpg\",\"width\":2560,\"height\":1711},{\"@type\":\"BreadcrumbList\",\"@id\":\"https:\/\/bellica3g.com\/es\/apoyo-al-jugador\/batallas-desesperadas\/#breadcrumb\",\"itemListElement\":[{\"@type\":\"ListItem\",\"position\":1,\"name\":\"Home\",\"item\":\"https:\/\/bellica3g.com\/es\/\"},{\"@type\":\"ListItem\",\"position\":2,\"name\":\"Nuestros juegos\",\"item\":\"https:\/\/bellica3g.com\/es\/apoyo-al-jugador\/\"},{\"@type\":\"ListItem\",\"position\":3,\"name\":\"Batallas Desesperadas\"}]},{\"@type\":\"WebSite\",\"@id\":\"https:\/\/bellica3g.com\/es\/#website\",\"url\":\"https:\/\/bellica3g.com\/es\/\",\"name\":\"bellica3g\",\"description\":\"Juegos de estrategia y simulaci\u00f3n\",\"publisher\":{\"@id\":\"https:\/\/bellica3g.com\/es\/#organization\"},\"potentialAction\":[{\"@type\":\"SearchAction\",\"target\":{\"@type\":\"EntryPoint\",\"urlTemplate\":\"https:\/\/bellica3g.com\/es\/?s={search_term_string}\"},\"query-input\":{\"@type\":\"PropertyValueSpecification\",\"valueRequired\":true,\"valueName\":\"search_term_string\"}}],\"inLanguage\":\"es\"},{\"@type\":\"Organization\",\"@id\":\"https:\/\/bellica3g.com\/es\/#organization\",\"name\":\"bellica3g\",\"url\":\"https:\/\/bellica3g.com\/es\/\",\"logo\":{\"@type\":\"ImageObject\",\"inLanguage\":\"es\",\"@id\":\"https:\/\/bellica3g.com\/es\/#\/schema\/logo\/image\/\",\"url\":\"https:\/\/bellica3g.com\/wp-content\/uploads\/2023\/04\/logo-sm.svg\",\"contentUrl\":\"https:\/\/bellica3g.com\/wp-content\/uploads\/2023\/04\/logo-sm.svg\",\"width\":200,\"height\":30,\"caption\":\"bellica3g\"},\"image\":{\"@id\":\"https:\/\/bellica3g.com\/es\/#\/schema\/logo\/image\/\"}}]}<\/script>\n<!-- \/ Yoast SEO plugin. -->","yoast_head_json":{"title":"Batallas Desesperadas - bellica3g","robots":{"index":"index","follow":"follow","max-snippet":"max-snippet:-1","max-image-preview":"max-image-preview:large","max-video-preview":"max-video-preview:-1"},"canonical":"https:\/\/bellica3g.com\/es\/apoyo-al-jugador\/batallas-desesperadas\/","og_locale":"es_ES","og_type":"article","og_title":"Batallas Desesperadas - bellica3g","og_description":"La \u201cfamilia\u201d, que no serie, de BATALLAS DESESPERADAS se inici\u00f3 con el excelente juego dise\u00f1ado por Iv\u00e1n C\u00e1ceres y publicado por nosotros en 2017 Santa Cruz 1797. Dado que la idea era tan buena no pod\u00edamos dejar que el sistema de juego se agotara en ese producto. Por ello dise\u00f1\u00e9 \u201cVon Manstein\u2019s Triumph\u201d y \u201cCastelnuovo [&hellip;]","og_url":"https:\/\/bellica3g.com\/es\/apoyo-al-jugador\/batallas-desesperadas\/","og_site_name":"bellica3g","article_modified_time":"2025-05-08T00:16:11+00:00","og_image":[{"width":2560,"height":1711,"url":"https:\/\/bellica3g.com\/wp-content\/uploads\/2025\/05\/portada-16x24-1-scaled.jpg","type":"image\/jpeg"}],"twitter_card":"summary_large_image","twitter_misc":{"Tiempo de lectura":"5 minutos"},"schema":{"@context":"https:\/\/schema.org","@graph":[{"@type":"WebPage","@id":"https:\/\/bellica3g.com\/es\/apoyo-al-jugador\/batallas-desesperadas\/","url":"https:\/\/bellica3g.com\/es\/apoyo-al-jugador\/batallas-desesperadas\/","name":"Batallas Desesperadas - bellica3g","isPartOf":{"@id":"https:\/\/bellica3g.com\/es\/#website"},"primaryImageOfPage":{"@id":"https:\/\/bellica3g.com\/es\/apoyo-al-jugador\/batallas-desesperadas\/#primaryimage"},"image":{"@id":"https:\/\/bellica3g.com\/es\/apoyo-al-jugador\/batallas-desesperadas\/#primaryimage"},"thumbnailUrl":"https:\/\/bellica3g.com\/wp-content\/uploads\/2025\/05\/portada-16x24-1-scaled.jpg","datePublished":"2025-05-07T23:48:38+00:00","dateModified":"2025-05-08T00:16:11+00:00","breadcrumb":{"@id":"https:\/\/bellica3g.com\/es\/apoyo-al-jugador\/batallas-desesperadas\/#breadcrumb"},"inLanguage":"es","potentialAction":[{"@type":"ReadAction","target":["https:\/\/bellica3g.com\/es\/apoyo-al-jugador\/batallas-desesperadas\/"]}]},{"@type":"ImageObject","inLanguage":"es","@id":"https:\/\/bellica3g.com\/es\/apoyo-al-jugador\/batallas-desesperadas\/#primaryimage","url":"https:\/\/bellica3g.com\/wp-content\/uploads\/2025\/05\/portada-16x24-1-scaled.jpg","contentUrl":"https:\/\/bellica3g.com\/wp-content\/uploads\/2025\/05\/portada-16x24-1-scaled.jpg","width":2560,"height":1711},{"@type":"BreadcrumbList","@id":"https:\/\/bellica3g.com\/es\/apoyo-al-jugador\/batallas-desesperadas\/#breadcrumb","itemListElement":[{"@type":"ListItem","position":1,"name":"Home","item":"https:\/\/bellica3g.com\/es\/"},{"@type":"ListItem","position":2,"name":"Nuestros juegos","item":"https:\/\/bellica3g.com\/es\/apoyo-al-jugador\/"},{"@type":"ListItem","position":3,"name":"Batallas Desesperadas"}]},{"@type":"WebSite","@id":"https:\/\/bellica3g.com\/es\/#website","url":"https:\/\/bellica3g.com\/es\/","name":"bellica3g","description":"Juegos de estrategia y simulaci\u00f3n","publisher":{"@id":"https:\/\/bellica3g.com\/es\/#organization"},"potentialAction":[{"@type":"SearchAction","target":{"@type":"EntryPoint","urlTemplate":"https:\/\/bellica3g.com\/es\/?s={search_term_string}"},"query-input":{"@type":"PropertyValueSpecification","valueRequired":true,"valueName":"search_term_string"}}],"inLanguage":"es"},{"@type":"Organization","@id":"https:\/\/bellica3g.com\/es\/#organization","name":"bellica3g","url":"https:\/\/bellica3g.com\/es\/","logo":{"@type":"ImageObject","inLanguage":"es","@id":"https:\/\/bellica3g.com\/es\/#\/schema\/logo\/image\/","url":"https:\/\/bellica3g.com\/wp-content\/uploads\/2023\/04\/logo-sm.svg","contentUrl":"https:\/\/bellica3g.com\/wp-content\/uploads\/2023\/04\/logo-sm.svg","width":200,"height":30,"caption":"bellica3g"},"image":{"@id":"https:\/\/bellica3g.com\/es\/#\/schema\/logo\/image\/"}}]}},"_links":{"self":[{"href":"https:\/\/bellica3g.com\/es\/wp-json\/wp\/v2\/pages\/689","targetHints":{"allow":["GET"]}}],"collection":[{"href":"https:\/\/bellica3g.com\/es\/wp-json\/wp\/v2\/pages"}],"about":[{"href":"https:\/\/bellica3g.com\/es\/wp-json\/wp\/v2\/types\/page"}],"author":[{"embeddable":true,"href":"https:\/\/bellica3g.com\/es\/wp-json\/wp\/v2\/users\/2"}],"replies":[{"embeddable":true,"href":"https:\/\/bellica3g.com\/es\/wp-json\/wp\/v2\/comments?post=689"}],"version-history":[{"count":3,"href":"https:\/\/bellica3g.com\/es\/wp-json\/wp\/v2\/pages\/689\/revisions"}],"predecessor-version":[{"id":692,"href":"https:\/\/bellica3g.com\/es\/wp-json\/wp\/v2\/pages\/689\/revisions\/692"}],"up":[{"embeddable":true,"href":"https:\/\/bellica3g.com\/es\/wp-json\/wp\/v2\/pages\/151"}],"wp:featuredmedia":[{"embeddable":true,"href":"https:\/\/bellica3g.com\/es\/wp-json\/wp\/v2\/media\/698"}],"wp:attachment":[{"href":"https:\/\/bellica3g.com\/es\/wp-json\/wp\/v2\/media?parent=689"}],"curies":[{"name":"wp","href":"https:\/\/api.w.org\/{rel}","templated":true}]}}