{"id":12,"date":"2023-04-14T08:00:47","date_gmt":"2023-04-14T08:00:47","guid":{"rendered":"http:\/\/bellica3g.com\/?post_type=product&#038;p=12"},"modified":"2025-06-21T18:24:42","modified_gmt":"2025-06-21T18:24:42","slug":"coral-sea","status":"publish","type":"product","link":"https:\/\/bellica3g.com\/es\/producto\/coral-sea\/","title":{"rendered":"Serie Comandante de Campo. Vol. II. Coral Sea"},"content":{"rendered":"<p>\u00abCoral Sea\u00bb es un nuevo volumen de la Serie \u201cComandante de Campo\u201d y refleja la campa\u00f1a de los mares del Sur entre la primavera de 1942 y la de 1943. La expansi\u00f3n japonesa llega a su l\u00edmite en el archipi\u00e9lago de las Islas Salom\u00f3n y en Nueva Guinea. La fuerza inicial japonesa \u2013Destacamento de los Mares del Sur- comenz\u00f3 a expandirse aplastando a las d\u00e9biles guarniciones australianas de la zona a partir de su base en Rabaul, que ser\u00eda el centro log\u00edstico y de mando japon\u00e9s en la zona. La batalla aeronaval del Mar del Coral supuso un duro golpe para dicha fuerza puesto que fue hundido su \u00fanico portaaviones \u2013el portaaviones ligero Soho- y la fuerza anfibia de invasi\u00f3n para tomar Port Moresby tuvo que volver a Rabaul sin cumplir su misi\u00f3n.<br \/>\nTras ello las fuerzas imperiales trataron de llegar por tierra hasta Port Moresby y se fueron extendiendo por las Islas Salom\u00f3n creando bases a\u00e9reas y estaciones de observaci\u00f3n por todo el archipi\u00e9lago. La amenaza para los aliados era que las fuerzas japonesas fueran capaces de cortar las comunicaciones navales entre Estados Unidos y Australia.<br \/>\nMientras las fuerzas de los aliados reforzaron Australia y la zona de Nueva Caledonia buscando una oportunidad para contraatacar y detener la marea imperial que se extend\u00eda por la zona.<br \/>\nLa vuelta a Australia de unidades que combat\u00edan en Oriente Medio permiti\u00f3 iniciar una ofensiva en Papua\/Nueva Guinea que habr\u00eda de durar 6 sangrientos meses por la posesi\u00f3n de los enclaves de Buna y Gona en la costa norte de Nueva Guinea.<br \/>\nEn las Islas Salom\u00f3n el contraataque norteamericano se inici\u00f3 el 8 de agosto de 1942 y tambi\u00e9n dio paso a una dura y sangrienta campa\u00f1a hasta febrero de 1943, con sucesivos ataques y contraataques de ambos bandos. Quedando finalmente la isla en manos americanas.<br \/>\nJunto a los escenarios terrestres de la lucha las operaciones aeronavales tambi\u00e9n fueron protagonistas de los combates puesto que ambas marinas hicieron lo imposible por apoyar a sus fuerzas terrestres y mantenerlas suministradas, de modo que las batallas aeronavales fueron numerosas y costosas, como la \u00faltima de ellas en este per\u00edodo \u2013La batalla del Mar de Bismarck- que se\u00f1al\u00f3 el comienzo de la supremac\u00eda aliada en la zona. La marina Imperial con base en la isla de Truk hizo en varias ocasiones incursiones en la zona para apoyar al peque\u00f1o destacamento naval de los Mares del Sur.<br \/>\nFinalmente los japoneses tuvieron que ceder la iniciativa a los aliados en la zona al quedar exhaustos sus recursos, divididos entre dos frentes. Los aliados hab\u00edan agotado el empuje japon\u00e9s y se dispon\u00edan a pasar a la ofensiva. Pero eso ya es otra historia\u2026<br \/>\nEl juego se desarrolla en una escala operacional \u2013 mapa zonal de escala 1:300000. Pensado para dos jugadores uno lleva las fuerzas JAPONESAS y el otro las fuerzas ALIADAS. El juego tiene una duraci\u00f3n aproximada de 3-4 y usa un doble sistema de fichas\/mapa y cartas en sus mec\u00e1nicas. Los jugadores deber\u00e1n usar sus fuerzas militares y sus recursos para obtener puntos de victoria a base de eliminar fuerzas enemigas y ocupar ciudades en el mapa. No es un juego de motor de cartas, sino que las cartas sirven para provocar eventos, influir en las batallas y conseguir refuerzos y recursos con los que luchar en el mapa.<br \/>\nAl comienzo del juego el jugador JAPON\u00c9S llevar\u00e1 la Iniciativa y deber\u00e1 expandirse por el mapa para conseguir Puntos de Victoria. El jugador ALIADO parte de una situaci\u00f3n de debilidad e ir\u00e1 fortaleci\u00e9ndose a medida que la partida avance. Deber\u00e1 esperar su oportunidad para infligir al japon\u00e9s derrotas costosas. La isla de Guadalcanal ser\u00e1 crucial en el desarrollo de la partida, as\u00ed como las acciones en Papua\/Nueva Guinea.<br \/>\nComo todos los juegos de esta Serie, posee un reglamento muy sencillo y est\u00e1 pensado para que las partidas sean muy interactivas, creando una experiencia de juego agradable y s\u00f3lida para aquellos que no disponen del tiempo o el espacio para dejar puesto un juego de mayor duraci\u00f3n y envergadura.<br \/>\nEl jugador de JAPON\u00c9S debe enfrentarse a la disyuntiva hist\u00f3rica \u00bfconcentrarse en tomar las Islas Salom\u00f3n, Papua o intentar las dos a la vez? El jugador ALIADO deber\u00e1 ser paciente y hacer que su enemigo se sobre extienda, acumular fuerzas para realizar letal ofensivas que pongan en jaque a las fuerzas del Imperio del Sol Naciente.<\/p>\n<p>Componentes:<br \/>\n&#8211; 1 mapas de 80&#215;60 cm de los Mares del Sur, Islas Salom\u00f3n y Papua\/Nueva Guinea.<br \/>\n&#8211; 2 dados d10<br \/>\n&#8211; 176 fichas (1 plantilla)<br \/>\n&#8211; 1 libreto de Reglas de la Serie \u201cComandante de Campo\u201d y Reglas Exclusivas de \u201cCoral Sea\u201d; notas hist\u00f3ricas y del dise\u00f1ador.<br \/>\n&#8211; 70 cartas (divididas en dos mazos + cartas de ayuda + promocionales)<br \/>\n&#8211; 3 bolsas de pl\u00e1stico<\/p>\n<p>El juego est\u00e1 completamente en espa\u00f1ol.<\/p>\n","protected":false},"excerpt":{"rendered":"<p>\u00abCoral Sea\u00bb es un nuevo volumen de la Serie \u201cComandante de Campo\u201d y refleja la campa\u00f1a de los mares del Sur entre la primavera de 1942 y la de 1943. La expansi\u00f3n japonesa llega a su l\u00edmite en el archipi\u00e9lago de las Islas Salom\u00f3n y en Nueva Guinea<\/p>\n","protected":false},"featured_media":13,"comment_status":"open","ping_status":"closed","template":"","meta":[],"product_brand":[],"product_cat":[15],"product_tag":[],"class_list":{"0":"post-12","1":"product","2":"type-product","3":"status-publish","4":"has-post-thumbnail","6":"product_cat-juegos","8":"first","9":"instock","10":"shipping-taxable","11":"purchasable","12":"product-type-simple"},"yoast_head":"<!-- This site is optimized with the Yoast SEO plugin v27.2 - https:\/\/yoast.com\/product\/yoast-seo-wordpress\/ -->\n<title>Serie Comandante de Campo. Vol. II. Coral Sea - bellica3g<\/title>\n<meta name=\"robots\" content=\"index, follow, max-snippet:-1, max-image-preview:large, max-video-preview:-1\" \/>\n<link rel=\"canonical\" href=\"https:\/\/bellica3g.com\/es\/producto\/coral-sea\/\" \/>\n<meta property=\"og:locale\" content=\"es_ES\" \/>\n<meta property=\"og:type\" content=\"article\" \/>\n<meta property=\"og:title\" content=\"Serie Comandante de Campo. Vol. II. Coral Sea - bellica3g\" \/>\n<meta property=\"og:description\" content=\"&quot;Coral Sea&quot; es un nuevo volumen de la Serie \u201cComandante de Campo\u201d y refleja la campa\u00f1a de los mares del Sur entre la primavera de 1942 y la de 1943. La expansi\u00f3n japonesa llega a su l\u00edmite en el archipi\u00e9lago de las Islas Salom\u00f3n y en Nueva Guinea\" \/>\n<meta property=\"og:url\" content=\"https:\/\/bellica3g.com\/es\/producto\/coral-sea\/\" \/>\n<meta property=\"og:site_name\" content=\"bellica3g\" \/>\n<meta property=\"article:modified_time\" content=\"2025-06-21T18:24:42+00:00\" \/>\n<meta property=\"og:image\" content=\"https:\/\/bellica3g.com\/wp-content\/uploads\/2023\/04\/Coral_Sea_4d2c86905051f.jpg\" \/>\n\t<meta property=\"og:image:width\" content=\"700\" \/>\n\t<meta property=\"og:image:height\" content=\"909\" \/>\n\t<meta property=\"og:image:type\" content=\"image\/jpeg\" \/>\n<meta name=\"twitter:card\" content=\"summary_large_image\" \/>\n<meta name=\"twitter:label1\" content=\"Tiempo de lectura\" \/>\n\t<meta name=\"twitter:data1\" content=\"4 minutos\" \/>\n<script type=\"application\/ld+json\" class=\"yoast-schema-graph\">{\"@context\":\"https:\/\/schema.org\",\"@graph\":[{\"@type\":\"WebPage\",\"@id\":\"https:\/\/bellica3g.com\/es\/producto\/coral-sea\/\",\"url\":\"https:\/\/bellica3g.com\/es\/producto\/coral-sea\/\",\"name\":\"Serie Comandante de Campo. Vol. II. Coral Sea - bellica3g\",\"isPartOf\":{\"@id\":\"https:\/\/bellica3g.com\/es\/#website\"},\"primaryImageOfPage\":{\"@id\":\"https:\/\/bellica3g.com\/es\/producto\/coral-sea\/#primaryimage\"},\"image\":{\"@id\":\"https:\/\/bellica3g.com\/es\/producto\/coral-sea\/#primaryimage\"},\"thumbnailUrl\":\"https:\/\/bellica3g.com\/wp-content\/uploads\/2023\/04\/Coral_Sea_4d2c86905051f.jpg\",\"datePublished\":\"2023-04-14T08:00:47+00:00\",\"dateModified\":\"2025-06-21T18:24:42+00:00\",\"breadcrumb\":{\"@id\":\"https:\/\/bellica3g.com\/es\/producto\/coral-sea\/#breadcrumb\"},\"inLanguage\":\"es\",\"potentialAction\":[{\"@type\":\"ReadAction\",\"target\":[\"https:\/\/bellica3g.com\/es\/producto\/coral-sea\/\"]}]},{\"@type\":\"ImageObject\",\"inLanguage\":\"es\",\"@id\":\"https:\/\/bellica3g.com\/es\/producto\/coral-sea\/#primaryimage\",\"url\":\"https:\/\/bellica3g.com\/wp-content\/uploads\/2023\/04\/Coral_Sea_4d2c86905051f.jpg\",\"contentUrl\":\"https:\/\/bellica3g.com\/wp-content\/uploads\/2023\/04\/Coral_Sea_4d2c86905051f.jpg\",\"width\":700,\"height\":909},{\"@type\":\"BreadcrumbList\",\"@id\":\"https:\/\/bellica3g.com\/es\/producto\/coral-sea\/#breadcrumb\",\"itemListElement\":[{\"@type\":\"ListItem\",\"position\":1,\"name\":\"Home\",\"item\":\"https:\/\/bellica3g.com\/es\/\"},{\"@type\":\"ListItem\",\"position\":2,\"name\":\"Tienda\",\"item\":\"https:\/\/bellica3g.com\/es\/tienda\/\"},{\"@type\":\"ListItem\",\"position\":3,\"name\":\"Serie Comandante de Campo. Vol. II. Coral Sea\"}]},{\"@type\":\"WebSite\",\"@id\":\"https:\/\/bellica3g.com\/es\/#website\",\"url\":\"https:\/\/bellica3g.com\/es\/\",\"name\":\"bellica3g\",\"description\":\"Juegos de estrategia y simulaci\u00f3n\",\"publisher\":{\"@id\":\"https:\/\/bellica3g.com\/es\/#organization\"},\"potentialAction\":[{\"@type\":\"SearchAction\",\"target\":{\"@type\":\"EntryPoint\",\"urlTemplate\":\"https:\/\/bellica3g.com\/es\/?s={search_term_string}\"},\"query-input\":{\"@type\":\"PropertyValueSpecification\",\"valueRequired\":true,\"valueName\":\"search_term_string\"}}],\"inLanguage\":\"es\"},{\"@type\":\"Organization\",\"@id\":\"https:\/\/bellica3g.com\/es\/#organization\",\"name\":\"bellica3g\",\"url\":\"https:\/\/bellica3g.com\/es\/\",\"logo\":{\"@type\":\"ImageObject\",\"inLanguage\":\"es\",\"@id\":\"https:\/\/bellica3g.com\/es\/#\/schema\/logo\/image\/\",\"url\":\"https:\/\/bellica3g.com\/wp-content\/uploads\/2023\/04\/logo-sm.svg\",\"contentUrl\":\"https:\/\/bellica3g.com\/wp-content\/uploads\/2023\/04\/logo-sm.svg\",\"width\":200,\"height\":30,\"caption\":\"bellica3g\"},\"image\":{\"@id\":\"https:\/\/bellica3g.com\/es\/#\/schema\/logo\/image\/\"}}]}<\/script>\n<!-- \/ Yoast SEO plugin. -->","yoast_head_json":{"title":"Serie Comandante de Campo. Vol. II. Coral Sea - bellica3g","robots":{"index":"index","follow":"follow","max-snippet":"max-snippet:-1","max-image-preview":"max-image-preview:large","max-video-preview":"max-video-preview:-1"},"canonical":"https:\/\/bellica3g.com\/es\/producto\/coral-sea\/","og_locale":"es_ES","og_type":"article","og_title":"Serie Comandante de Campo. Vol. II. Coral Sea - bellica3g","og_description":"\"Coral Sea\" es un nuevo volumen de la Serie \u201cComandante de Campo\u201d y refleja la campa\u00f1a de los mares del Sur entre la primavera de 1942 y la de 1943. La expansi\u00f3n japonesa llega a su l\u00edmite en el archipi\u00e9lago de las Islas Salom\u00f3n y en Nueva Guinea","og_url":"https:\/\/bellica3g.com\/es\/producto\/coral-sea\/","og_site_name":"bellica3g","article_modified_time":"2025-06-21T18:24:42+00:00","og_image":[{"width":700,"height":909,"url":"https:\/\/bellica3g.com\/wp-content\/uploads\/2023\/04\/Coral_Sea_4d2c86905051f.jpg","type":"image\/jpeg"}],"twitter_card":"summary_large_image","twitter_misc":{"Tiempo de lectura":"4 minutos"},"schema":{"@context":"https:\/\/schema.org","@graph":[{"@type":"WebPage","@id":"https:\/\/bellica3g.com\/es\/producto\/coral-sea\/","url":"https:\/\/bellica3g.com\/es\/producto\/coral-sea\/","name":"Serie Comandante de Campo. Vol. II. Coral Sea - bellica3g","isPartOf":{"@id":"https:\/\/bellica3g.com\/es\/#website"},"primaryImageOfPage":{"@id":"https:\/\/bellica3g.com\/es\/producto\/coral-sea\/#primaryimage"},"image":{"@id":"https:\/\/bellica3g.com\/es\/producto\/coral-sea\/#primaryimage"},"thumbnailUrl":"https:\/\/bellica3g.com\/wp-content\/uploads\/2023\/04\/Coral_Sea_4d2c86905051f.jpg","datePublished":"2023-04-14T08:00:47+00:00","dateModified":"2025-06-21T18:24:42+00:00","breadcrumb":{"@id":"https:\/\/bellica3g.com\/es\/producto\/coral-sea\/#breadcrumb"},"inLanguage":"es","potentialAction":[{"@type":"ReadAction","target":["https:\/\/bellica3g.com\/es\/producto\/coral-sea\/"]}]},{"@type":"ImageObject","inLanguage":"es","@id":"https:\/\/bellica3g.com\/es\/producto\/coral-sea\/#primaryimage","url":"https:\/\/bellica3g.com\/wp-content\/uploads\/2023\/04\/Coral_Sea_4d2c86905051f.jpg","contentUrl":"https:\/\/bellica3g.com\/wp-content\/uploads\/2023\/04\/Coral_Sea_4d2c86905051f.jpg","width":700,"height":909},{"@type":"BreadcrumbList","@id":"https:\/\/bellica3g.com\/es\/producto\/coral-sea\/#breadcrumb","itemListElement":[{"@type":"ListItem","position":1,"name":"Home","item":"https:\/\/bellica3g.com\/es\/"},{"@type":"ListItem","position":2,"name":"Tienda","item":"https:\/\/bellica3g.com\/es\/tienda\/"},{"@type":"ListItem","position":3,"name":"Serie Comandante de Campo. Vol. II. Coral Sea"}]},{"@type":"WebSite","@id":"https:\/\/bellica3g.com\/es\/#website","url":"https:\/\/bellica3g.com\/es\/","name":"bellica3g","description":"Juegos de estrategia y simulaci\u00f3n","publisher":{"@id":"https:\/\/bellica3g.com\/es\/#organization"},"potentialAction":[{"@type":"SearchAction","target":{"@type":"EntryPoint","urlTemplate":"https:\/\/bellica3g.com\/es\/?s={search_term_string}"},"query-input":{"@type":"PropertyValueSpecification","valueRequired":true,"valueName":"search_term_string"}}],"inLanguage":"es"},{"@type":"Organization","@id":"https:\/\/bellica3g.com\/es\/#organization","name":"bellica3g","url":"https:\/\/bellica3g.com\/es\/","logo":{"@type":"ImageObject","inLanguage":"es","@id":"https:\/\/bellica3g.com\/es\/#\/schema\/logo\/image\/","url":"https:\/\/bellica3g.com\/wp-content\/uploads\/2023\/04\/logo-sm.svg","contentUrl":"https:\/\/bellica3g.com\/wp-content\/uploads\/2023\/04\/logo-sm.svg","width":200,"height":30,"caption":"bellica3g"},"image":{"@id":"https:\/\/bellica3g.com\/es\/#\/schema\/logo\/image\/"}}]}},"_links":{"self":[{"href":"https:\/\/bellica3g.com\/es\/wp-json\/wp\/v2\/product\/12","targetHints":{"allow":["GET"]}}],"collection":[{"href":"https:\/\/bellica3g.com\/es\/wp-json\/wp\/v2\/product"}],"about":[{"href":"https:\/\/bellica3g.com\/es\/wp-json\/wp\/v2\/types\/product"}],"replies":[{"embeddable":true,"href":"https:\/\/bellica3g.com\/es\/wp-json\/wp\/v2\/comments?post=12"}],"wp:featuredmedia":[{"embeddable":true,"href":"https:\/\/bellica3g.com\/es\/wp-json\/wp\/v2\/media\/13"}],"wp:attachment":[{"href":"https:\/\/bellica3g.com\/es\/wp-json\/wp\/v2\/media?parent=12"}],"wp:term":[{"taxonomy":"product_brand","embeddable":true,"href":"https:\/\/bellica3g.com\/es\/wp-json\/wp\/v2\/product_brand?post=12"},{"taxonomy":"product_cat","embeddable":true,"href":"https:\/\/bellica3g.com\/es\/wp-json\/wp\/v2\/product_cat?post=12"},{"taxonomy":"product_tag","embeddable":true,"href":"https:\/\/bellica3g.com\/es\/wp-json\/wp\/v2\/product_tag?post=12"}],"curies":[{"name":"wp","href":"https:\/\/api.w.org\/{rel}","templated":true}]}}