{"id":198,"date":"2023-04-20T08:01:39","date_gmt":"2023-04-20T08:01:39","guid":{"rendered":"http:\/\/bellica3g.com\/?post_type=product&#038;p=198"},"modified":"2025-05-07T15:52:27","modified_gmt":"2025-05-07T15:52:27","slug":"la-ascension-de-las-aguilas","status":"publish","type":"product","link":"https:\/\/bellica3g.com\/es\/producto\/la-ascension-de-las-aguilas\/","title":{"rendered":"La Era de los Mosquetes. Vol.II. La Ascension de las Aguilas"},"content":{"rendered":"<p>\u00abEagles Rising\u00bb es el segundo volumen de \u201cAge of Muskets\u201d y refleja la campa\u00f1a de Napole\u00f3n de 1796-97 en el Norte de Italia. En ella se forj\u00f3 Napole\u00f3n su nombre y prestigio que le llevar\u00eda a regir los designios de Francia \u2013y de Europa a su remolque. La campa\u00f1a comienza con la ofensiva de Bonaparte en la primavera de 1796 que puso fuera de la guerra al reino de Piamonte y lo someti\u00f3 al dominio franc\u00e9s. Para seguir con la lucha contra los intentos austr\u00edacos de liberar Mantua de su asedio y reconquistar el valle del r\u00edo Po que tuvieron lugar hasta la batalla de R\u00edvoli, en enero de 1797. Culmina con la ofensiva de Bonaparte que le llev\u00f3 a Leoben en la primavera de 1797 en el camino a Viena y a la Victoria sobre la 1\u00aa Coalici\u00f3n antifrancesa. En continuidad con el Volumen I el juego incluye todos los elementos propios de las operaciones militares de la Era Preindustrial. No obstante incluye algunos elementos t\u00edpicos de esta campa\u00f1a como terreno alpino, una diferente escala de espacio y tiempo para reflejar la diferente duraci\u00f3n de la campa\u00f1a y algunos detalles hist\u00f3ricos propios (el saqueo sistem\u00e1tico que los franceses hicieron para enviar bienes a Francia, las revueltas contra la ocupaci\u00f3n francesa\u2026). Dado el tama\u00f1o de los ej\u00e9rcitos implicados la mayor\u00eda de los escenarios de este Volumen son muy indicados para dos jugadores porque hay pocos Cuarteles Generales presentes y su tama\u00f1o es muy manejable.<br \/>\nNo obstante el t\u00edtulo del juego estar\u00eda incompleto si s\u00f3lo se refiriese a esa primera campa\u00f1a de Napole\u00f3n Bonaparte. La caja incluye la fichas necesarias y los escenarios apropiados para poder reflejar tambi\u00e9n la contraofensiva austro-rusa de 1799-1800 que culmin\u00f3 en la famosa batalla de Marengo, la primera que libr\u00f3 y gan\u00f3 Bonaparte como Primer C\u00f3nsul de la Rep\u00fablica a su vuelta de Egipto.<br \/>\nEl mariscal ruso Suvorov y el ej\u00e9rcito ruso se hicieron presentes y expulsaron, junto a sus aliados austr\u00edacos, a los franceses de todas las conquistas francesas en Italia. El contraataque de Napole\u00f3n Bonaparte en 1800 llegar\u00e1 cuando Suvorov y Rusia ya se hayan retirado de la contienda. \u00bfY si no hubiera sido as\u00ed? Explora el escenario hipot\u00e9tico de Napoleon vs Suvorov.<\/p>\n<p>Componentes:<br \/>\n&#8211; 2 mapas de 70&#215;50 cm (forman un mapa de Suiza, Alemania y Norte de Italia de 50&#215;140 cm)<br \/>\n&#8211; 8 Solapas de terreno para las batallas campales<br \/>\n&#8211; 2 juegos de Hojas de Ayuda al Jugador (3 Hojas en cada juego)<br \/>\n&#8211; 2 Despliegues de Cuarteles Generales<br \/>\n&#8211; 2 dados d10<br \/>\n&#8211; 1 juego de Hojas de Ej\u00e9rcitos (con permiso para fotocopiarlas).<br \/>\n&#8211; 832 fichas (4 plantillas)<br \/>\n&#8211; 1 libreto de Reglas de la Serie \u201cAge of Muskets\u201d<br \/>\n&#8211; 1 libreto de Reglas Exclusivas de \u201cEagles Rising\u201d, Escenarios y notas hist\u00f3ricas y del dise\u00f1ador.<\/p>\n<p>\u00abEagles Rising\u00bb no es \u00abun juego\u00bb. Tiene 6 escenarios introductorios de batalla \u2013Rivoli, Marengo, 1\u00aa Zurich, 2\u00aa Zurich, Novi y Trebbia- para aprender a manejar el subsistema de batalla y 11 escenarios de campa\u00f1a, que est\u00e1n ordenados en progresiva complejidad y que van desde el 1\u00ba (\u201cLa derrota del Piamonte\u201d, con una duraci\u00f3n de 2 turnos) hasta las dos campa\u00f1as enteras de 1796-97 y 1799-1800. Incluyendo un escenario sobre la campa\u00f1a de Suvorov en Suiza y otro hipot\u00e9tico con el enfrentamiento de Suvorov y Bonaparte!!!!<br \/>\nEste Volumen II ser\u00e1 ensamblable con el siguiente, Volumen III \u201cVienna or Death\u201d las respectivas campa\u00f1as de 1796-97 y 1799-1800 en el Sur de Alemania. El Archiduque Carlos y Moreau en acci\u00f3n.<\/p>\n<p>El juego est\u00e1 en ingl\u00e9s pero encontrar\u00e1s en esta p\u00e1gina (Apoyo al Jugador) los archivos en espa\u00f1ol necesarios para jugar \u2013Hojas de Ayuda, Reglas y Escenarios.<br \/>\nEn preparaci\u00f3n.<\/p>\n","protected":false},"excerpt":{"rendered":"<p>La Era de los Mosquetes Volumen II: La Ascensi\u00f3n de las \u00c1guilas.<\/p>\n","protected":false},"featured_media":199,"comment_status":"open","ping_status":"closed","template":"","meta":[],"product_brand":[],"product_cat":[15],"product_tag":[],"class_list":{"0":"post-198","1":"product","2":"type-product","3":"status-publish","4":"has-post-thumbnail","6":"product_cat-juegos","8":"first","9":"outofstock","10":"sale","11":"shipping-taxable","12":"purchasable","13":"product-type-simple"},"yoast_head":"<!-- This site is optimized with the Yoast SEO plugin v27.2 - https:\/\/yoast.com\/product\/yoast-seo-wordpress\/ -->\n<title>La Era de los Mosquetes. Vol.II. La Ascension de las Aguilas - bellica3g<\/title>\n<meta name=\"robots\" content=\"index, follow, max-snippet:-1, max-image-preview:large, max-video-preview:-1\" \/>\n<link rel=\"canonical\" href=\"https:\/\/bellica3g.com\/es\/producto\/la-ascension-de-las-aguilas\/\" \/>\n<meta property=\"og:locale\" content=\"es_ES\" \/>\n<meta property=\"og:type\" content=\"article\" \/>\n<meta property=\"og:title\" content=\"La Era de los Mosquetes. Vol.II. La Ascension de las Aguilas - bellica3g\" \/>\n<meta property=\"og:description\" content=\"La Era de los Mosquetes Volumen II: La Ascensi\u00f3n de las \u00c1guilas.\" \/>\n<meta property=\"og:url\" content=\"https:\/\/bellica3g.com\/es\/producto\/la-ascension-de-las-aguilas\/\" \/>\n<meta property=\"og:site_name\" content=\"bellica3g\" \/>\n<meta property=\"article:modified_time\" content=\"2025-05-07T15:52:27+00:00\" \/>\n<meta property=\"og:image\" content=\"https:\/\/bellica3g.com\/wp-content\/uploads\/2023\/04\/Eagles_Rising_4d2c88955dd61-1.jpg\" \/>\n\t<meta property=\"og:image:width\" content=\"700\" \/>\n\t<meta property=\"og:image:height\" content=\"538\" \/>\n\t<meta property=\"og:image:type\" content=\"image\/jpeg\" \/>\n<meta name=\"twitter:card\" content=\"summary_large_image\" \/>\n<meta name=\"twitter:label1\" content=\"Tiempo de lectura\" \/>\n\t<meta name=\"twitter:data1\" content=\"3 minutos\" \/>\n<script type=\"application\/ld+json\" class=\"yoast-schema-graph\">{\"@context\":\"https:\/\/schema.org\",\"@graph\":[{\"@type\":\"WebPage\",\"@id\":\"https:\/\/bellica3g.com\/es\/producto\/la-ascension-de-las-aguilas\/\",\"url\":\"https:\/\/bellica3g.com\/es\/producto\/la-ascension-de-las-aguilas\/\",\"name\":\"La Era de los Mosquetes. Vol.II. La Ascension de las Aguilas - bellica3g\",\"isPartOf\":{\"@id\":\"https:\/\/bellica3g.com\/es\/#website\"},\"primaryImageOfPage\":{\"@id\":\"https:\/\/bellica3g.com\/es\/producto\/la-ascension-de-las-aguilas\/#primaryimage\"},\"image\":{\"@id\":\"https:\/\/bellica3g.com\/es\/producto\/la-ascension-de-las-aguilas\/#primaryimage\"},\"thumbnailUrl\":\"https:\/\/bellica3g.com\/wp-content\/uploads\/2023\/04\/Eagles_Rising_4d2c88955dd61-1.jpg\",\"datePublished\":\"2023-04-20T08:01:39+00:00\",\"dateModified\":\"2025-05-07T15:52:27+00:00\",\"breadcrumb\":{\"@id\":\"https:\/\/bellica3g.com\/es\/producto\/la-ascension-de-las-aguilas\/#breadcrumb\"},\"inLanguage\":\"es\",\"potentialAction\":[{\"@type\":\"ReadAction\",\"target\":[\"https:\/\/bellica3g.com\/es\/producto\/la-ascension-de-las-aguilas\/\"]}]},{\"@type\":\"ImageObject\",\"inLanguage\":\"es\",\"@id\":\"https:\/\/bellica3g.com\/es\/producto\/la-ascension-de-las-aguilas\/#primaryimage\",\"url\":\"https:\/\/bellica3g.com\/wp-content\/uploads\/2023\/04\/Eagles_Rising_4d2c88955dd61-1.jpg\",\"contentUrl\":\"https:\/\/bellica3g.com\/wp-content\/uploads\/2023\/04\/Eagles_Rising_4d2c88955dd61-1.jpg\",\"width\":700,\"height\":538},{\"@type\":\"BreadcrumbList\",\"@id\":\"https:\/\/bellica3g.com\/es\/producto\/la-ascension-de-las-aguilas\/#breadcrumb\",\"itemListElement\":[{\"@type\":\"ListItem\",\"position\":1,\"name\":\"Home\",\"item\":\"https:\/\/bellica3g.com\/es\/\"},{\"@type\":\"ListItem\",\"position\":2,\"name\":\"Tienda\",\"item\":\"https:\/\/bellica3g.com\/es\/tienda\/\"},{\"@type\":\"ListItem\",\"position\":3,\"name\":\"La Era de los Mosquetes. Vol.II. La Ascension de las Aguilas\"}]},{\"@type\":\"WebSite\",\"@id\":\"https:\/\/bellica3g.com\/es\/#website\",\"url\":\"https:\/\/bellica3g.com\/es\/\",\"name\":\"bellica3g\",\"description\":\"Juegos de estrategia y simulaci\u00f3n\",\"publisher\":{\"@id\":\"https:\/\/bellica3g.com\/es\/#organization\"},\"potentialAction\":[{\"@type\":\"SearchAction\",\"target\":{\"@type\":\"EntryPoint\",\"urlTemplate\":\"https:\/\/bellica3g.com\/es\/?s={search_term_string}\"},\"query-input\":{\"@type\":\"PropertyValueSpecification\",\"valueRequired\":true,\"valueName\":\"search_term_string\"}}],\"inLanguage\":\"es\"},{\"@type\":\"Organization\",\"@id\":\"https:\/\/bellica3g.com\/es\/#organization\",\"name\":\"bellica3g\",\"url\":\"https:\/\/bellica3g.com\/es\/\",\"logo\":{\"@type\":\"ImageObject\",\"inLanguage\":\"es\",\"@id\":\"https:\/\/bellica3g.com\/es\/#\/schema\/logo\/image\/\",\"url\":\"https:\/\/bellica3g.com\/wp-content\/uploads\/2023\/04\/logo-sm.svg\",\"contentUrl\":\"https:\/\/bellica3g.com\/wp-content\/uploads\/2023\/04\/logo-sm.svg\",\"width\":200,\"height\":30,\"caption\":\"bellica3g\"},\"image\":{\"@id\":\"https:\/\/bellica3g.com\/es\/#\/schema\/logo\/image\/\"}}]}<\/script>\n<!-- \/ Yoast SEO plugin. -->","yoast_head_json":{"title":"La Era de los Mosquetes. Vol.II. La Ascension de las Aguilas - bellica3g","robots":{"index":"index","follow":"follow","max-snippet":"max-snippet:-1","max-image-preview":"max-image-preview:large","max-video-preview":"max-video-preview:-1"},"canonical":"https:\/\/bellica3g.com\/es\/producto\/la-ascension-de-las-aguilas\/","og_locale":"es_ES","og_type":"article","og_title":"La Era de los Mosquetes. Vol.II. La Ascension de las Aguilas - bellica3g","og_description":"La Era de los Mosquetes Volumen II: La Ascensi\u00f3n de las \u00c1guilas.","og_url":"https:\/\/bellica3g.com\/es\/producto\/la-ascension-de-las-aguilas\/","og_site_name":"bellica3g","article_modified_time":"2025-05-07T15:52:27+00:00","og_image":[{"width":700,"height":538,"url":"https:\/\/bellica3g.com\/wp-content\/uploads\/2023\/04\/Eagles_Rising_4d2c88955dd61-1.jpg","type":"image\/jpeg"}],"twitter_card":"summary_large_image","twitter_misc":{"Tiempo de lectura":"3 minutos"},"schema":{"@context":"https:\/\/schema.org","@graph":[{"@type":"WebPage","@id":"https:\/\/bellica3g.com\/es\/producto\/la-ascension-de-las-aguilas\/","url":"https:\/\/bellica3g.com\/es\/producto\/la-ascension-de-las-aguilas\/","name":"La Era de los Mosquetes. Vol.II. La Ascension de las Aguilas - bellica3g","isPartOf":{"@id":"https:\/\/bellica3g.com\/es\/#website"},"primaryImageOfPage":{"@id":"https:\/\/bellica3g.com\/es\/producto\/la-ascension-de-las-aguilas\/#primaryimage"},"image":{"@id":"https:\/\/bellica3g.com\/es\/producto\/la-ascension-de-las-aguilas\/#primaryimage"},"thumbnailUrl":"https:\/\/bellica3g.com\/wp-content\/uploads\/2023\/04\/Eagles_Rising_4d2c88955dd61-1.jpg","datePublished":"2023-04-20T08:01:39+00:00","dateModified":"2025-05-07T15:52:27+00:00","breadcrumb":{"@id":"https:\/\/bellica3g.com\/es\/producto\/la-ascension-de-las-aguilas\/#breadcrumb"},"inLanguage":"es","potentialAction":[{"@type":"ReadAction","target":["https:\/\/bellica3g.com\/es\/producto\/la-ascension-de-las-aguilas\/"]}]},{"@type":"ImageObject","inLanguage":"es","@id":"https:\/\/bellica3g.com\/es\/producto\/la-ascension-de-las-aguilas\/#primaryimage","url":"https:\/\/bellica3g.com\/wp-content\/uploads\/2023\/04\/Eagles_Rising_4d2c88955dd61-1.jpg","contentUrl":"https:\/\/bellica3g.com\/wp-content\/uploads\/2023\/04\/Eagles_Rising_4d2c88955dd61-1.jpg","width":700,"height":538},{"@type":"BreadcrumbList","@id":"https:\/\/bellica3g.com\/es\/producto\/la-ascension-de-las-aguilas\/#breadcrumb","itemListElement":[{"@type":"ListItem","position":1,"name":"Home","item":"https:\/\/bellica3g.com\/es\/"},{"@type":"ListItem","position":2,"name":"Tienda","item":"https:\/\/bellica3g.com\/es\/tienda\/"},{"@type":"ListItem","position":3,"name":"La Era de los Mosquetes. Vol.II. La Ascension de las Aguilas"}]},{"@type":"WebSite","@id":"https:\/\/bellica3g.com\/es\/#website","url":"https:\/\/bellica3g.com\/es\/","name":"bellica3g","description":"Juegos de estrategia y simulaci\u00f3n","publisher":{"@id":"https:\/\/bellica3g.com\/es\/#organization"},"potentialAction":[{"@type":"SearchAction","target":{"@type":"EntryPoint","urlTemplate":"https:\/\/bellica3g.com\/es\/?s={search_term_string}"},"query-input":{"@type":"PropertyValueSpecification","valueRequired":true,"valueName":"search_term_string"}}],"inLanguage":"es"},{"@type":"Organization","@id":"https:\/\/bellica3g.com\/es\/#organization","name":"bellica3g","url":"https:\/\/bellica3g.com\/es\/","logo":{"@type":"ImageObject","inLanguage":"es","@id":"https:\/\/bellica3g.com\/es\/#\/schema\/logo\/image\/","url":"https:\/\/bellica3g.com\/wp-content\/uploads\/2023\/04\/logo-sm.svg","contentUrl":"https:\/\/bellica3g.com\/wp-content\/uploads\/2023\/04\/logo-sm.svg","width":200,"height":30,"caption":"bellica3g"},"image":{"@id":"https:\/\/bellica3g.com\/es\/#\/schema\/logo\/image\/"}}]}},"_links":{"self":[{"href":"https:\/\/bellica3g.com\/es\/wp-json\/wp\/v2\/product\/198","targetHints":{"allow":["GET"]}}],"collection":[{"href":"https:\/\/bellica3g.com\/es\/wp-json\/wp\/v2\/product"}],"about":[{"href":"https:\/\/bellica3g.com\/es\/wp-json\/wp\/v2\/types\/product"}],"replies":[{"embeddable":true,"href":"https:\/\/bellica3g.com\/es\/wp-json\/wp\/v2\/comments?post=198"}],"wp:featuredmedia":[{"embeddable":true,"href":"https:\/\/bellica3g.com\/es\/wp-json\/wp\/v2\/media\/199"}],"wp:attachment":[{"href":"https:\/\/bellica3g.com\/es\/wp-json\/wp\/v2\/media?parent=198"}],"wp:term":[{"taxonomy":"product_brand","embeddable":true,"href":"https:\/\/bellica3g.com\/es\/wp-json\/wp\/v2\/product_brand?post=198"},{"taxonomy":"product_cat","embeddable":true,"href":"https:\/\/bellica3g.com\/es\/wp-json\/wp\/v2\/product_cat?post=198"},{"taxonomy":"product_tag","embeddable":true,"href":"https:\/\/bellica3g.com\/es\/wp-json\/wp\/v2\/product_tag?post=198"}],"curies":[{"name":"wp","href":"https:\/\/api.w.org\/{rel}","templated":true}]}}