{"id":200,"date":"2023-04-20T08:13:41","date_gmt":"2023-04-20T08:13:41","guid":{"rendered":"http:\/\/bellica3g.com\/?post_type=product&#038;p=200"},"modified":"2026-01-11T04:33:35","modified_gmt":"2026-01-11T04:33:35","slug":"imperios-del-mediterraneo","status":"publish","type":"product","link":"https:\/\/bellica3g.com\/es\/producto\/imperios-del-mediterraneo\/","title":{"rendered":"Imperios del Mediterr\u00e1neo"},"content":{"rendered":"<p>Imperios del Mediterr\u00e1neo es un juego de estrategia de 2 a 8 jugadores que representa las turbulentas luchas de poder entre las distintas potencias del Mediterr\u00e1neo antes de que el Imperio Romano se impusiera y conquistara las tierras circundantes a este mar pasando a llamarlo Mare Nostrum -nuestro mar. Cada jugador dirigir\u00e1 uno de estos imperios, en su mano, astucia y suerte estar\u00e1 el guiarlo hasta la victoria o la aniquilaci\u00f3n.<\/p>\n<p>Imperios del Mediterr\u00e1neo es un juego asequible a jugadores de cualquier nivel de experiencia a partir de 12 a\u00f1os, no es un wargame si no un juego de estrategia sencillo. El juego se ha dise\u00f1ado para que prime la diversi\u00f3n y jugabilidad, la clave para lograrlo es la constante interacci\u00f3n entre los jugadores.<\/p>\n<p>Cada jugador dispone de una baraja de cartas, estas cartas son sus recursos (tropas, flotas, l\u00edderes etc.). El juego se divide en 3 turnos, cada turno se divide en varias rondas de juego, pero los jugadores no sabr\u00e1n cuantas se va a jugar pues el fin del turno viene indicado por una tirada de dados.<\/p>\n<p>El juego adem\u00e1s posee un componente hist\u00f3rico. Cada jugador controla un imperio que posee su propia baraja de juego independiente con las caracter\u00edsticas hist\u00f3ricas propias de \u00e9ste. Sin embargo, con el fin de igualar la potencia, diversi\u00f3n y probabilidades de ganar de cada jugador cada baraja est\u00e1 basada en un periodo concreto aunque diferente de la antig\u00fcedad cl\u00e1sica.<\/p>\n<p>Grecia: A principios del siglo V a.C. las polis griegas guerreaban entre s\u00ed por el control del comercio y de las pocas tierras cultivables en la monta\u00f1osa Grecia. Entre ellas destacaban dos potencias con un concepto de estado completamente diferente entre s\u00ed, la democr\u00e1tica Atenas y la militarista Esparta. Estas y la mayor\u00eda de Polis se vieron obligadas a formar un frente com\u00fan tras la invasi\u00f3n de los persas, lo que dio lugar a las llamadas Guerras M\u00e9dicas.<\/p>\n<p>Macedonia: En el a\u00f1o 336 a.C. tras la muerte de Filipo II, el gran transformador del ej\u00e9rcito y el reino maced\u00f3nico, Alejandro III, su hijo, es elegido rey con solo 20 a\u00f1os. Muchos retos le esperan, en el norte los tracios e ilirios, en el sur las revueltas de las polis griegas y en el este el m\u00e1s dif\u00edcil de todos, la invasi\u00f3n del Imperio Persa que ya planeara su padre. Este joven rey supo alzarse victorioso sobre todos y ser recordado como Alejandro Magno.<\/p>\n<p>Persia: Las satrap\u00edas occidentales del Imperio Persa Aquem\u00e9nida. A mediados del siglo IV a.C. el Imperio Persa era el mayor del mundo conocido. Aunque estaba lejos de la pujanza que tuvo 200 a\u00f1os antes con su fundador Ciro el Grande o tan solo 150 a\u00f1os antes con Dar\u00edo al comienzo de las Guerras M\u00e9dicas, a\u00fan as\u00ed era un enemigo temible y las riquezas y el n\u00famero de hombres enrolados en los ej\u00e9rcitos del Rey de Reyes eran impresionantes.<\/p>\n<p>Egipto: En dos \u00e9pocas diferentes del 525 al 404 a.C y del 340 al 332 a.C. los Aquem\u00e9nidas gobernaron el Egipto Sa\u00edtico, llamado as\u00ed por su capital Sais, en el brazo m\u00e1s occidental del delta del Nilo. Sin embargo entre estos dos per\u00edodos los egipcios lograron una independencia de los persas en gran medida gracias a la ayuda de mercenarios griegos. Egipto volv\u00eda de nuevo a ser un imperio poderoso y de nuevo pone sus miras en la expansi\u00f3n exterior.<\/p>\n<p>Cartago: El crecimiento territorial y comercial llevo a los cartagineses a ser la primera potencia econ\u00f3mica y militar del Mediterr\u00e1neo occidental. A comienzos del siglo III a. C. entr\u00f3 en contacto con la otra gran rep\u00fablica de su tiempo, Roma, la cual tambi\u00e9n estaba inmersa en un gran proyecto de crecimiento territorial. Las aspiraciones opuestas de ambas rep\u00fablicas provocaron el odio y una gran rivalidad lo que provoco tres largas guerras, llamadas Guerras P\u00fanicas.<\/p>\n<p>Roma: La Rep\u00fablica romana fue un per\u00edodo de la historia de Roma caracterizado por la expansi\u00f3n de esta poderosa ciudad. En la segunda mitad del siglo III a. C. Roma proyect\u00f3 su poder fuera de Italia, lo que la llev\u00f3 a una serie de enfrentamientos con las otras grandes potencias del Mediterr\u00e1neo, en los que derrot\u00f3 a Cartago y Macedonia, anexion\u00e1ndose sus territorios.<\/p>\n<p>Hispania: En el siglo II a C. tras la victoria romana sobre los cartagineses en la segunda guerra p\u00fanica la costa sur y este de la Pen\u00ednsula Ib\u00e9rica quedo sometida a Roma, los diferentes pueblos hispanos vieron esto un incumplimiento de los pactos realizados con Roma, por lo que se rebelaron. La defensa de Numantia por los celtiberos y la revuelta de los lusitanos acaudillados por Viriato han quedado en la historia como fiel reflejo de la tenacidad hispana por defender sus hogares.<\/p>\n<p>Galia: Los celtas se llamaban a s\u00ed mismos galiain, es decir galos. La llamada Galia era un conjunto de pueblos compuestos por tribus diferentes y de distintas etnias. En el a\u00f1o 56 a.C. Julio Cesar interviene en la Galia con la excusa de un enfrentamiento entre las tribus de los \u00e9duos y arvernos, y la amistad con Roma de los primeros. En pocos a\u00f1os Cesar somete a toda la Galia. \u00bftoda? No, pues el a\u00f1o 52 a.C. Vercingetorix un l\u00edder arverno se alza contra Cesar liderando a las tribus galas para expulsar a invasor.<\/p>\n<p>Componentes<\/p>\n<p>&#8211; Tablero a todo color montado y forrado: Un mapa de \u00e9poca antigua que representa el mediterr\u00e1neo dividido en regiones hist\u00f3ricas que se usan seg\u00fan el escenario. En el tablero se muestran las ciudades m\u00e1s importantes de la antig\u00fcedad representadas por un s\u00edmbolo de ciudad, y un barco si la ciudad posee puerto, y las \u00e1reas b\u00e1rbaras representadas por un c\u00edrculo. Las ciudades y \u00e1reas b\u00e1rbaras est\u00e1n conectadas por caminos terrestres o estrechos mar\u00edtimos.<\/p>\n<p>&#8211; 280 cartas de juego repartidas en 8 barajas de cartas de 35 cartas, una diferente para cada imperio. En cada baraja podemos encontrar 7 tipos diferentes de cartas: Tropa, Flota, L\u00edder, Defensa de ciudad, Ataque a ciudad, Cartas de Imperio y Especiales.<\/p>\n<p>&#8211; 330 Marcadores de madera: 32 de marcadores de fortificaci\u00f3n por imperio, 50 marcadores de fortificaci\u00f3n neutrales, 24 marcadores de zona b\u00e1rbara pacificada.<\/p>\n<p>&#8211; Plantilla de fichas troqueladas.<\/p>\n<p>&#8211; 12 d6 de madera.<\/p>\n","protected":false},"excerpt":{"rendered":"<p>Crea, expande y defiende tu Imperio por todo el Mediterr\u00e1neo de la Antig\u00fcedad Cl\u00e1sica. Juego de estrategia con motor de cartas, entre 2 y 8 jugadores.<\/p>\n","protected":false},"featured_media":201,"comment_status":"open","ping_status":"closed","template":"","meta":[],"product_brand":[],"product_cat":[15],"product_tag":[],"class_list":{"0":"post-200","1":"product","2":"type-product","3":"status-publish","4":"has-post-thumbnail","6":"product_cat-juegos","8":"first","9":"outofstock","10":"shipping-taxable","11":"purchasable","12":"product-type-simple"},"yoast_head":"<!-- This site is optimized with the Yoast SEO plugin v27.2 - https:\/\/yoast.com\/product\/yoast-seo-wordpress\/ -->\n<title>Imperios del Mediterr\u00e1neo - bellica3g<\/title>\n<meta name=\"robots\" content=\"index, follow, max-snippet:-1, max-image-preview:large, max-video-preview:-1\" \/>\n<link rel=\"canonical\" href=\"https:\/\/bellica3g.com\/es\/producto\/imperios-del-mediterraneo\/\" \/>\n<meta property=\"og:locale\" content=\"es_ES\" \/>\n<meta property=\"og:type\" content=\"article\" \/>\n<meta property=\"og:title\" content=\"Imperios del Mediterr\u00e1neo - bellica3g\" \/>\n<meta property=\"og:description\" content=\"Crea, expande y defiende tu Imperio por todo el Mediterr\u00e1neo de la Antig\u00fcedad Cl\u00e1sica. Juego de estrategia con motor de cartas, entre 2 y 8 jugadores.\" \/>\n<meta property=\"og:url\" content=\"https:\/\/bellica3g.com\/es\/producto\/imperios-del-mediterraneo\/\" \/>\n<meta property=\"og:site_name\" content=\"bellica3g\" \/>\n<meta property=\"article:modified_time\" content=\"2026-01-11T04:33:35+00:00\" \/>\n<meta property=\"og:image\" content=\"https:\/\/bellica3g.com\/wp-content\/uploads\/2023\/04\/Imperios_del_Med_54f8900119539.jpg\" \/>\n\t<meta property=\"og:image:width\" content=\"1818\" \/>\n\t<meta property=\"og:image:height\" content=\"1642\" \/>\n\t<meta property=\"og:image:type\" content=\"image\/jpeg\" \/>\n<meta name=\"twitter:card\" content=\"summary_large_image\" \/>\n<meta name=\"twitter:label1\" content=\"Tiempo de lectura\" \/>\n\t<meta name=\"twitter:data1\" content=\"5 minutos\" \/>\n<script type=\"application\/ld+json\" class=\"yoast-schema-graph\">{\"@context\":\"https:\/\/schema.org\",\"@graph\":[{\"@type\":\"WebPage\",\"@id\":\"https:\/\/bellica3g.com\/es\/producto\/imperios-del-mediterraneo\/\",\"url\":\"https:\/\/bellica3g.com\/es\/producto\/imperios-del-mediterraneo\/\",\"name\":\"Imperios del Mediterr\u00e1neo - bellica3g\",\"isPartOf\":{\"@id\":\"https:\/\/bellica3g.com\/es\/#website\"},\"primaryImageOfPage\":{\"@id\":\"https:\/\/bellica3g.com\/es\/producto\/imperios-del-mediterraneo\/#primaryimage\"},\"image\":{\"@id\":\"https:\/\/bellica3g.com\/es\/producto\/imperios-del-mediterraneo\/#primaryimage\"},\"thumbnailUrl\":\"https:\/\/bellica3g.com\/wp-content\/uploads\/2023\/04\/Imperios_del_Med_54f8900119539.jpg\",\"datePublished\":\"2023-04-20T08:13:41+00:00\",\"dateModified\":\"2026-01-11T04:33:35+00:00\",\"breadcrumb\":{\"@id\":\"https:\/\/bellica3g.com\/es\/producto\/imperios-del-mediterraneo\/#breadcrumb\"},\"inLanguage\":\"es\",\"potentialAction\":[{\"@type\":\"ReadAction\",\"target\":[\"https:\/\/bellica3g.com\/es\/producto\/imperios-del-mediterraneo\/\"]}]},{\"@type\":\"ImageObject\",\"inLanguage\":\"es\",\"@id\":\"https:\/\/bellica3g.com\/es\/producto\/imperios-del-mediterraneo\/#primaryimage\",\"url\":\"https:\/\/bellica3g.com\/wp-content\/uploads\/2023\/04\/Imperios_del_Med_54f8900119539.jpg\",\"contentUrl\":\"https:\/\/bellica3g.com\/wp-content\/uploads\/2023\/04\/Imperios_del_Med_54f8900119539.jpg\",\"width\":1818,\"height\":1642},{\"@type\":\"BreadcrumbList\",\"@id\":\"https:\/\/bellica3g.com\/es\/producto\/imperios-del-mediterraneo\/#breadcrumb\",\"itemListElement\":[{\"@type\":\"ListItem\",\"position\":1,\"name\":\"Home\",\"item\":\"https:\/\/bellica3g.com\/es\/\"},{\"@type\":\"ListItem\",\"position\":2,\"name\":\"Tienda\",\"item\":\"https:\/\/bellica3g.com\/es\/tienda\/\"},{\"@type\":\"ListItem\",\"position\":3,\"name\":\"Imperios del Mediterr\u00e1neo\"}]},{\"@type\":\"WebSite\",\"@id\":\"https:\/\/bellica3g.com\/es\/#website\",\"url\":\"https:\/\/bellica3g.com\/es\/\",\"name\":\"bellica3g\",\"description\":\"Juegos de estrategia y simulaci\u00f3n\",\"publisher\":{\"@id\":\"https:\/\/bellica3g.com\/es\/#organization\"},\"potentialAction\":[{\"@type\":\"SearchAction\",\"target\":{\"@type\":\"EntryPoint\",\"urlTemplate\":\"https:\/\/bellica3g.com\/es\/?s={search_term_string}\"},\"query-input\":{\"@type\":\"PropertyValueSpecification\",\"valueRequired\":true,\"valueName\":\"search_term_string\"}}],\"inLanguage\":\"es\"},{\"@type\":\"Organization\",\"@id\":\"https:\/\/bellica3g.com\/es\/#organization\",\"name\":\"bellica3g\",\"url\":\"https:\/\/bellica3g.com\/es\/\",\"logo\":{\"@type\":\"ImageObject\",\"inLanguage\":\"es\",\"@id\":\"https:\/\/bellica3g.com\/es\/#\/schema\/logo\/image\/\",\"url\":\"https:\/\/bellica3g.com\/wp-content\/uploads\/2023\/04\/logo-sm.svg\",\"contentUrl\":\"https:\/\/bellica3g.com\/wp-content\/uploads\/2023\/04\/logo-sm.svg\",\"width\":200,\"height\":30,\"caption\":\"bellica3g\"},\"image\":{\"@id\":\"https:\/\/bellica3g.com\/es\/#\/schema\/logo\/image\/\"}}]}<\/script>\n<!-- \/ Yoast SEO plugin. -->","yoast_head_json":{"title":"Imperios del Mediterr\u00e1neo - bellica3g","robots":{"index":"index","follow":"follow","max-snippet":"max-snippet:-1","max-image-preview":"max-image-preview:large","max-video-preview":"max-video-preview:-1"},"canonical":"https:\/\/bellica3g.com\/es\/producto\/imperios-del-mediterraneo\/","og_locale":"es_ES","og_type":"article","og_title":"Imperios del Mediterr\u00e1neo - bellica3g","og_description":"Crea, expande y defiende tu Imperio por todo el Mediterr\u00e1neo de la Antig\u00fcedad Cl\u00e1sica. Juego de estrategia con motor de cartas, entre 2 y 8 jugadores.","og_url":"https:\/\/bellica3g.com\/es\/producto\/imperios-del-mediterraneo\/","og_site_name":"bellica3g","article_modified_time":"2026-01-11T04:33:35+00:00","og_image":[{"width":1818,"height":1642,"url":"https:\/\/bellica3g.com\/wp-content\/uploads\/2023\/04\/Imperios_del_Med_54f8900119539.jpg","type":"image\/jpeg"}],"twitter_card":"summary_large_image","twitter_misc":{"Tiempo de lectura":"5 minutos"},"schema":{"@context":"https:\/\/schema.org","@graph":[{"@type":"WebPage","@id":"https:\/\/bellica3g.com\/es\/producto\/imperios-del-mediterraneo\/","url":"https:\/\/bellica3g.com\/es\/producto\/imperios-del-mediterraneo\/","name":"Imperios del Mediterr\u00e1neo - bellica3g","isPartOf":{"@id":"https:\/\/bellica3g.com\/es\/#website"},"primaryImageOfPage":{"@id":"https:\/\/bellica3g.com\/es\/producto\/imperios-del-mediterraneo\/#primaryimage"},"image":{"@id":"https:\/\/bellica3g.com\/es\/producto\/imperios-del-mediterraneo\/#primaryimage"},"thumbnailUrl":"https:\/\/bellica3g.com\/wp-content\/uploads\/2023\/04\/Imperios_del_Med_54f8900119539.jpg","datePublished":"2023-04-20T08:13:41+00:00","dateModified":"2026-01-11T04:33:35+00:00","breadcrumb":{"@id":"https:\/\/bellica3g.com\/es\/producto\/imperios-del-mediterraneo\/#breadcrumb"},"inLanguage":"es","potentialAction":[{"@type":"ReadAction","target":["https:\/\/bellica3g.com\/es\/producto\/imperios-del-mediterraneo\/"]}]},{"@type":"ImageObject","inLanguage":"es","@id":"https:\/\/bellica3g.com\/es\/producto\/imperios-del-mediterraneo\/#primaryimage","url":"https:\/\/bellica3g.com\/wp-content\/uploads\/2023\/04\/Imperios_del_Med_54f8900119539.jpg","contentUrl":"https:\/\/bellica3g.com\/wp-content\/uploads\/2023\/04\/Imperios_del_Med_54f8900119539.jpg","width":1818,"height":1642},{"@type":"BreadcrumbList","@id":"https:\/\/bellica3g.com\/es\/producto\/imperios-del-mediterraneo\/#breadcrumb","itemListElement":[{"@type":"ListItem","position":1,"name":"Home","item":"https:\/\/bellica3g.com\/es\/"},{"@type":"ListItem","position":2,"name":"Tienda","item":"https:\/\/bellica3g.com\/es\/tienda\/"},{"@type":"ListItem","position":3,"name":"Imperios del Mediterr\u00e1neo"}]},{"@type":"WebSite","@id":"https:\/\/bellica3g.com\/es\/#website","url":"https:\/\/bellica3g.com\/es\/","name":"bellica3g","description":"Juegos de estrategia y simulaci\u00f3n","publisher":{"@id":"https:\/\/bellica3g.com\/es\/#organization"},"potentialAction":[{"@type":"SearchAction","target":{"@type":"EntryPoint","urlTemplate":"https:\/\/bellica3g.com\/es\/?s={search_term_string}"},"query-input":{"@type":"PropertyValueSpecification","valueRequired":true,"valueName":"search_term_string"}}],"inLanguage":"es"},{"@type":"Organization","@id":"https:\/\/bellica3g.com\/es\/#organization","name":"bellica3g","url":"https:\/\/bellica3g.com\/es\/","logo":{"@type":"ImageObject","inLanguage":"es","@id":"https:\/\/bellica3g.com\/es\/#\/schema\/logo\/image\/","url":"https:\/\/bellica3g.com\/wp-content\/uploads\/2023\/04\/logo-sm.svg","contentUrl":"https:\/\/bellica3g.com\/wp-content\/uploads\/2023\/04\/logo-sm.svg","width":200,"height":30,"caption":"bellica3g"},"image":{"@id":"https:\/\/bellica3g.com\/es\/#\/schema\/logo\/image\/"}}]}},"_links":{"self":[{"href":"https:\/\/bellica3g.com\/es\/wp-json\/wp\/v2\/product\/200","targetHints":{"allow":["GET"]}}],"collection":[{"href":"https:\/\/bellica3g.com\/es\/wp-json\/wp\/v2\/product"}],"about":[{"href":"https:\/\/bellica3g.com\/es\/wp-json\/wp\/v2\/types\/product"}],"replies":[{"embeddable":true,"href":"https:\/\/bellica3g.com\/es\/wp-json\/wp\/v2\/comments?post=200"}],"wp:featuredmedia":[{"embeddable":true,"href":"https:\/\/bellica3g.com\/es\/wp-json\/wp\/v2\/media\/201"}],"wp:attachment":[{"href":"https:\/\/bellica3g.com\/es\/wp-json\/wp\/v2\/media?parent=200"}],"wp:term":[{"taxonomy":"product_brand","embeddable":true,"href":"https:\/\/bellica3g.com\/es\/wp-json\/wp\/v2\/product_brand?post=200"},{"taxonomy":"product_cat","embeddable":true,"href":"https:\/\/bellica3g.com\/es\/wp-json\/wp\/v2\/product_cat?post=200"},{"taxonomy":"product_tag","embeddable":true,"href":"https:\/\/bellica3g.com\/es\/wp-json\/wp\/v2\/product_tag?post=200"}],"curies":[{"name":"wp","href":"https:\/\/api.w.org\/{rel}","templated":true}]}}