{"id":213,"date":"2023-04-20T08:17:29","date_gmt":"2023-04-20T08:17:29","guid":{"rendered":"http:\/\/bellica3g.com\/?post_type=product&#038;p=213"},"modified":"2026-01-11T04:29:02","modified_gmt":"2026-01-11T04:29:02","slug":"isla-punica","status":"publish","type":"product","link":"https:\/\/bellica3g.com\/es\/producto\/isla-punica\/","title":{"rendered":"Serie Comandante de Campo. Vol. III. Isla P\u00fanica"},"content":{"rendered":"<p>\u201cPunic Island\u201d es el tercer volumen de la Serie Campaign Commander y simula la campa\u00f1a que lucharon romanos y cartagineses en Sicilia y el Norte de \u00c1frica durante la Primera Guerra P\u00fanica. El sistema de juego se aleja ahora de la Segunda Guerra Mundial y nos lleva a la Antiguedad. En el a\u00f1o 264 AC Roma fue llamada en auxilio de los Mamertinos en su lucha contra Cartago, la potencia dominante en la isla de Sicilia. Cartago contaba con la ayuda de Hier\u00f3n, el Tirano de Siracusa para poner fin a la lucha contra los Mamertinos en Messina. As\u00ed comenz\u00f3 la Primera Guerra P\u00fanica. Roma y Cartago lucharon durante 22 a\u00f1os por el control de la isla. Roma emergi\u00f3 victorisoa de la lucha y Cartago se vio obligada a terminar su presencia multisecular en la isla. La guerra terrestre se vio caracterizada por una serie ininterrumpida de victorias romanas a medida que una tras otra las ciudades de la isla ca\u00edan en su poder y cada ej\u00e9rcito cartagin\u00e9s que se le opon\u00eda era derrotado en batalla. Siracusa fue obligada a cambiar de bando y firmar una alianza con Roma y Cartago acab\u00f3 controlando s\u00f3lo unas pocas fortalezas en el extremo occidental de la isla.<\/p>\n<p>De todos modos, la guerra se gan\u00f3 y perdi\u00f3 en el mar, no en tierra. Fue el momento en el que Roma se convirti\u00f3 en una potencia mar\u00edtima y sus victorias navales la llevaron incluso ante las mismas murallas de Cartago. Se salv\u00f3 gracias a la intervenci\u00f3n de un general mercenario Xantipo y su ej\u00e9rcito, que derrot\u00f3 al primer ej\u00e9rcito romano que puso pie en \u00c1frica en la batalla de las llanuras del rio Bagradas. La guerra naval jug\u00f3 un papel determinante en esta guerra y fueron las derrotas navales las que hicieron perder la guerra a Cartago. El senado cartagin\u00e9s trat\u00f3 de llevar a cabo una estrategia de agotamiento y desgaste que de nada le sirvi\u00f3 contra el poder\u00edo romano y el compromiso del senado romano con la victoria, conseguida al precio que fuera.<\/p>\n<p>El juego es de escala operacional -se juega sobre un mapa zonal. Est\u00e1 dise\u00f1ado para dos jugadores: uno lleva las fuerzas romanas y otro las cartaginesas -incluyendo inicialmente las fuerzas de Siracusa. La duraci\u00f3n de una partida es aproximadamente de 3-4 horas y usa un sistema de juego basado en dos elementos principales: cartas y fichas. Los jugadores tendr\u00e1n que usar sus tropas y sus recursos para obtener Puntos de Victoria por medio de la eliminaci\u00f3n de unidades enemigas y el control de las ciudades que hay en el mapa de juego. No es un \u00abjuego de motor de cartas\u00bb ya que las cartas se usan para producir eventos que influyen en las batallas, asegurar refuerzos y procurar recursos con los que continuar la lucha.<\/p>\n<p>El jugador ROMANO estar\u00e1 a la ofensiva durante la totalidad del juego puesto que su misi\u00f3n es ardua: debe conquistar la mayor\u00eda de la isla si quiere asegurarse la victoria. El jugador CARTAGIN\u00c9S se centrar\u00e1 en jugar cartas que ralenticen el avance romano por medio de emboscadas, epidemias, incursiones y mal tiempo. Tambi\u00e9n tendr\u00e1 que reclutar un ej\u00e9rcito puesto que al comienzo de la guerra carece de uno.<\/p>\n<p>El jugador ROMANO debe planear con cuidado sus ofensivas puesto que necesitar\u00e1 renovar sus tropas y acumular suficientes recursos para cada una de ellas, y el tiempo juego en su contra. Tambi\u00e9n tendr\u00e1 que construir una flota ya que carecer\u00e1 de ella al comienzo de la guerra. La lucha en el mar ser\u00e1 muy igualada y adem\u00e1s deber\u00e1 tener en cuenta que las tormentas en el mar hunden m\u00e1s trirremes que la acci\u00f3n enemiga.<\/p>\n<p>La guerra de asedio hace su aparici\u00f3n en la serie y tendr\u00e1 una importancia capital en este juego ya que todas las ciudades el mapa son ciudades amuralladas que poseen su propia guarnici\u00f3n y que habr\u00e1 que asediar para poder controlar.<\/p>\n<p>Como todos los juegos de esta Serie, posee un reglamento muy sencillo y est\u00e1 pensado para que las partidas sean muy interactivas, creando una experiencia de juego agradable y s\u00f3lida para aquellos que no disponen del tiempo o el espacio para dejar puesto un juego de mayor duraci\u00f3n y envergadura.<\/p>\n<p>Componentes:<\/p>\n<p>&#8211; 1 mapas de 80&#215;60 cm de Sicilia y Norte de \u00c1frica.<\/p>\n<p>&#8211; 2 dados d10<\/p>\n<p>&#8211; 176 fichas (1 plantilla)<\/p>\n<p>&#8211; 1 libreto de Reglas de la Serie \u201cCampaign Commander\u201d y Reglas Exclusivas de \u201cPunic Island\u201d y notas hist\u00f3ricas y del dise\u00f1ador.<\/p>\n<p>&#8211; 70 cartas (divididas en dos mazos + cartas de ayuda y promocionales)<\/p>\n<p>&#8211; 3 bolsas de pl\u00e1stico<\/p>\n<p>El juego est\u00e1 COMPLETAMENTE EN ESPA\u00d1OL, reglas y cartas incluidas!<\/p>\n","protected":false},"excerpt":{"rendered":"<p>El tercer volumen de la Serie Campaign Commander y simula la campa\u00f1a que lucharon romanos y cartagineses en Sicilia y el Norte de \u00c1frica durante la Primera Guerra P\u00fanica.\u00a0 El sistema de juego se aleja ahora de la Segunda Guerra Mundial y nos lleva a la Antiguedad.<\/p>\n","protected":false},"featured_media":215,"comment_status":"open","ping_status":"closed","template":"","meta":[],"product_brand":[],"product_cat":[15],"product_tag":[],"class_list":{"0":"post-213","1":"product","2":"type-product","3":"status-publish","4":"has-post-thumbnail","6":"product_cat-juegos","8":"first","9":"instock","10":"shipping-taxable","11":"purchasable","12":"product-type-simple"},"yoast_head":"<!-- This site is optimized with the Yoast SEO plugin v27.2 - https:\/\/yoast.com\/product\/yoast-seo-wordpress\/ -->\n<title>Serie Comandante de Campo. Vol. III. Isla P\u00fanica - bellica3g<\/title>\n<meta name=\"robots\" content=\"index, follow, max-snippet:-1, max-image-preview:large, max-video-preview:-1\" \/>\n<link rel=\"canonical\" href=\"https:\/\/bellica3g.com\/es\/producto\/isla-punica\/\" \/>\n<meta property=\"og:locale\" content=\"es_ES\" \/>\n<meta property=\"og:type\" content=\"article\" \/>\n<meta property=\"og:title\" content=\"Serie Comandante de Campo. Vol. III. Isla P\u00fanica - bellica3g\" \/>\n<meta property=\"og:description\" content=\"El tercer volumen de la Serie Campaign Commander y simula la campa\u00f1a que lucharon romanos y cartagineses en Sicilia y el Norte de \u00c1frica durante la Primera Guerra P\u00fanica.\u00a0 El sistema de juego se aleja ahora de la Segunda Guerra Mundial y nos lleva a la Antiguedad.\" \/>\n<meta property=\"og:url\" content=\"https:\/\/bellica3g.com\/es\/producto\/isla-punica\/\" \/>\n<meta property=\"og:site_name\" content=\"bellica3g\" \/>\n<meta property=\"article:modified_time\" content=\"2026-01-11T04:29:02+00:00\" \/>\n<meta property=\"og:image\" content=\"https:\/\/bellica3g.com\/wp-content\/uploads\/2023\/04\/Punic_Island_4e7f625a9f8b3.jpg\" \/>\n\t<meta property=\"og:image:width\" content=\"393\" \/>\n\t<meta property=\"og:image:height\" content=\"500\" \/>\n\t<meta property=\"og:image:type\" content=\"image\/jpeg\" \/>\n<meta name=\"twitter:card\" content=\"summary_large_image\" \/>\n<meta name=\"twitter:label1\" content=\"Tiempo de lectura\" \/>\n\t<meta name=\"twitter:data1\" content=\"4 minutos\" \/>\n<script type=\"application\/ld+json\" class=\"yoast-schema-graph\">{\"@context\":\"https:\/\/schema.org\",\"@graph\":[{\"@type\":\"WebPage\",\"@id\":\"https:\/\/bellica3g.com\/es\/producto\/isla-punica\/\",\"url\":\"https:\/\/bellica3g.com\/es\/producto\/isla-punica\/\",\"name\":\"Serie Comandante de Campo. Vol. III. Isla P\u00fanica - bellica3g\",\"isPartOf\":{\"@id\":\"https:\/\/bellica3g.com\/es\/#website\"},\"primaryImageOfPage\":{\"@id\":\"https:\/\/bellica3g.com\/es\/producto\/isla-punica\/#primaryimage\"},\"image\":{\"@id\":\"https:\/\/bellica3g.com\/es\/producto\/isla-punica\/#primaryimage\"},\"thumbnailUrl\":\"https:\/\/bellica3g.com\/wp-content\/uploads\/2023\/04\/Punic_Island_4e7f625a9f8b3.jpg\",\"datePublished\":\"2023-04-20T08:17:29+00:00\",\"dateModified\":\"2026-01-11T04:29:02+00:00\",\"breadcrumb\":{\"@id\":\"https:\/\/bellica3g.com\/es\/producto\/isla-punica\/#breadcrumb\"},\"inLanguage\":\"es\",\"potentialAction\":[{\"@type\":\"ReadAction\",\"target\":[\"https:\/\/bellica3g.com\/es\/producto\/isla-punica\/\"]}]},{\"@type\":\"ImageObject\",\"inLanguage\":\"es\",\"@id\":\"https:\/\/bellica3g.com\/es\/producto\/isla-punica\/#primaryimage\",\"url\":\"https:\/\/bellica3g.com\/wp-content\/uploads\/2023\/04\/Punic_Island_4e7f625a9f8b3.jpg\",\"contentUrl\":\"https:\/\/bellica3g.com\/wp-content\/uploads\/2023\/04\/Punic_Island_4e7f625a9f8b3.jpg\",\"width\":393,\"height\":500},{\"@type\":\"BreadcrumbList\",\"@id\":\"https:\/\/bellica3g.com\/es\/producto\/isla-punica\/#breadcrumb\",\"itemListElement\":[{\"@type\":\"ListItem\",\"position\":1,\"name\":\"Home\",\"item\":\"https:\/\/bellica3g.com\/es\/\"},{\"@type\":\"ListItem\",\"position\":2,\"name\":\"Tienda\",\"item\":\"https:\/\/bellica3g.com\/es\/tienda\/\"},{\"@type\":\"ListItem\",\"position\":3,\"name\":\"Serie Comandante de Campo. Vol. III. Isla P\u00fanica\"}]},{\"@type\":\"WebSite\",\"@id\":\"https:\/\/bellica3g.com\/es\/#website\",\"url\":\"https:\/\/bellica3g.com\/es\/\",\"name\":\"bellica3g\",\"description\":\"Juegos de estrategia y simulaci\u00f3n\",\"publisher\":{\"@id\":\"https:\/\/bellica3g.com\/es\/#organization\"},\"potentialAction\":[{\"@type\":\"SearchAction\",\"target\":{\"@type\":\"EntryPoint\",\"urlTemplate\":\"https:\/\/bellica3g.com\/es\/?s={search_term_string}\"},\"query-input\":{\"@type\":\"PropertyValueSpecification\",\"valueRequired\":true,\"valueName\":\"search_term_string\"}}],\"inLanguage\":\"es\"},{\"@type\":\"Organization\",\"@id\":\"https:\/\/bellica3g.com\/es\/#organization\",\"name\":\"bellica3g\",\"url\":\"https:\/\/bellica3g.com\/es\/\",\"logo\":{\"@type\":\"ImageObject\",\"inLanguage\":\"es\",\"@id\":\"https:\/\/bellica3g.com\/es\/#\/schema\/logo\/image\/\",\"url\":\"https:\/\/bellica3g.com\/wp-content\/uploads\/2023\/04\/logo-sm.svg\",\"contentUrl\":\"https:\/\/bellica3g.com\/wp-content\/uploads\/2023\/04\/logo-sm.svg\",\"width\":200,\"height\":30,\"caption\":\"bellica3g\"},\"image\":{\"@id\":\"https:\/\/bellica3g.com\/es\/#\/schema\/logo\/image\/\"}}]}<\/script>\n<!-- \/ Yoast SEO plugin. -->","yoast_head_json":{"title":"Serie Comandante de Campo. Vol. III. Isla P\u00fanica - bellica3g","robots":{"index":"index","follow":"follow","max-snippet":"max-snippet:-1","max-image-preview":"max-image-preview:large","max-video-preview":"max-video-preview:-1"},"canonical":"https:\/\/bellica3g.com\/es\/producto\/isla-punica\/","og_locale":"es_ES","og_type":"article","og_title":"Serie Comandante de Campo. Vol. III. Isla P\u00fanica - bellica3g","og_description":"El tercer volumen de la Serie Campaign Commander y simula la campa\u00f1a que lucharon romanos y cartagineses en Sicilia y el Norte de \u00c1frica durante la Primera Guerra P\u00fanica.\u00a0 El sistema de juego se aleja ahora de la Segunda Guerra Mundial y nos lleva a la Antiguedad.","og_url":"https:\/\/bellica3g.com\/es\/producto\/isla-punica\/","og_site_name":"bellica3g","article_modified_time":"2026-01-11T04:29:02+00:00","og_image":[{"width":393,"height":500,"url":"https:\/\/bellica3g.com\/wp-content\/uploads\/2023\/04\/Punic_Island_4e7f625a9f8b3.jpg","type":"image\/jpeg"}],"twitter_card":"summary_large_image","twitter_misc":{"Tiempo de lectura":"4 minutos"},"schema":{"@context":"https:\/\/schema.org","@graph":[{"@type":"WebPage","@id":"https:\/\/bellica3g.com\/es\/producto\/isla-punica\/","url":"https:\/\/bellica3g.com\/es\/producto\/isla-punica\/","name":"Serie Comandante de Campo. Vol. III. Isla P\u00fanica - bellica3g","isPartOf":{"@id":"https:\/\/bellica3g.com\/es\/#website"},"primaryImageOfPage":{"@id":"https:\/\/bellica3g.com\/es\/producto\/isla-punica\/#primaryimage"},"image":{"@id":"https:\/\/bellica3g.com\/es\/producto\/isla-punica\/#primaryimage"},"thumbnailUrl":"https:\/\/bellica3g.com\/wp-content\/uploads\/2023\/04\/Punic_Island_4e7f625a9f8b3.jpg","datePublished":"2023-04-20T08:17:29+00:00","dateModified":"2026-01-11T04:29:02+00:00","breadcrumb":{"@id":"https:\/\/bellica3g.com\/es\/producto\/isla-punica\/#breadcrumb"},"inLanguage":"es","potentialAction":[{"@type":"ReadAction","target":["https:\/\/bellica3g.com\/es\/producto\/isla-punica\/"]}]},{"@type":"ImageObject","inLanguage":"es","@id":"https:\/\/bellica3g.com\/es\/producto\/isla-punica\/#primaryimage","url":"https:\/\/bellica3g.com\/wp-content\/uploads\/2023\/04\/Punic_Island_4e7f625a9f8b3.jpg","contentUrl":"https:\/\/bellica3g.com\/wp-content\/uploads\/2023\/04\/Punic_Island_4e7f625a9f8b3.jpg","width":393,"height":500},{"@type":"BreadcrumbList","@id":"https:\/\/bellica3g.com\/es\/producto\/isla-punica\/#breadcrumb","itemListElement":[{"@type":"ListItem","position":1,"name":"Home","item":"https:\/\/bellica3g.com\/es\/"},{"@type":"ListItem","position":2,"name":"Tienda","item":"https:\/\/bellica3g.com\/es\/tienda\/"},{"@type":"ListItem","position":3,"name":"Serie Comandante de Campo. Vol. III. Isla P\u00fanica"}]},{"@type":"WebSite","@id":"https:\/\/bellica3g.com\/es\/#website","url":"https:\/\/bellica3g.com\/es\/","name":"bellica3g","description":"Juegos de estrategia y simulaci\u00f3n","publisher":{"@id":"https:\/\/bellica3g.com\/es\/#organization"},"potentialAction":[{"@type":"SearchAction","target":{"@type":"EntryPoint","urlTemplate":"https:\/\/bellica3g.com\/es\/?s={search_term_string}"},"query-input":{"@type":"PropertyValueSpecification","valueRequired":true,"valueName":"search_term_string"}}],"inLanguage":"es"},{"@type":"Organization","@id":"https:\/\/bellica3g.com\/es\/#organization","name":"bellica3g","url":"https:\/\/bellica3g.com\/es\/","logo":{"@type":"ImageObject","inLanguage":"es","@id":"https:\/\/bellica3g.com\/es\/#\/schema\/logo\/image\/","url":"https:\/\/bellica3g.com\/wp-content\/uploads\/2023\/04\/logo-sm.svg","contentUrl":"https:\/\/bellica3g.com\/wp-content\/uploads\/2023\/04\/logo-sm.svg","width":200,"height":30,"caption":"bellica3g"},"image":{"@id":"https:\/\/bellica3g.com\/es\/#\/schema\/logo\/image\/"}}]}},"_links":{"self":[{"href":"https:\/\/bellica3g.com\/es\/wp-json\/wp\/v2\/product\/213","targetHints":{"allow":["GET"]}}],"collection":[{"href":"https:\/\/bellica3g.com\/es\/wp-json\/wp\/v2\/product"}],"about":[{"href":"https:\/\/bellica3g.com\/es\/wp-json\/wp\/v2\/types\/product"}],"replies":[{"embeddable":true,"href":"https:\/\/bellica3g.com\/es\/wp-json\/wp\/v2\/comments?post=213"}],"wp:featuredmedia":[{"embeddable":true,"href":"https:\/\/bellica3g.com\/es\/wp-json\/wp\/v2\/media\/215"}],"wp:attachment":[{"href":"https:\/\/bellica3g.com\/es\/wp-json\/wp\/v2\/media?parent=213"}],"wp:term":[{"taxonomy":"product_brand","embeddable":true,"href":"https:\/\/bellica3g.com\/es\/wp-json\/wp\/v2\/product_brand?post=213"},{"taxonomy":"product_cat","embeddable":true,"href":"https:\/\/bellica3g.com\/es\/wp-json\/wp\/v2\/product_cat?post=213"},{"taxonomy":"product_tag","embeddable":true,"href":"https:\/\/bellica3g.com\/es\/wp-json\/wp\/v2\/product_tag?post=213"}],"curies":[{"name":"wp","href":"https:\/\/api.w.org\/{rel}","templated":true}]}}