{"id":216,"date":"2023-04-20T08:20:20","date_gmt":"2023-04-20T08:20:20","guid":{"rendered":"http:\/\/bellica3g.com\/?post_type=product&#038;p=216"},"modified":"2026-01-11T04:27:06","modified_gmt":"2026-01-11T04:27:06","slug":"carreteras-a-stalingrado","status":"publish","type":"product","link":"https:\/\/bellica3g.com\/es\/producto\/carreteras-a-stalingrado\/","title":{"rendered":"Serie Comandante de Campo. Vol. I. Carreteras a Stalingrado"},"content":{"rendered":"<p>\u00abRoads to Stalingrad\u00bb es el primer volumen de la Serie \u201cCampaign Commander\u201d y refleja la campa\u00f1a del sur de Rusia entre el verano de 1942 y finales del invierno de 1943. Despu\u00e9s del terrible primer invierno en Rusia las tropas alemanas se reorganizaron y prepararon para lanzar una ofensiva que pusiera fin a la guerra. Antes se les adelantaron los sovi\u00e9ticos que lanzaron un ataque para reconquistar Kharkov que acab\u00f3 en un desastre para las tropas envueltas en \u00e9l. Tras acabar con esa ofensiva las fuerzas del EJE \u2013contando con numerosos aliados h\u00fangaros, rumanos e italianos- lanzaron, a comienzos de julio de 1942 la ofensiva conocida con el nombre clave \u201cCaso Azul\u201d. El avance alem\u00e1n fue arrollador llegando hasta las mismas puertas del C\u00e1ucaso y el rio Volga. En la ciudad de Stalingrado encontrar\u00eda el ej\u00e9rcito alem\u00e1n el mism\u00edsimo infierno entre los meses de agosto y octubre tratando de conquistarla. La ciudad permitir\u00eda a los alemanes cortar el tr\u00e1fico fluvial por el Volga y se convirti\u00f3 para los sovi\u00e9ticos en todo un s\u00edmbolo de su resistencia al invasor. Stalin y Hitler enviaron m\u00e1s y m\u00e1s tropas al caldero de esa ciudad destruida configurando una de las batallas m\u00e1s brutales y sangrientas de la historia de la humanidad. La conquista de la ciudad no sirvi\u00f3 pr\u00e1cticamente de nada a los alemanes puesto que el 19 de noviembre dar\u00eda comienzo la \u201cOperaci\u00f3n Urano\u201d en la que el mariscal Zhukov embolsar\u00eda al 6\u00ba ej\u00e9rcito alem\u00e1n en las ruinas que acababa de conquistar. Sucesivas ofensivas sovi\u00e9ticas destruir\u00edan a los ej\u00e9rcitos italiano, rumano y h\u00fangaro en el frente del rio Don y har\u00eda evacuar a los alemanes sus conquistas en el C\u00e1ucaso poniendo en peligro la propia supervivencia del Grupo de Ej\u00e9rcitos Sur alem\u00e1n. S\u00f3lo la h\u00e1bil intervenci\u00f3n de Erich von Manstein permiti\u00f3 a los alemanes detener el avance sovi\u00e9tico y estabilizar el frente, salvando una situaci\u00f3n que ya de por s\u00ed era catastr\u00f3fica.<br \/>\nEl juego se desarrolla en una escala operacional \u2013 mapa zonal de escala 1:120000. Pensado para dos jugadores uno lleva las fuerzas del EJE y el otro las fuerzas SOVI\u00c9TICAS. El juego tiene una duraci\u00f3n aproximada de 3-4 horas y usa un doble sistema de fichas\/mapa y cartas en sus mec\u00e1nicas. Los jugadores deber\u00e1n usar sus fuerzas militares y sus recursos para obtener puntos de victoria a base de eliminar fuerzas enemigas y ocupar ciudades en el mapa. No es un juego de motor de cartas, sino que las cartas sirven para provocar eventos, influir en las batallas y conseguir refuerzos y recursos con los que luchar en el mapa.<br \/>\nAl comienzo del juego es verano y el jugador del EJE llevar\u00e1 la Iniciativa y atacar\u00e1 sin piedad ni descanso al SOVI\u00c9TICO. El jugador sovi\u00e9tico deber\u00e1 buscar la llegada del invierno \u2013es una carta que hay que jugar- para frenar el avance del EJE y derrotarlo con sus mismas armas.<br \/>\nComo todos los juegos de esta Serie, posee un reglamento muy sencillo y est\u00e1 pensado para que las partidas sean muy interactivas, creando una experiencia de juego agradable y s\u00f3lida para aquellos que no disponen del tiempo o el espacio para dejar puesto un juego de mayor duraci\u00f3n y envergadura.<br \/>\nEl jugador del EJE debe enfrentarse a la disyuntiva hist\u00f3rica \u00bfconcentrarse en tomar el C\u00e1ucaso, Stalingrado o intentar las dos a la vez? El jugador SOVI\u00c9TICO deber\u00e1 ser paciente y hacer que su enemigo se sobre extienda, acumular fuerzas para realizar una letal ofensiva de invierno.<\/p>\n<p>Componentes:<br \/>\n&#8211; 1 mapas de 80&#215;60 cm del sur de Rusia, Ucrania y el C\u00e1ucaso.<br \/>\n&#8211; 2 dados d10<br \/>\n&#8211; 176 fichas (1 plantilla)<br \/>\n&#8211; 1 libreto de Reglas de la Serie \u201cCampaign Commander\u201d y Reglas Exclusivas de \u201cRoads to Stalingrad\u201d y notas hist\u00f3ricas y del dise\u00f1ador.<br \/>\n&#8211; 70 cartas (divididas en dos mazos + cartas de ayuda y promocionales)<br \/>\n&#8211; 3 bolsas de pl\u00e1stico<\/p>\n<p>El juego est\u00e1 COMPLETAMENTE EN ESPA\u00d1OL, reglas y cartas incluidas!<\/p>\n<p>EDICI\u00d3N EN ESPA\u00d1OL S\u00d3LO DISPONIBLE EN TIENDAS ESPECIALIZADAS<\/p>\n","protected":false},"excerpt":{"rendered":"<p>Comandante de Campo Volumen I: Carreteras a Stalingrado.<\/p>\n","protected":false},"featured_media":217,"comment_status":"open","ping_status":"closed","template":"","meta":[],"product_brand":[],"product_cat":[15],"product_tag":[],"class_list":{"0":"post-216","1":"product","2":"type-product","3":"status-publish","4":"has-post-thumbnail","6":"product_cat-juegos","8":"first","9":"outofstock","10":"shipping-taxable","11":"purchasable","12":"product-type-simple"},"yoast_head":"<!-- This site is optimized with the Yoast SEO plugin v27.2 - https:\/\/yoast.com\/product\/yoast-seo-wordpress\/ -->\n<title>Serie Comandante de Campo. Vol. I. Carreteras a Stalingrado - bellica3g<\/title>\n<meta name=\"robots\" content=\"index, follow, max-snippet:-1, max-image-preview:large, max-video-preview:-1\" \/>\n<link rel=\"canonical\" href=\"https:\/\/bellica3g.com\/es\/producto\/carreteras-a-stalingrado\/\" \/>\n<meta property=\"og:locale\" content=\"es_ES\" \/>\n<meta property=\"og:type\" content=\"article\" \/>\n<meta property=\"og:title\" content=\"Serie Comandante de Campo. Vol. I. Carreteras a Stalingrado - bellica3g\" \/>\n<meta property=\"og:description\" content=\"Comandante de Campo Volumen I: Carreteras a Stalingrado.\" \/>\n<meta property=\"og:url\" content=\"https:\/\/bellica3g.com\/es\/producto\/carreteras-a-stalingrado\/\" \/>\n<meta property=\"og:site_name\" content=\"bellica3g\" \/>\n<meta property=\"article:modified_time\" content=\"2026-01-11T04:27:06+00:00\" \/>\n<meta property=\"og:image\" content=\"https:\/\/bellica3g.com\/wp-content\/uploads\/2023\/04\/Roads_to_Staling_4d2c860e8cd67.jpg\" \/>\n\t<meta property=\"og:image:width\" content=\"800\" \/>\n\t<meta property=\"og:image:height\" content=\"1043\" \/>\n\t<meta property=\"og:image:type\" content=\"image\/jpeg\" \/>\n<meta name=\"twitter:card\" content=\"summary_large_image\" \/>\n<meta name=\"twitter:label1\" content=\"Tiempo de lectura\" \/>\n\t<meta name=\"twitter:data1\" content=\"4 minutos\" \/>\n<script type=\"application\/ld+json\" class=\"yoast-schema-graph\">{\"@context\":\"https:\/\/schema.org\",\"@graph\":[{\"@type\":\"WebPage\",\"@id\":\"https:\/\/bellica3g.com\/es\/producto\/carreteras-a-stalingrado\/\",\"url\":\"https:\/\/bellica3g.com\/es\/producto\/carreteras-a-stalingrado\/\",\"name\":\"Serie Comandante de Campo. Vol. I. Carreteras a Stalingrado - bellica3g\",\"isPartOf\":{\"@id\":\"https:\/\/bellica3g.com\/es\/#website\"},\"primaryImageOfPage\":{\"@id\":\"https:\/\/bellica3g.com\/es\/producto\/carreteras-a-stalingrado\/#primaryimage\"},\"image\":{\"@id\":\"https:\/\/bellica3g.com\/es\/producto\/carreteras-a-stalingrado\/#primaryimage\"},\"thumbnailUrl\":\"https:\/\/bellica3g.com\/wp-content\/uploads\/2023\/04\/Roads_to_Staling_4d2c860e8cd67.jpg\",\"datePublished\":\"2023-04-20T08:20:20+00:00\",\"dateModified\":\"2026-01-11T04:27:06+00:00\",\"breadcrumb\":{\"@id\":\"https:\/\/bellica3g.com\/es\/producto\/carreteras-a-stalingrado\/#breadcrumb\"},\"inLanguage\":\"es\",\"potentialAction\":[{\"@type\":\"ReadAction\",\"target\":[\"https:\/\/bellica3g.com\/es\/producto\/carreteras-a-stalingrado\/\"]}]},{\"@type\":\"ImageObject\",\"inLanguage\":\"es\",\"@id\":\"https:\/\/bellica3g.com\/es\/producto\/carreteras-a-stalingrado\/#primaryimage\",\"url\":\"https:\/\/bellica3g.com\/wp-content\/uploads\/2023\/04\/Roads_to_Staling_4d2c860e8cd67.jpg\",\"contentUrl\":\"https:\/\/bellica3g.com\/wp-content\/uploads\/2023\/04\/Roads_to_Staling_4d2c860e8cd67.jpg\",\"width\":800,\"height\":1043},{\"@type\":\"BreadcrumbList\",\"@id\":\"https:\/\/bellica3g.com\/es\/producto\/carreteras-a-stalingrado\/#breadcrumb\",\"itemListElement\":[{\"@type\":\"ListItem\",\"position\":1,\"name\":\"Home\",\"item\":\"https:\/\/bellica3g.com\/es\/\"},{\"@type\":\"ListItem\",\"position\":2,\"name\":\"Tienda\",\"item\":\"https:\/\/bellica3g.com\/es\/tienda\/\"},{\"@type\":\"ListItem\",\"position\":3,\"name\":\"Serie Comandante de Campo. Vol. I. Carreteras a Stalingrado\"}]},{\"@type\":\"WebSite\",\"@id\":\"https:\/\/bellica3g.com\/es\/#website\",\"url\":\"https:\/\/bellica3g.com\/es\/\",\"name\":\"bellica3g\",\"description\":\"Juegos de estrategia y simulaci\u00f3n\",\"publisher\":{\"@id\":\"https:\/\/bellica3g.com\/es\/#organization\"},\"potentialAction\":[{\"@type\":\"SearchAction\",\"target\":{\"@type\":\"EntryPoint\",\"urlTemplate\":\"https:\/\/bellica3g.com\/es\/?s={search_term_string}\"},\"query-input\":{\"@type\":\"PropertyValueSpecification\",\"valueRequired\":true,\"valueName\":\"search_term_string\"}}],\"inLanguage\":\"es\"},{\"@type\":\"Organization\",\"@id\":\"https:\/\/bellica3g.com\/es\/#organization\",\"name\":\"bellica3g\",\"url\":\"https:\/\/bellica3g.com\/es\/\",\"logo\":{\"@type\":\"ImageObject\",\"inLanguage\":\"es\",\"@id\":\"https:\/\/bellica3g.com\/es\/#\/schema\/logo\/image\/\",\"url\":\"https:\/\/bellica3g.com\/wp-content\/uploads\/2023\/04\/logo-sm.svg\",\"contentUrl\":\"https:\/\/bellica3g.com\/wp-content\/uploads\/2023\/04\/logo-sm.svg\",\"width\":200,\"height\":30,\"caption\":\"bellica3g\"},\"image\":{\"@id\":\"https:\/\/bellica3g.com\/es\/#\/schema\/logo\/image\/\"}}]}<\/script>\n<!-- \/ Yoast SEO plugin. -->","yoast_head_json":{"title":"Serie Comandante de Campo. Vol. I. Carreteras a Stalingrado - bellica3g","robots":{"index":"index","follow":"follow","max-snippet":"max-snippet:-1","max-image-preview":"max-image-preview:large","max-video-preview":"max-video-preview:-1"},"canonical":"https:\/\/bellica3g.com\/es\/producto\/carreteras-a-stalingrado\/","og_locale":"es_ES","og_type":"article","og_title":"Serie Comandante de Campo. Vol. I. Carreteras a Stalingrado - bellica3g","og_description":"Comandante de Campo Volumen I: Carreteras a Stalingrado.","og_url":"https:\/\/bellica3g.com\/es\/producto\/carreteras-a-stalingrado\/","og_site_name":"bellica3g","article_modified_time":"2026-01-11T04:27:06+00:00","og_image":[{"width":800,"height":1043,"url":"https:\/\/bellica3g.com\/wp-content\/uploads\/2023\/04\/Roads_to_Staling_4d2c860e8cd67.jpg","type":"image\/jpeg"}],"twitter_card":"summary_large_image","twitter_misc":{"Tiempo de lectura":"4 minutos"},"schema":{"@context":"https:\/\/schema.org","@graph":[{"@type":"WebPage","@id":"https:\/\/bellica3g.com\/es\/producto\/carreteras-a-stalingrado\/","url":"https:\/\/bellica3g.com\/es\/producto\/carreteras-a-stalingrado\/","name":"Serie Comandante de Campo. Vol. I. Carreteras a Stalingrado - bellica3g","isPartOf":{"@id":"https:\/\/bellica3g.com\/es\/#website"},"primaryImageOfPage":{"@id":"https:\/\/bellica3g.com\/es\/producto\/carreteras-a-stalingrado\/#primaryimage"},"image":{"@id":"https:\/\/bellica3g.com\/es\/producto\/carreteras-a-stalingrado\/#primaryimage"},"thumbnailUrl":"https:\/\/bellica3g.com\/wp-content\/uploads\/2023\/04\/Roads_to_Staling_4d2c860e8cd67.jpg","datePublished":"2023-04-20T08:20:20+00:00","dateModified":"2026-01-11T04:27:06+00:00","breadcrumb":{"@id":"https:\/\/bellica3g.com\/es\/producto\/carreteras-a-stalingrado\/#breadcrumb"},"inLanguage":"es","potentialAction":[{"@type":"ReadAction","target":["https:\/\/bellica3g.com\/es\/producto\/carreteras-a-stalingrado\/"]}]},{"@type":"ImageObject","inLanguage":"es","@id":"https:\/\/bellica3g.com\/es\/producto\/carreteras-a-stalingrado\/#primaryimage","url":"https:\/\/bellica3g.com\/wp-content\/uploads\/2023\/04\/Roads_to_Staling_4d2c860e8cd67.jpg","contentUrl":"https:\/\/bellica3g.com\/wp-content\/uploads\/2023\/04\/Roads_to_Staling_4d2c860e8cd67.jpg","width":800,"height":1043},{"@type":"BreadcrumbList","@id":"https:\/\/bellica3g.com\/es\/producto\/carreteras-a-stalingrado\/#breadcrumb","itemListElement":[{"@type":"ListItem","position":1,"name":"Home","item":"https:\/\/bellica3g.com\/es\/"},{"@type":"ListItem","position":2,"name":"Tienda","item":"https:\/\/bellica3g.com\/es\/tienda\/"},{"@type":"ListItem","position":3,"name":"Serie Comandante de Campo. Vol. I. Carreteras a Stalingrado"}]},{"@type":"WebSite","@id":"https:\/\/bellica3g.com\/es\/#website","url":"https:\/\/bellica3g.com\/es\/","name":"bellica3g","description":"Juegos de estrategia y simulaci\u00f3n","publisher":{"@id":"https:\/\/bellica3g.com\/es\/#organization"},"potentialAction":[{"@type":"SearchAction","target":{"@type":"EntryPoint","urlTemplate":"https:\/\/bellica3g.com\/es\/?s={search_term_string}"},"query-input":{"@type":"PropertyValueSpecification","valueRequired":true,"valueName":"search_term_string"}}],"inLanguage":"es"},{"@type":"Organization","@id":"https:\/\/bellica3g.com\/es\/#organization","name":"bellica3g","url":"https:\/\/bellica3g.com\/es\/","logo":{"@type":"ImageObject","inLanguage":"es","@id":"https:\/\/bellica3g.com\/es\/#\/schema\/logo\/image\/","url":"https:\/\/bellica3g.com\/wp-content\/uploads\/2023\/04\/logo-sm.svg","contentUrl":"https:\/\/bellica3g.com\/wp-content\/uploads\/2023\/04\/logo-sm.svg","width":200,"height":30,"caption":"bellica3g"},"image":{"@id":"https:\/\/bellica3g.com\/es\/#\/schema\/logo\/image\/"}}]}},"_links":{"self":[{"href":"https:\/\/bellica3g.com\/es\/wp-json\/wp\/v2\/product\/216","targetHints":{"allow":["GET"]}}],"collection":[{"href":"https:\/\/bellica3g.com\/es\/wp-json\/wp\/v2\/product"}],"about":[{"href":"https:\/\/bellica3g.com\/es\/wp-json\/wp\/v2\/types\/product"}],"replies":[{"embeddable":true,"href":"https:\/\/bellica3g.com\/es\/wp-json\/wp\/v2\/comments?post=216"}],"wp:featuredmedia":[{"embeddable":true,"href":"https:\/\/bellica3g.com\/es\/wp-json\/wp\/v2\/media\/217"}],"wp:attachment":[{"href":"https:\/\/bellica3g.com\/es\/wp-json\/wp\/v2\/media?parent=216"}],"wp:term":[{"taxonomy":"product_brand","embeddable":true,"href":"https:\/\/bellica3g.com\/es\/wp-json\/wp\/v2\/product_brand?post=216"},{"taxonomy":"product_cat","embeddable":true,"href":"https:\/\/bellica3g.com\/es\/wp-json\/wp\/v2\/product_cat?post=216"},{"taxonomy":"product_tag","embeddable":true,"href":"https:\/\/bellica3g.com\/es\/wp-json\/wp\/v2\/product_tag?post=216"}],"curies":[{"name":"wp","href":"https:\/\/api.w.org\/{rel}","templated":true}]}}