{"id":218,"date":"2023-04-20T08:22:09","date_gmt":"2023-04-20T08:22:09","guid":{"rendered":"http:\/\/bellica3g.com\/?post_type=product&#038;p=218"},"modified":"2026-01-11T04:24:37","modified_gmt":"2026-01-11T04:24:37","slug":"santa-cruz-1797","status":"publish","type":"product","link":"https:\/\/bellica3g.com\/es\/producto\/santa-cruz-1797\/","title":{"rendered":"Santa Cruz 1797"},"content":{"rendered":"<p>Madrugada 25 de julio de 1797\u2026<\/p>\n<p>Una escuadra de Su Majestad Brit\u00e1nica al mando del Lord Almirante Horatio Nelson se dispuso a asaltar las fortificaciones de Santa Cruz de Tenerife.<\/p>\n<p>La lucha ser\u00eda desesperada y las primeras luces del d\u00eda encontrar\u00edan a las tropas brit\u00e1nicas dispersas y bajo el fuego espa\u00f1ol. Salvo \u00e9xitos parciales el ataque ser\u00eda un completo fracaso y finalmente los supervivientes del desembarco acabar\u00edan capitulando y reembarcando.<\/p>\n<p>En esta ocasi\u00f3n, adem\u00e1s, Nelson perdi\u00f3 el brazo derecho debido a un impacto de un ca\u00f1\u00f3n (\u201cEl Tigre\u201d) que a\u00fan se conserva en el Museo del Castillo de San Cristobal, en Tenerife.<\/p>\n<p>Santa Cruz 1797.<\/p>\n<p>Es un juego para dos jugadores en el que cada uno tiene un papel bien definido: el brit\u00e1nico debe asaltar la ciudad y ocupar sus puntos clave a la vez que derrota a las fuerzas militares espa\u00f1olas, el espa\u00f1ol debe esperar a ver d\u00f3nde desembarca su oponente y luego lanzarse a una defensa tenaz y agresiva para derrotarlo.<\/p>\n<p>El juego es de bloques y funciona con un motor de cartas que permite a los jugadores actuar en el turno del adversario y crea una situaci\u00f3n de tensi\u00f3n e incertidumbre sin igual hasta el final de la partida.<\/p>\n","protected":false},"excerpt":{"rendered":"<p>EL JUEGO EST\u00c1 EN REIMPRESI\u00d3N. AVISAREMOS CUANDO EST\u00c9 DISPONIBLE.<\/p>\n<p>Madrugada 25 de julio de 1797\u2026 Una escuadra de Su Majestad Brit\u00e1nica al mando del Lord Almirante Horatio Nelson se dispuso a asaltar las fortificaciones de Santa Cruz de Tenerife. La lucha ser\u00eda desesperada y las primeras luces del d\u00eda encontrar\u00edan a l<\/p>\n<p>En esta ocasi\u00f3n, adem\u00e1s, Nelson perdi\u00f3 el brazo derecho debido a un impacto de un ca\u00f1\u00f3n (\u201cEl Tigre\u201d) que a\u00fan se conserva en el Museo del Castillo de San Cristobal, en Tenerife.<\/p>\n<p>Santa Cruz 1797.<\/p>\n<p>Es un juego para dos jugadores en el que cada uno tiene un papel bien definido: el brit\u00e1nico debe asaltar la ciudad y ocupar sus puntos clave a la vez que derrota a las fuerzas militares espa\u00f1olas, el espa\u00f1ol debe esperar a ver d\u00f3nde desembarca su oponente y luego lanzarse a una defensa tenaz y agresiva para derrotarlo.<\/p>\n<p>El juego es de bloques y funciona con un motor de cartas que permite a los jugadores actuar en el turno del adversario y crea una situaci\u00f3n de tensi\u00f3n e incertidumbre sin igual hasta el final de la partida.<\/p>\n","protected":false},"featured_media":219,"comment_status":"open","ping_status":"closed","template":"","meta":[],"product_brand":[],"product_cat":[15],"product_tag":[],"class_list":{"0":"post-218","1":"product","2":"type-product","3":"status-publish","4":"has-post-thumbnail","6":"product_cat-juegos","8":"first","9":"outofstock","10":"sale","11":"shipping-taxable","12":"purchasable","13":"product-type-simple"},"yoast_head":"<!-- This site is optimized with the Yoast SEO plugin v27.2 - https:\/\/yoast.com\/product\/yoast-seo-wordpress\/ -->\n<title>Santa Cruz 1797 - bellica3g<\/title>\n<meta name=\"robots\" content=\"index, follow, max-snippet:-1, max-image-preview:large, max-video-preview:-1\" \/>\n<link rel=\"canonical\" href=\"https:\/\/bellica3g.com\/es\/producto\/santa-cruz-1797\/\" \/>\n<meta property=\"og:locale\" content=\"es_ES\" \/>\n<meta property=\"og:type\" content=\"article\" \/>\n<meta property=\"og:title\" content=\"Santa Cruz 1797 - bellica3g\" \/>\n<meta property=\"og:description\" content=\"EL JUEGO EST\u00c1 EN REIMPRESI\u00d3N. AVISAREMOS CUANDO EST\u00c9 DISPONIBLE.  Madrugada 25 de julio de 1797\u2026 Una escuadra de Su Majestad Brit\u00e1nica al mando del Lord Almirante Horatio Nelson se dispuso a asaltar las fortificaciones de Santa Cruz de Tenerife. La lucha ser\u00eda desesperada y las primeras luces del d\u00eda encontrar\u00edan a l  En esta ocasi\u00f3n, adem\u00e1s, Nelson perdi\u00f3 el brazo derecho debido a un impacto de un ca\u00f1\u00f3n (\u201cEl Tigre\u201d) que a\u00fan se conserva en el Museo del Castillo de San Cristobal, en Tenerife.  Santa Cruz 1797.  Es un juego para dos jugadores en el que cada uno tiene un papel bien definido: el brit\u00e1nico debe asaltar la ciudad y ocupar sus puntos clave a la vez que derrota a las fuerzas militares espa\u00f1olas, el espa\u00f1ol debe esperar a ver d\u00f3nde desembarca su oponente y luego lanzarse a una defensa tenaz y agresiva para derrotarlo.  El juego es de bloques y funciona con un motor de cartas que permite a los jugadores actuar en el turno del adversario y crea una situaci\u00f3n de tensi\u00f3n e incertidumbre sin igual hasta el final de la partida.\" \/>\n<meta property=\"og:url\" content=\"https:\/\/bellica3g.com\/es\/producto\/santa-cruz-1797\/\" \/>\n<meta property=\"og:site_name\" content=\"bellica3g\" \/>\n<meta property=\"article:modified_time\" content=\"2026-01-11T04:24:37+00:00\" \/>\n<meta property=\"og:image\" content=\"https:\/\/bellica3g.com\/wp-content\/uploads\/2023\/04\/Santa-Cruz-buena-web-RGB.jpg\" \/>\n\t<meta property=\"og:image:width\" content=\"500\" \/>\n\t<meta property=\"og:image:height\" content=\"406\" \/>\n\t<meta property=\"og:image:type\" content=\"image\/jpeg\" \/>\n<meta name=\"twitter:card\" content=\"summary_large_image\" \/>\n<meta name=\"twitter:label1\" content=\"Tiempo de lectura\" \/>\n\t<meta name=\"twitter:data1\" content=\"2 minutos\" \/>\n<script type=\"application\/ld+json\" class=\"yoast-schema-graph\">{\"@context\":\"https:\/\/schema.org\",\"@graph\":[{\"@type\":\"WebPage\",\"@id\":\"https:\/\/bellica3g.com\/es\/producto\/santa-cruz-1797\/\",\"url\":\"https:\/\/bellica3g.com\/es\/producto\/santa-cruz-1797\/\",\"name\":\"Santa Cruz 1797 - bellica3g\",\"isPartOf\":{\"@id\":\"https:\/\/bellica3g.com\/es\/#website\"},\"primaryImageOfPage\":{\"@id\":\"https:\/\/bellica3g.com\/es\/producto\/santa-cruz-1797\/#primaryimage\"},\"image\":{\"@id\":\"https:\/\/bellica3g.com\/es\/producto\/santa-cruz-1797\/#primaryimage\"},\"thumbnailUrl\":\"https:\/\/bellica3g.com\/wp-content\/uploads\/2023\/04\/Santa-Cruz-buena-web-RGB.jpg\",\"datePublished\":\"2023-04-20T08:22:09+00:00\",\"dateModified\":\"2026-01-11T04:24:37+00:00\",\"breadcrumb\":{\"@id\":\"https:\/\/bellica3g.com\/es\/producto\/santa-cruz-1797\/#breadcrumb\"},\"inLanguage\":\"es\",\"potentialAction\":[{\"@type\":\"ReadAction\",\"target\":[\"https:\/\/bellica3g.com\/es\/producto\/santa-cruz-1797\/\"]}]},{\"@type\":\"ImageObject\",\"inLanguage\":\"es\",\"@id\":\"https:\/\/bellica3g.com\/es\/producto\/santa-cruz-1797\/#primaryimage\",\"url\":\"https:\/\/bellica3g.com\/wp-content\/uploads\/2023\/04\/Santa-Cruz-buena-web-RGB.jpg\",\"contentUrl\":\"https:\/\/bellica3g.com\/wp-content\/uploads\/2023\/04\/Santa-Cruz-buena-web-RGB.jpg\",\"width\":500,\"height\":406},{\"@type\":\"BreadcrumbList\",\"@id\":\"https:\/\/bellica3g.com\/es\/producto\/santa-cruz-1797\/#breadcrumb\",\"itemListElement\":[{\"@type\":\"ListItem\",\"position\":1,\"name\":\"Home\",\"item\":\"https:\/\/bellica3g.com\/es\/\"},{\"@type\":\"ListItem\",\"position\":2,\"name\":\"Tienda\",\"item\":\"https:\/\/bellica3g.com\/es\/tienda\/\"},{\"@type\":\"ListItem\",\"position\":3,\"name\":\"Santa Cruz 1797\"}]},{\"@type\":\"WebSite\",\"@id\":\"https:\/\/bellica3g.com\/es\/#website\",\"url\":\"https:\/\/bellica3g.com\/es\/\",\"name\":\"bellica3g\",\"description\":\"Juegos de estrategia y simulaci\u00f3n\",\"publisher\":{\"@id\":\"https:\/\/bellica3g.com\/es\/#organization\"},\"potentialAction\":[{\"@type\":\"SearchAction\",\"target\":{\"@type\":\"EntryPoint\",\"urlTemplate\":\"https:\/\/bellica3g.com\/es\/?s={search_term_string}\"},\"query-input\":{\"@type\":\"PropertyValueSpecification\",\"valueRequired\":true,\"valueName\":\"search_term_string\"}}],\"inLanguage\":\"es\"},{\"@type\":\"Organization\",\"@id\":\"https:\/\/bellica3g.com\/es\/#organization\",\"name\":\"bellica3g\",\"url\":\"https:\/\/bellica3g.com\/es\/\",\"logo\":{\"@type\":\"ImageObject\",\"inLanguage\":\"es\",\"@id\":\"https:\/\/bellica3g.com\/es\/#\/schema\/logo\/image\/\",\"url\":\"https:\/\/bellica3g.com\/wp-content\/uploads\/2023\/04\/logo-sm.svg\",\"contentUrl\":\"https:\/\/bellica3g.com\/wp-content\/uploads\/2023\/04\/logo-sm.svg\",\"width\":200,\"height\":30,\"caption\":\"bellica3g\"},\"image\":{\"@id\":\"https:\/\/bellica3g.com\/es\/#\/schema\/logo\/image\/\"}}]}<\/script>\n<!-- \/ Yoast SEO plugin. -->","yoast_head_json":{"title":"Santa Cruz 1797 - bellica3g","robots":{"index":"index","follow":"follow","max-snippet":"max-snippet:-1","max-image-preview":"max-image-preview:large","max-video-preview":"max-video-preview:-1"},"canonical":"https:\/\/bellica3g.com\/es\/producto\/santa-cruz-1797\/","og_locale":"es_ES","og_type":"article","og_title":"Santa Cruz 1797 - bellica3g","og_description":"EL JUEGO EST\u00c1 EN REIMPRESI\u00d3N. AVISAREMOS CUANDO EST\u00c9 DISPONIBLE.  Madrugada 25 de julio de 1797\u2026 Una escuadra de Su Majestad Brit\u00e1nica al mando del Lord Almirante Horatio Nelson se dispuso a asaltar las fortificaciones de Santa Cruz de Tenerife. La lucha ser\u00eda desesperada y las primeras luces del d\u00eda encontrar\u00edan a l  En esta ocasi\u00f3n, adem\u00e1s, Nelson perdi\u00f3 el brazo derecho debido a un impacto de un ca\u00f1\u00f3n (\u201cEl Tigre\u201d) que a\u00fan se conserva en el Museo del Castillo de San Cristobal, en Tenerife.  Santa Cruz 1797.  Es un juego para dos jugadores en el que cada uno tiene un papel bien definido: el brit\u00e1nico debe asaltar la ciudad y ocupar sus puntos clave a la vez que derrota a las fuerzas militares espa\u00f1olas, el espa\u00f1ol debe esperar a ver d\u00f3nde desembarca su oponente y luego lanzarse a una defensa tenaz y agresiva para derrotarlo.  El juego es de bloques y funciona con un motor de cartas que permite a los jugadores actuar en el turno del adversario y crea una situaci\u00f3n de tensi\u00f3n e incertidumbre sin igual hasta el final de la partida.","og_url":"https:\/\/bellica3g.com\/es\/producto\/santa-cruz-1797\/","og_site_name":"bellica3g","article_modified_time":"2026-01-11T04:24:37+00:00","og_image":[{"width":500,"height":406,"url":"https:\/\/bellica3g.com\/wp-content\/uploads\/2023\/04\/Santa-Cruz-buena-web-RGB.jpg","type":"image\/jpeg"}],"twitter_card":"summary_large_image","twitter_misc":{"Tiempo de lectura":"2 minutos"},"schema":{"@context":"https:\/\/schema.org","@graph":[{"@type":"WebPage","@id":"https:\/\/bellica3g.com\/es\/producto\/santa-cruz-1797\/","url":"https:\/\/bellica3g.com\/es\/producto\/santa-cruz-1797\/","name":"Santa Cruz 1797 - bellica3g","isPartOf":{"@id":"https:\/\/bellica3g.com\/es\/#website"},"primaryImageOfPage":{"@id":"https:\/\/bellica3g.com\/es\/producto\/santa-cruz-1797\/#primaryimage"},"image":{"@id":"https:\/\/bellica3g.com\/es\/producto\/santa-cruz-1797\/#primaryimage"},"thumbnailUrl":"https:\/\/bellica3g.com\/wp-content\/uploads\/2023\/04\/Santa-Cruz-buena-web-RGB.jpg","datePublished":"2023-04-20T08:22:09+00:00","dateModified":"2026-01-11T04:24:37+00:00","breadcrumb":{"@id":"https:\/\/bellica3g.com\/es\/producto\/santa-cruz-1797\/#breadcrumb"},"inLanguage":"es","potentialAction":[{"@type":"ReadAction","target":["https:\/\/bellica3g.com\/es\/producto\/santa-cruz-1797\/"]}]},{"@type":"ImageObject","inLanguage":"es","@id":"https:\/\/bellica3g.com\/es\/producto\/santa-cruz-1797\/#primaryimage","url":"https:\/\/bellica3g.com\/wp-content\/uploads\/2023\/04\/Santa-Cruz-buena-web-RGB.jpg","contentUrl":"https:\/\/bellica3g.com\/wp-content\/uploads\/2023\/04\/Santa-Cruz-buena-web-RGB.jpg","width":500,"height":406},{"@type":"BreadcrumbList","@id":"https:\/\/bellica3g.com\/es\/producto\/santa-cruz-1797\/#breadcrumb","itemListElement":[{"@type":"ListItem","position":1,"name":"Home","item":"https:\/\/bellica3g.com\/es\/"},{"@type":"ListItem","position":2,"name":"Tienda","item":"https:\/\/bellica3g.com\/es\/tienda\/"},{"@type":"ListItem","position":3,"name":"Santa Cruz 1797"}]},{"@type":"WebSite","@id":"https:\/\/bellica3g.com\/es\/#website","url":"https:\/\/bellica3g.com\/es\/","name":"bellica3g","description":"Juegos de estrategia y simulaci\u00f3n","publisher":{"@id":"https:\/\/bellica3g.com\/es\/#organization"},"potentialAction":[{"@type":"SearchAction","target":{"@type":"EntryPoint","urlTemplate":"https:\/\/bellica3g.com\/es\/?s={search_term_string}"},"query-input":{"@type":"PropertyValueSpecification","valueRequired":true,"valueName":"search_term_string"}}],"inLanguage":"es"},{"@type":"Organization","@id":"https:\/\/bellica3g.com\/es\/#organization","name":"bellica3g","url":"https:\/\/bellica3g.com\/es\/","logo":{"@type":"ImageObject","inLanguage":"es","@id":"https:\/\/bellica3g.com\/es\/#\/schema\/logo\/image\/","url":"https:\/\/bellica3g.com\/wp-content\/uploads\/2023\/04\/logo-sm.svg","contentUrl":"https:\/\/bellica3g.com\/wp-content\/uploads\/2023\/04\/logo-sm.svg","width":200,"height":30,"caption":"bellica3g"},"image":{"@id":"https:\/\/bellica3g.com\/es\/#\/schema\/logo\/image\/"}}]}},"_links":{"self":[{"href":"https:\/\/bellica3g.com\/es\/wp-json\/wp\/v2\/product\/218","targetHints":{"allow":["GET"]}}],"collection":[{"href":"https:\/\/bellica3g.com\/es\/wp-json\/wp\/v2\/product"}],"about":[{"href":"https:\/\/bellica3g.com\/es\/wp-json\/wp\/v2\/types\/product"}],"replies":[{"embeddable":true,"href":"https:\/\/bellica3g.com\/es\/wp-json\/wp\/v2\/comments?post=218"}],"wp:featuredmedia":[{"embeddable":true,"href":"https:\/\/bellica3g.com\/es\/wp-json\/wp\/v2\/media\/219"}],"wp:attachment":[{"href":"https:\/\/bellica3g.com\/es\/wp-json\/wp\/v2\/media?parent=218"}],"wp:term":[{"taxonomy":"product_brand","embeddable":true,"href":"https:\/\/bellica3g.com\/es\/wp-json\/wp\/v2\/product_brand?post=218"},{"taxonomy":"product_cat","embeddable":true,"href":"https:\/\/bellica3g.com\/es\/wp-json\/wp\/v2\/product_cat?post=218"},{"taxonomy":"product_tag","embeddable":true,"href":"https:\/\/bellica3g.com\/es\/wp-json\/wp\/v2\/product_tag?post=218"}],"curies":[{"name":"wp","href":"https:\/\/api.w.org\/{rel}","templated":true}]}}