{"id":226,"date":"2023-04-20T08:26:12","date_gmt":"2023-04-20T08:26:12","guid":{"rendered":"http:\/\/bellica3g.com\/?post_type=product&#038;p=226"},"modified":"2026-01-11T04:16:32","modified_gmt":"2026-01-11T04:16:32","slug":"la-tumba-de-un-imperio","status":"publish","type":"product","link":"https:\/\/bellica3g.com\/es\/producto\/la-tumba-de-un-imperio\/","title":{"rendered":"La Era de los Mosquetes. Vol. I. La Tumba de un Imperio"},"content":{"rendered":"<p>\u00abTomb for an Empire\u00bb refleja la lucha que tuvo lugar en la Pen\u00ednsula Ib\u00e9rica desde 1808 hasta 1814. Fue una guerra muy compleja puesto que en ella se vieron envueltas tropas e intereses de naciones muy diversas: Gran Breta\u00f1a envi\u00f3 su ej\u00e9rcito a defender Portugal y continuar su lucha contra Francia \u2013en el contexto de las grandes Coaliciones Europeas contra ella; en la propia Espa\u00f1a la guerra tom\u00f3 un car\u00e1cter acusado de guerra civil puesto que enfrent\u00f3 a los partidarios de reformas en el r\u00e9gimen mon\u00e1rquico con los defensores del absolutismo y, todos ellos con el nombre de \u201cPatriotas\u201d se enfrentaron a la monarqu\u00eda t\u00edtere de Jos\u00e9 I Bonaparte y la ocupaci\u00f3n del suelo espa\u00f1ol por tropas francesas y de sus aliados \u2013italianos, napolitanos, polacos, alemanes, suizos, holandeses y los espa\u00f1oles \u201cJuramentados\u201d. Espa\u00f1oles, brit\u00e1nicos y portugueses forman un \u201cBando\u201d, el aliado. Francia y sus aliados y sat\u00e9lites forman el \u201cBando Imperial\u201d. Un jugador (o equipo) controlan cada bando. El juego permite jugar la guerra entera desde julio de 1808 hasta abril de 1814, empezar la campa\u00f1a completa en varias fechas posteriores -noviembre de 1808, mayo de 1809, enero de 1810, enero de 1811 o febrero de 1812-, jugar s\u00f3lo algunas partes o campa\u00f1as -la Guerra en Levante de 1809 a 1813, la campa\u00f1a de Napole\u00f3n- o s\u00f3lo alguna batalla suelta -Salamanca, Vitoria&#8230;<br \/>\nEl t\u00edtulo resalta la importancia que la lucha en Espa\u00f1a tuvo para el Imperio Napole\u00f3nico.<br \/>\nComponentes:<br \/>\n&#8211; 2 mapas de 70&#215;50 cm (forman un mapa de la Pen\u00ednsula Ib\u00e9rica de 70&#215;100 cm)<br \/>\n&#8211; 8 Solapas de terreno para las batallas campales<br \/>\n&#8211; 2 juegos de Hojas de Ayuda al Jugador (3 Hojas en cada juego)<br \/>\n&#8211; 3 Despliegues de Cuarteles Generales<br \/>\n&#8211; 2 dados d10<br \/>\n&#8211; 1 juego de Hojas de Ej\u00e9rcitos (con permiso para fotocopiarlas).<br \/>\n&#8211; 1264 fichas (6 plantillas)<br \/>\n&#8211; 1 libreto de Reglas de la Serie \u201cAge of Muskets\u201d<br \/>\n&#8211; 1 libreto de Reglas Exclusivas de \u201cTomb for an Empire\u201d, Escenarios y notas hist\u00f3ricas y del dise\u00f1ador.<\/p>\n<p>\u00abTomb for an Empire\u00bb no es \u00abun juego\u00bb. Tiene 6 escenarios introductorios de batalla -para aprender a manejar el subsistema de batalla- y 18 escenarios de campa\u00f1a, que est\u00e1n ordenados en progresiva complejidad y que van desde el 1\u00ba (Bail\u00e9n, con menos de un turno de duraci\u00f3n) hasta la campa\u00f1a entera a empezar desde cualquier a\u00f1o (escenarios 14 a 18). Cada turno da much\u00edsimo de s\u00ed y pueden pasar muchas cosas en cada uno de ellos. Es el primer volumen de la Serie \u201cLa Era de los Mosquetes\u201d.<\/p>\n<p>El juego est\u00e1 en ingl\u00e9s pero encontrar\u00e1s en esta p\u00e1gina (Descargas) los archivos en espa\u00f1ol necesarios para jugar \u2013Hojas de Ayuda, Reglas y Escenarios.<\/p>\n<p>Sin costes por gastos de env\u00edo en Espa\u00f1a<\/p>\n","protected":false},"excerpt":{"rendered":"<p>La Era de los Mosquetes Volumen 1: La Tumba de un Imperio<\/p>\n","protected":false},"featured_media":227,"comment_status":"open","ping_status":"closed","template":"","meta":[],"product_brand":[],"product_cat":[15],"product_tag":[],"class_list":{"0":"post-226","1":"product","2":"type-product","3":"status-publish","4":"has-post-thumbnail","6":"product_cat-juegos","8":"first","9":"instock","10":"shipping-taxable","11":"purchasable","12":"product-type-simple"},"yoast_head":"<!-- This site is optimized with the Yoast SEO plugin v27.2 - https:\/\/yoast.com\/product\/yoast-seo-wordpress\/ -->\n<title>La Era de los Mosquetes. Vol. I. La Tumba de un Imperio - bellica3g<\/title>\n<meta name=\"robots\" content=\"index, follow, max-snippet:-1, max-image-preview:large, max-video-preview:-1\" \/>\n<link rel=\"canonical\" href=\"https:\/\/bellica3g.com\/es\/producto\/la-tumba-de-un-imperio\/\" \/>\n<meta property=\"og:locale\" content=\"es_ES\" \/>\n<meta property=\"og:type\" content=\"article\" \/>\n<meta property=\"og:title\" content=\"La Era de los Mosquetes. Vol. I. La Tumba de un Imperio - bellica3g\" \/>\n<meta property=\"og:description\" content=\"La Era de los Mosquetes Volumen 1: La Tumba de un Imperio\" \/>\n<meta property=\"og:url\" content=\"https:\/\/bellica3g.com\/es\/producto\/la-tumba-de-un-imperio\/\" \/>\n<meta property=\"og:site_name\" content=\"bellica3g\" \/>\n<meta property=\"article:modified_time\" content=\"2026-01-11T04:16:32+00:00\" \/>\n<meta property=\"og:image\" content=\"https:\/\/bellica3g.com\/wp-content\/uploads\/2023\/04\/Tomb_for_an_Empi_4d2c891f860d0.jpg\" \/>\n\t<meta property=\"og:image:width\" content=\"750\" \/>\n\t<meta property=\"og:image:height\" content=\"572\" \/>\n\t<meta property=\"og:image:type\" content=\"image\/jpeg\" \/>\n<meta name=\"twitter:card\" content=\"summary_large_image\" \/>\n<meta name=\"twitter:label1\" content=\"Tiempo de lectura\" \/>\n\t<meta name=\"twitter:data1\" content=\"3 minutos\" \/>\n<script type=\"application\/ld+json\" class=\"yoast-schema-graph\">{\"@context\":\"https:\/\/schema.org\",\"@graph\":[{\"@type\":\"WebPage\",\"@id\":\"https:\/\/bellica3g.com\/es\/producto\/la-tumba-de-un-imperio\/\",\"url\":\"https:\/\/bellica3g.com\/es\/producto\/la-tumba-de-un-imperio\/\",\"name\":\"La Era de los Mosquetes. Vol. I. La Tumba de un Imperio - bellica3g\",\"isPartOf\":{\"@id\":\"https:\/\/bellica3g.com\/es\/#website\"},\"primaryImageOfPage\":{\"@id\":\"https:\/\/bellica3g.com\/es\/producto\/la-tumba-de-un-imperio\/#primaryimage\"},\"image\":{\"@id\":\"https:\/\/bellica3g.com\/es\/producto\/la-tumba-de-un-imperio\/#primaryimage\"},\"thumbnailUrl\":\"https:\/\/bellica3g.com\/wp-content\/uploads\/2023\/04\/Tomb_for_an_Empi_4d2c891f860d0.jpg\",\"datePublished\":\"2023-04-20T08:26:12+00:00\",\"dateModified\":\"2026-01-11T04:16:32+00:00\",\"breadcrumb\":{\"@id\":\"https:\/\/bellica3g.com\/es\/producto\/la-tumba-de-un-imperio\/#breadcrumb\"},\"inLanguage\":\"es\",\"potentialAction\":[{\"@type\":\"ReadAction\",\"target\":[\"https:\/\/bellica3g.com\/es\/producto\/la-tumba-de-un-imperio\/\"]}]},{\"@type\":\"ImageObject\",\"inLanguage\":\"es\",\"@id\":\"https:\/\/bellica3g.com\/es\/producto\/la-tumba-de-un-imperio\/#primaryimage\",\"url\":\"https:\/\/bellica3g.com\/wp-content\/uploads\/2023\/04\/Tomb_for_an_Empi_4d2c891f860d0.jpg\",\"contentUrl\":\"https:\/\/bellica3g.com\/wp-content\/uploads\/2023\/04\/Tomb_for_an_Empi_4d2c891f860d0.jpg\",\"width\":750,\"height\":572},{\"@type\":\"BreadcrumbList\",\"@id\":\"https:\/\/bellica3g.com\/es\/producto\/la-tumba-de-un-imperio\/#breadcrumb\",\"itemListElement\":[{\"@type\":\"ListItem\",\"position\":1,\"name\":\"Home\",\"item\":\"https:\/\/bellica3g.com\/es\/\"},{\"@type\":\"ListItem\",\"position\":2,\"name\":\"Tienda\",\"item\":\"https:\/\/bellica3g.com\/es\/tienda\/\"},{\"@type\":\"ListItem\",\"position\":3,\"name\":\"La Era de los Mosquetes. Vol. I. La Tumba de un Imperio\"}]},{\"@type\":\"WebSite\",\"@id\":\"https:\/\/bellica3g.com\/es\/#website\",\"url\":\"https:\/\/bellica3g.com\/es\/\",\"name\":\"bellica3g\",\"description\":\"Juegos de estrategia y simulaci\u00f3n\",\"publisher\":{\"@id\":\"https:\/\/bellica3g.com\/es\/#organization\"},\"potentialAction\":[{\"@type\":\"SearchAction\",\"target\":{\"@type\":\"EntryPoint\",\"urlTemplate\":\"https:\/\/bellica3g.com\/es\/?s={search_term_string}\"},\"query-input\":{\"@type\":\"PropertyValueSpecification\",\"valueRequired\":true,\"valueName\":\"search_term_string\"}}],\"inLanguage\":\"es\"},{\"@type\":\"Organization\",\"@id\":\"https:\/\/bellica3g.com\/es\/#organization\",\"name\":\"bellica3g\",\"url\":\"https:\/\/bellica3g.com\/es\/\",\"logo\":{\"@type\":\"ImageObject\",\"inLanguage\":\"es\",\"@id\":\"https:\/\/bellica3g.com\/es\/#\/schema\/logo\/image\/\",\"url\":\"https:\/\/bellica3g.com\/wp-content\/uploads\/2023\/04\/logo-sm.svg\",\"contentUrl\":\"https:\/\/bellica3g.com\/wp-content\/uploads\/2023\/04\/logo-sm.svg\",\"width\":200,\"height\":30,\"caption\":\"bellica3g\"},\"image\":{\"@id\":\"https:\/\/bellica3g.com\/es\/#\/schema\/logo\/image\/\"}}]}<\/script>\n<!-- \/ Yoast SEO plugin. -->","yoast_head_json":{"title":"La Era de los Mosquetes. Vol. I. La Tumba de un Imperio - bellica3g","robots":{"index":"index","follow":"follow","max-snippet":"max-snippet:-1","max-image-preview":"max-image-preview:large","max-video-preview":"max-video-preview:-1"},"canonical":"https:\/\/bellica3g.com\/es\/producto\/la-tumba-de-un-imperio\/","og_locale":"es_ES","og_type":"article","og_title":"La Era de los Mosquetes. Vol. I. La Tumba de un Imperio - bellica3g","og_description":"La Era de los Mosquetes Volumen 1: La Tumba de un Imperio","og_url":"https:\/\/bellica3g.com\/es\/producto\/la-tumba-de-un-imperio\/","og_site_name":"bellica3g","article_modified_time":"2026-01-11T04:16:32+00:00","og_image":[{"width":750,"height":572,"url":"https:\/\/bellica3g.com\/wp-content\/uploads\/2023\/04\/Tomb_for_an_Empi_4d2c891f860d0.jpg","type":"image\/jpeg"}],"twitter_card":"summary_large_image","twitter_misc":{"Tiempo de lectura":"3 minutos"},"schema":{"@context":"https:\/\/schema.org","@graph":[{"@type":"WebPage","@id":"https:\/\/bellica3g.com\/es\/producto\/la-tumba-de-un-imperio\/","url":"https:\/\/bellica3g.com\/es\/producto\/la-tumba-de-un-imperio\/","name":"La Era de los Mosquetes. Vol. I. La Tumba de un Imperio - bellica3g","isPartOf":{"@id":"https:\/\/bellica3g.com\/es\/#website"},"primaryImageOfPage":{"@id":"https:\/\/bellica3g.com\/es\/producto\/la-tumba-de-un-imperio\/#primaryimage"},"image":{"@id":"https:\/\/bellica3g.com\/es\/producto\/la-tumba-de-un-imperio\/#primaryimage"},"thumbnailUrl":"https:\/\/bellica3g.com\/wp-content\/uploads\/2023\/04\/Tomb_for_an_Empi_4d2c891f860d0.jpg","datePublished":"2023-04-20T08:26:12+00:00","dateModified":"2026-01-11T04:16:32+00:00","breadcrumb":{"@id":"https:\/\/bellica3g.com\/es\/producto\/la-tumba-de-un-imperio\/#breadcrumb"},"inLanguage":"es","potentialAction":[{"@type":"ReadAction","target":["https:\/\/bellica3g.com\/es\/producto\/la-tumba-de-un-imperio\/"]}]},{"@type":"ImageObject","inLanguage":"es","@id":"https:\/\/bellica3g.com\/es\/producto\/la-tumba-de-un-imperio\/#primaryimage","url":"https:\/\/bellica3g.com\/wp-content\/uploads\/2023\/04\/Tomb_for_an_Empi_4d2c891f860d0.jpg","contentUrl":"https:\/\/bellica3g.com\/wp-content\/uploads\/2023\/04\/Tomb_for_an_Empi_4d2c891f860d0.jpg","width":750,"height":572},{"@type":"BreadcrumbList","@id":"https:\/\/bellica3g.com\/es\/producto\/la-tumba-de-un-imperio\/#breadcrumb","itemListElement":[{"@type":"ListItem","position":1,"name":"Home","item":"https:\/\/bellica3g.com\/es\/"},{"@type":"ListItem","position":2,"name":"Tienda","item":"https:\/\/bellica3g.com\/es\/tienda\/"},{"@type":"ListItem","position":3,"name":"La Era de los Mosquetes. Vol. I. La Tumba de un Imperio"}]},{"@type":"WebSite","@id":"https:\/\/bellica3g.com\/es\/#website","url":"https:\/\/bellica3g.com\/es\/","name":"bellica3g","description":"Juegos de estrategia y simulaci\u00f3n","publisher":{"@id":"https:\/\/bellica3g.com\/es\/#organization"},"potentialAction":[{"@type":"SearchAction","target":{"@type":"EntryPoint","urlTemplate":"https:\/\/bellica3g.com\/es\/?s={search_term_string}"},"query-input":{"@type":"PropertyValueSpecification","valueRequired":true,"valueName":"search_term_string"}}],"inLanguage":"es"},{"@type":"Organization","@id":"https:\/\/bellica3g.com\/es\/#organization","name":"bellica3g","url":"https:\/\/bellica3g.com\/es\/","logo":{"@type":"ImageObject","inLanguage":"es","@id":"https:\/\/bellica3g.com\/es\/#\/schema\/logo\/image\/","url":"https:\/\/bellica3g.com\/wp-content\/uploads\/2023\/04\/logo-sm.svg","contentUrl":"https:\/\/bellica3g.com\/wp-content\/uploads\/2023\/04\/logo-sm.svg","width":200,"height":30,"caption":"bellica3g"},"image":{"@id":"https:\/\/bellica3g.com\/es\/#\/schema\/logo\/image\/"}}]}},"_links":{"self":[{"href":"https:\/\/bellica3g.com\/es\/wp-json\/wp\/v2\/product\/226","targetHints":{"allow":["GET"]}}],"collection":[{"href":"https:\/\/bellica3g.com\/es\/wp-json\/wp\/v2\/product"}],"about":[{"href":"https:\/\/bellica3g.com\/es\/wp-json\/wp\/v2\/types\/product"}],"replies":[{"embeddable":true,"href":"https:\/\/bellica3g.com\/es\/wp-json\/wp\/v2\/comments?post=226"}],"wp:featuredmedia":[{"embeddable":true,"href":"https:\/\/bellica3g.com\/es\/wp-json\/wp\/v2\/media\/227"}],"wp:attachment":[{"href":"https:\/\/bellica3g.com\/es\/wp-json\/wp\/v2\/media?parent=226"}],"wp:term":[{"taxonomy":"product_brand","embeddable":true,"href":"https:\/\/bellica3g.com\/es\/wp-json\/wp\/v2\/product_brand?post=226"},{"taxonomy":"product_cat","embeddable":true,"href":"https:\/\/bellica3g.com\/es\/wp-json\/wp\/v2\/product_cat?post=226"},{"taxonomy":"product_tag","embeddable":true,"href":"https:\/\/bellica3g.com\/es\/wp-json\/wp\/v2\/product_tag?post=226"}],"curies":[{"name":"wp","href":"https:\/\/api.w.org\/{rel}","templated":true}]}}