{"id":640,"date":"2025-04-25T15:25:34","date_gmt":"2025-04-25T15:25:34","guid":{"rendered":"https:\/\/bellica3g.com\/?post_type=product&#038;p=640"},"modified":"2026-01-11T04:11:42","modified_gmt":"2026-01-11T04:11:42","slug":"una-guerra-imposible","status":"publish","type":"product","link":"https:\/\/bellica3g.com\/es\/producto\/una-guerra-imposible\/","title":{"rendered":"Una Guerra Imposible"},"content":{"rendered":"<blockquote><p><strong>La Primera Guerra Carlista<\/strong> fue una guerra civil que asol\u00f3 Espa\u00f1a entre 1833 y 1840. A la muerte de Fernando VII, con la excusa del conflicto sucesorio entre su hija Isabel y su hermano Carlos, los partidarios del liberalismo se enfrentaron con los defensores de la tradici\u00f3n. En Navarra, Provincias Vascongadas y territorios lim\u00edtrofes \u2013el Norte- fue donde el carlismo logr\u00f3 una mayor implantaci\u00f3n y tuvieron lugar las principales campa\u00f1as, batallas y asedios.<\/p><\/blockquote>\n<p>Tomas de Zumalac\u00e1rregui organiz\u00f3 las fuerzas carlistas hasta crear un ej\u00e9rcito capaz de batirse con las tropas del gobierno liberal. A pesar de estar en inferioridad num\u00e9rica, aprovech\u00f3 sus ventajas y las debilidades del enemigo para derrotarlo y consolidar su dominio sobre un territorio donde la geograf\u00eda y el apoyo popular le favorec\u00edan.<\/p>\n<p>El objetivo carlista era conquistar una ciudad. Sitiaron varias de ellas, sin lograr capturar ninguna, y Zumalac\u00e1rregui muri\u00f3 asediando Bilbao en junio de 1835. Se enviaron expediciones para promover las sublevaciones en el resto de Espa\u00f1a, pero los liberales las persiguieron sin tregua. El propio Don Carlos se puso al frente de una expedici\u00f3n que lleg\u00f3 a las puertas de Madrid en septiembre de 1837, siendo incapaz de tomar la capital.<\/p>\n<p>A finales de 1836 Baldomero Espartero se convirti\u00f3 en general en jefe del ej\u00e9rcito liberal. Bajo su mando las tropas mejoraron su rendimiento y llevaron a cabo una campa\u00f1a implacable para someter al enemigo. El carlismo distaba de estar derrotado, pero sus opciones de ganar la guerra se hab\u00edan desvanecido, mientras crec\u00edan las disensiones internas.<\/p>\n<p>En agosto de 1839 los partidarios de la paz depusieron las armas con el Abrazo de Vergara, mientras Don Carlos y los que se negaban a rendirse cruzaban la frontera con Francia. En el Maestrazgo y Catalu\u00f1a, los carlistas no ser\u00edan derrotados hasta julio de 1840.<\/p>\n<p><strong>Una Guerra Imposible<\/strong> es un juego sobre los a\u00f1os decisivos de la Primera Guerra Carlista en el Norte. Infanter\u00eda y caballer\u00eda est\u00e1n representadas por bloques, que aportan niebla de guerra a las operaciones. Tambi\u00e9n hay fichas de artiller\u00eda (de campa\u00f1a y de monta\u00f1a) y unidades log\u00edsticas (trenes de suministro y mochilas).<\/p>\n<p>El mapa principal es un tablero de localizaciones y cubre la zona de operaciones del Norte: Navarra, Pa\u00eds Vasco y \u00e1reas lim\u00edtrofes de La Rioja, Burgos y Cantabria. Adem\u00e1s de las capitales, aparecen villas principales y otras poblaciones, as\u00ed como las v\u00edas de comunicaci\u00f3n principales y secundarias. Hay otro mapa m\u00e1s peque\u00f1o del resto de la Espa\u00f1a peninsular, en cuyas regiones se extiende la sublevaci\u00f3n carlista y act\u00faan las expediciones enviadas desde el Norte.<\/p>\n<p>Cada turno, los jugadores se disputan la iniciativa y realizan un n\u00famero variable de acciones. Tambi\u00e9n hay un mazo de cartas para cada bando que incluye eventos hist\u00f3ricos, operacionales y t\u00e1cticos. Las cartas a\u00f1aden trasfondo e imprevisibilidad al juego, contribuyendo a que cada partida sea diferente. NO es un juego de motor de cartas, sino asistido por cartas.<\/p>\n<p>Una Guerra Imposible simula el conflicto hist\u00f3rico, en el cual abundaron las escaramuzas, escasearon las grandes batallas y la guerra de asedio tuvo gran trascendencia. Es un juego asim\u00e9trico en el que cada bando cuenta con fortalezas y debilidades. Los jugadores intentar\u00e1n aprovechar unas y soslayar las otras para hacerse con la victoria.<\/p>\n<p>El jugador carlista debe aprovechar la superior movilidad y calidad de sus unidades para consolidar su territorio, desgastar al enemigo y amenazar las ciudades. El jugador liberal intenta contener y someter la insurrecci\u00f3n; dispone de m\u00e1s tropas, pero son peores y sufren un infierno log\u00edstico. Adem\u00e1s, en el resto de Espa\u00f1a debe sofocar las sublevaciones y perseguir las expediciones enviadas por los carlistas<\/p>\n<p><strong>Contenido del juego:<\/strong><\/p>\n<ul>\n<li>1 Mapa principal (o mapa del Norte)<\/li>\n<li>1 Mapa de regiones del resto de Espa\u00f1a<\/li>\n<li>1 Campo de batalla<\/li>\n<li>1 Libro de reglas<\/li>\n<li>1 Libro de juego<\/li>\n<li>2 Hojas de ayuda al jugador<\/li>\n<li>73 bloques de madera (48 azules y 25 rojos)<\/li>\n<li>1 hoja con pegatinas de 18 mm<\/li>\n<li>2 troqueles con fichas de 18 mm<\/li>\n<li>72 cartas (36 liberales y 36 carlistas)<\/li>\n<li>10 puntos de artiller\u00eda (fichas de madera)<\/li>\n<li>8 dados de 6 caras<\/li>\n<li>2 bolsas de tela<\/li>\n<\/ul>\n<p>EL JUEGO EST\u00c1 COMPLETAMENTE EN ESPA\u00d1OL<\/p>\n","protected":false},"excerpt":{"rendered":"<p>\u201cUna Guerra Imposible\u201d refleja el teatro principal de operaciones de la Primera Guerra Carlista de 1834 a 1838 e incluye el desarrollo de las operaciones en el resto del territorio espa\u00f1ol.<br \/>\nUn juego de bloques asistido por cartas de complejidad media y para dos jugadores que te permitir\u00e1 decidir el destino de Espa\u00f1a en una de las guerras m\u00e1s decisivas y menos conocidas de nuestro pa\u00eds.<\/p>\n<p>El juego est\u00e1 completamente en espa\u00f1ol.<\/p>\n","protected":false},"featured_media":638,"comment_status":"open","ping_status":"closed","template":"","meta":[],"product_brand":[],"product_cat":[15],"product_tag":[],"class_list":{"0":"post-640","1":"product","2":"type-product","3":"status-publish","4":"has-post-thumbnail","6":"product_cat-juegos","8":"first","9":"instock","10":"featured","11":"shipping-taxable","12":"purchasable","13":"product-type-simple"},"yoast_head":"<!-- This site is optimized with the Yoast SEO plugin v27.2 - https:\/\/yoast.com\/product\/yoast-seo-wordpress\/ -->\n<title>Una Guerra Imposible - bellica3g<\/title>\n<meta name=\"robots\" content=\"index, follow, max-snippet:-1, max-image-preview:large, max-video-preview:-1\" \/>\n<link rel=\"canonical\" href=\"https:\/\/bellica3g.com\/es\/producto\/una-guerra-imposible\/\" \/>\n<meta property=\"og:locale\" content=\"es_ES\" \/>\n<meta property=\"og:type\" content=\"article\" \/>\n<meta property=\"og:title\" content=\"Una Guerra Imposible - bellica3g\" \/>\n<meta property=\"og:description\" content=\"\u201cUna Guerra Imposible\u201d refleja el teatro principal de operaciones de la Primera Guerra Carlista de 1834 a 1838 e incluye el desarrollo de las operaciones en el resto del territorio espa\u00f1ol. Un juego de bloques asistido por cartas de complejidad media y para dos jugadores que te permitir\u00e1 decidir el destino de Espa\u00f1a en una de las guerras m\u00e1s decisivas y menos conocidas de nuestro pa\u00eds.  El juego est\u00e1 completamente en espa\u00f1ol.\" \/>\n<meta property=\"og:url\" content=\"https:\/\/bellica3g.com\/es\/producto\/una-guerra-imposible\/\" \/>\n<meta property=\"og:site_name\" content=\"bellica3g\" \/>\n<meta property=\"article:modified_time\" content=\"2026-01-11T04:11:42+00:00\" \/>\n<meta property=\"og:image\" content=\"https:\/\/bellica3g.com\/wp-content\/uploads\/2025\/04\/Caja-en-plano-chica.jpg\" \/>\n\t<meta property=\"og:image:width\" content=\"1000\" \/>\n\t<meta property=\"og:image:height\" content=\"1382\" \/>\n\t<meta property=\"og:image:type\" content=\"image\/jpeg\" \/>\n<meta name=\"twitter:card\" content=\"summary_large_image\" \/>\n<meta name=\"twitter:label1\" content=\"Tiempo de lectura\" \/>\n\t<meta name=\"twitter:data1\" content=\"4 minutos\" \/>\n<script type=\"application\/ld+json\" class=\"yoast-schema-graph\">{\"@context\":\"https:\/\/schema.org\",\"@graph\":[{\"@type\":\"WebPage\",\"@id\":\"https:\/\/bellica3g.com\/es\/producto\/una-guerra-imposible\/\",\"url\":\"https:\/\/bellica3g.com\/es\/producto\/una-guerra-imposible\/\",\"name\":\"Una Guerra Imposible - bellica3g\",\"isPartOf\":{\"@id\":\"https:\/\/bellica3g.com\/es\/#website\"},\"primaryImageOfPage\":{\"@id\":\"https:\/\/bellica3g.com\/es\/producto\/una-guerra-imposible\/#primaryimage\"},\"image\":{\"@id\":\"https:\/\/bellica3g.com\/es\/producto\/una-guerra-imposible\/#primaryimage\"},\"thumbnailUrl\":\"https:\/\/bellica3g.com\/wp-content\/uploads\/2025\/04\/Caja-en-plano-chica.jpg\",\"datePublished\":\"2025-04-25T15:25:34+00:00\",\"dateModified\":\"2026-01-11T04:11:42+00:00\",\"breadcrumb\":{\"@id\":\"https:\/\/bellica3g.com\/es\/producto\/una-guerra-imposible\/#breadcrumb\"},\"inLanguage\":\"es\",\"potentialAction\":[{\"@type\":\"ReadAction\",\"target\":[\"https:\/\/bellica3g.com\/es\/producto\/una-guerra-imposible\/\"]}]},{\"@type\":\"ImageObject\",\"inLanguage\":\"es\",\"@id\":\"https:\/\/bellica3g.com\/es\/producto\/una-guerra-imposible\/#primaryimage\",\"url\":\"https:\/\/bellica3g.com\/wp-content\/uploads\/2025\/04\/Caja-en-plano-chica.jpg\",\"contentUrl\":\"https:\/\/bellica3g.com\/wp-content\/uploads\/2025\/04\/Caja-en-plano-chica.jpg\",\"width\":1000,\"height\":1382},{\"@type\":\"BreadcrumbList\",\"@id\":\"https:\/\/bellica3g.com\/es\/producto\/una-guerra-imposible\/#breadcrumb\",\"itemListElement\":[{\"@type\":\"ListItem\",\"position\":1,\"name\":\"Home\",\"item\":\"https:\/\/bellica3g.com\/es\/\"},{\"@type\":\"ListItem\",\"position\":2,\"name\":\"Tienda\",\"item\":\"https:\/\/bellica3g.com\/es\/tienda\/\"},{\"@type\":\"ListItem\",\"position\":3,\"name\":\"Una Guerra Imposible\"}]},{\"@type\":\"WebSite\",\"@id\":\"https:\/\/bellica3g.com\/es\/#website\",\"url\":\"https:\/\/bellica3g.com\/es\/\",\"name\":\"bellica3g\",\"description\":\"Juegos de estrategia y simulaci\u00f3n\",\"publisher\":{\"@id\":\"https:\/\/bellica3g.com\/es\/#organization\"},\"potentialAction\":[{\"@type\":\"SearchAction\",\"target\":{\"@type\":\"EntryPoint\",\"urlTemplate\":\"https:\/\/bellica3g.com\/es\/?s={search_term_string}\"},\"query-input\":{\"@type\":\"PropertyValueSpecification\",\"valueRequired\":true,\"valueName\":\"search_term_string\"}}],\"inLanguage\":\"es\"},{\"@type\":\"Organization\",\"@id\":\"https:\/\/bellica3g.com\/es\/#organization\",\"name\":\"bellica3g\",\"url\":\"https:\/\/bellica3g.com\/es\/\",\"logo\":{\"@type\":\"ImageObject\",\"inLanguage\":\"es\",\"@id\":\"https:\/\/bellica3g.com\/es\/#\/schema\/logo\/image\/\",\"url\":\"https:\/\/bellica3g.com\/wp-content\/uploads\/2023\/04\/logo-sm.svg\",\"contentUrl\":\"https:\/\/bellica3g.com\/wp-content\/uploads\/2023\/04\/logo-sm.svg\",\"width\":200,\"height\":30,\"caption\":\"bellica3g\"},\"image\":{\"@id\":\"https:\/\/bellica3g.com\/es\/#\/schema\/logo\/image\/\"}}]}<\/script>\n<!-- \/ Yoast SEO plugin. -->","yoast_head_json":{"title":"Una Guerra Imposible - bellica3g","robots":{"index":"index","follow":"follow","max-snippet":"max-snippet:-1","max-image-preview":"max-image-preview:large","max-video-preview":"max-video-preview:-1"},"canonical":"https:\/\/bellica3g.com\/es\/producto\/una-guerra-imposible\/","og_locale":"es_ES","og_type":"article","og_title":"Una Guerra Imposible - bellica3g","og_description":"\u201cUna Guerra Imposible\u201d refleja el teatro principal de operaciones de la Primera Guerra Carlista de 1834 a 1838 e incluye el desarrollo de las operaciones en el resto del territorio espa\u00f1ol. Un juego de bloques asistido por cartas de complejidad media y para dos jugadores que te permitir\u00e1 decidir el destino de Espa\u00f1a en una de las guerras m\u00e1s decisivas y menos conocidas de nuestro pa\u00eds.  El juego est\u00e1 completamente en espa\u00f1ol.","og_url":"https:\/\/bellica3g.com\/es\/producto\/una-guerra-imposible\/","og_site_name":"bellica3g","article_modified_time":"2026-01-11T04:11:42+00:00","og_image":[{"width":1000,"height":1382,"url":"https:\/\/bellica3g.com\/wp-content\/uploads\/2025\/04\/Caja-en-plano-chica.jpg","type":"image\/jpeg"}],"twitter_card":"summary_large_image","twitter_misc":{"Tiempo de lectura":"4 minutos"},"schema":{"@context":"https:\/\/schema.org","@graph":[{"@type":"WebPage","@id":"https:\/\/bellica3g.com\/es\/producto\/una-guerra-imposible\/","url":"https:\/\/bellica3g.com\/es\/producto\/una-guerra-imposible\/","name":"Una Guerra Imposible - bellica3g","isPartOf":{"@id":"https:\/\/bellica3g.com\/es\/#website"},"primaryImageOfPage":{"@id":"https:\/\/bellica3g.com\/es\/producto\/una-guerra-imposible\/#primaryimage"},"image":{"@id":"https:\/\/bellica3g.com\/es\/producto\/una-guerra-imposible\/#primaryimage"},"thumbnailUrl":"https:\/\/bellica3g.com\/wp-content\/uploads\/2025\/04\/Caja-en-plano-chica.jpg","datePublished":"2025-04-25T15:25:34+00:00","dateModified":"2026-01-11T04:11:42+00:00","breadcrumb":{"@id":"https:\/\/bellica3g.com\/es\/producto\/una-guerra-imposible\/#breadcrumb"},"inLanguage":"es","potentialAction":[{"@type":"ReadAction","target":["https:\/\/bellica3g.com\/es\/producto\/una-guerra-imposible\/"]}]},{"@type":"ImageObject","inLanguage":"es","@id":"https:\/\/bellica3g.com\/es\/producto\/una-guerra-imposible\/#primaryimage","url":"https:\/\/bellica3g.com\/wp-content\/uploads\/2025\/04\/Caja-en-plano-chica.jpg","contentUrl":"https:\/\/bellica3g.com\/wp-content\/uploads\/2025\/04\/Caja-en-plano-chica.jpg","width":1000,"height":1382},{"@type":"BreadcrumbList","@id":"https:\/\/bellica3g.com\/es\/producto\/una-guerra-imposible\/#breadcrumb","itemListElement":[{"@type":"ListItem","position":1,"name":"Home","item":"https:\/\/bellica3g.com\/es\/"},{"@type":"ListItem","position":2,"name":"Tienda","item":"https:\/\/bellica3g.com\/es\/tienda\/"},{"@type":"ListItem","position":3,"name":"Una Guerra Imposible"}]},{"@type":"WebSite","@id":"https:\/\/bellica3g.com\/es\/#website","url":"https:\/\/bellica3g.com\/es\/","name":"bellica3g","description":"Juegos de estrategia y simulaci\u00f3n","publisher":{"@id":"https:\/\/bellica3g.com\/es\/#organization"},"potentialAction":[{"@type":"SearchAction","target":{"@type":"EntryPoint","urlTemplate":"https:\/\/bellica3g.com\/es\/?s={search_term_string}"},"query-input":{"@type":"PropertyValueSpecification","valueRequired":true,"valueName":"search_term_string"}}],"inLanguage":"es"},{"@type":"Organization","@id":"https:\/\/bellica3g.com\/es\/#organization","name":"bellica3g","url":"https:\/\/bellica3g.com\/es\/","logo":{"@type":"ImageObject","inLanguage":"es","@id":"https:\/\/bellica3g.com\/es\/#\/schema\/logo\/image\/","url":"https:\/\/bellica3g.com\/wp-content\/uploads\/2023\/04\/logo-sm.svg","contentUrl":"https:\/\/bellica3g.com\/wp-content\/uploads\/2023\/04\/logo-sm.svg","width":200,"height":30,"caption":"bellica3g"},"image":{"@id":"https:\/\/bellica3g.com\/es\/#\/schema\/logo\/image\/"}}]}},"_links":{"self":[{"href":"https:\/\/bellica3g.com\/es\/wp-json\/wp\/v2\/product\/640","targetHints":{"allow":["GET"]}}],"collection":[{"href":"https:\/\/bellica3g.com\/es\/wp-json\/wp\/v2\/product"}],"about":[{"href":"https:\/\/bellica3g.com\/es\/wp-json\/wp\/v2\/types\/product"}],"replies":[{"embeddable":true,"href":"https:\/\/bellica3g.com\/es\/wp-json\/wp\/v2\/comments?post=640"}],"wp:featuredmedia":[{"embeddable":true,"href":"https:\/\/bellica3g.com\/es\/wp-json\/wp\/v2\/media\/638"}],"wp:attachment":[{"href":"https:\/\/bellica3g.com\/es\/wp-json\/wp\/v2\/media?parent=640"}],"wp:term":[{"taxonomy":"product_brand","embeddable":true,"href":"https:\/\/bellica3g.com\/es\/wp-json\/wp\/v2\/product_brand?post=640"},{"taxonomy":"product_cat","embeddable":true,"href":"https:\/\/bellica3g.com\/es\/wp-json\/wp\/v2\/product_cat?post=640"},{"taxonomy":"product_tag","embeddable":true,"href":"https:\/\/bellica3g.com\/es\/wp-json\/wp\/v2\/product_tag?post=640"}],"curies":[{"name":"wp","href":"https:\/\/api.w.org\/{rel}","templated":true}]}}